{"id":3322,"date":"2025-10-14T08:21:23","date_gmt":"2025-10-14T08:21:23","guid":{"rendered":"https:\/\/espaifamilia.adrirodrigom2.es\/producte\/tub-de-plus-plus-2"},"modified":"2025-11-26T17:46:16","modified_gmt":"2025-11-26T17:46:16","slug":"tub-de-plus-plus-2","status":"publish","type":"product","link":"https:\/\/espaifamilia.adrirodrigom2.es\/es\/producto\/tub-de-plus-plus-2","title":{"rendered":"TUBO DE PLUS PLUS NEON"},"content":{"rendered":"","protected":false},"excerpt":{"rendered":"<p>Afavoreix la motricitat fina, la Estimula l\u2019expressi\u00f3 art\u00edstica, la imaginaci\u00f3 i la coordinaci\u00f3 amb motricitat fina i la creativitat amb pecesde construcci\u00f3 de colors b\u00e0sics. Peces de construcci\u00f3 de colors ne\u00f3.<\/p>","protected":false},"featured_media":3577,"comment_status":"open","ping_status":"closed","template":"","meta":{"_joinchat":[]},"product_brand":[],"product_cat":[182,167],"product_tag":[],"class_list":{"0":"post-3322","1":"product","2":"type-product","3":"status-publish","4":"has-post-thumbnail","6":"product_cat-5-anys","7":"product_cat-art-i-creativitat","9":"first","10":"instock","11":"shipping-taxable","12":"purchasable","13":"product-type-simple"},"_links":{"self":[{"href":"https:\/\/espaifamilia.adrirodrigom2.es\/es\/wp-json\/wp\/v2\/product\/3322","targetHints":{"allow":["GET"]}}],"collection":[{"href":"https:\/\/espaifamilia.adrirodrigom2.es\/es\/wp-json\/wp\/v2\/product"}],"about":[{"href":"https:\/\/espaifamilia.adrirodrigom2.es\/es\/wp-json\/wp\/v2\/types\/product"}],"replies":[{"embeddable":true,"href":"https:\/\/espaifamilia.adrirodrigom2.es\/es\/wp-json\/wp\/v2\/comments?post=3322"}],"version-history":[{"count":2,"href":"https:\/\/espaifamilia.adrirodrigom2.es\/es\/wp-json\/wp\/v2\/product\/3322\/revisions"}],"predecessor-version":[{"id":3579,"href":"https:\/\/espaifamilia.adrirodrigom2.es\/es\/wp-json\/wp\/v2\/product\/3322\/revisions\/3579"}],"wp:featuredmedia":[{"embeddable":true,"href":"https:\/\/espaifamilia.adrirodrigom2.es\/es\/wp-json\/wp\/v2\/media\/3577"}],"wp:attachment":[{"href":"https:\/\/espaifamilia.adrirodrigom2.es\/es\/wp-json\/wp\/v2\/media?parent=3322"}],"wp:term":[{"taxonomy":"product_brand","embeddable":true,"href":"https:\/\/espaifamilia.adrirodrigom2.es\/es\/wp-json\/wp\/v2\/product_brand?post=3322"},{"taxonomy":"product_cat","embeddable":true,"href":"https:\/\/espaifamilia.adrirodrigom2.es\/es\/wp-json\/wp\/v2\/product_cat?post=3322"},{"taxonomy":"product_tag","embeddable":true,"href":"https:\/\/espaifamilia.adrirodrigom2.es\/es\/wp-json\/wp\/v2\/product_tag?post=3322"}],"curies":[{"name":"wp","href":"https:\/\/api.w.org\/{rel}","templated":true}]}}