{"id":3294,"date":"2025-10-14T08:21:22","date_gmt":"2025-10-14T08:21:22","guid":{"rendered":"https:\/\/espaifamilia.adrirodrigom2.es\/producte\/katudi-home"},"modified":"2025-11-26T15:36:53","modified_gmt":"2025-11-26T15:36:53","slug":"katudi-home","status":"publish","type":"product","link":"https:\/\/espaifamilia.adrirodrigom2.es\/es\/producto\/katudi-home","title":{"rendered":"KATUDI HOME"},"content":{"rendered":"","protected":false},"excerpt":{"rendered":"<p>Joc d\u2019observaci\u00f3 i llenguatge. L\u2019objectiu \u00e9s recon\u00e8ixer els elements de la iamtge a trav\u00e9s de descripcions. Fomenta l\u2019escolta activa<\/p>","protected":false},"featured_media":3898,"comment_status":"open","ping_status":"closed","template":"","meta":{"_joinchat":[]},"product_brand":[],"product_cat":[182,172],"product_tag":[],"class_list":{"0":"post-3294","1":"product","2":"type-product","3":"status-publish","4":"has-post-thumbnail","6":"product_cat-5-anys","7":"product_cat-llenguatge-i-comunicacio","9":"first","10":"instock","11":"shipping-taxable","12":"purchasable","13":"product-type-simple"},"_links":{"self":[{"href":"https:\/\/espaifamilia.adrirodrigom2.es\/es\/wp-json\/wp\/v2\/product\/3294","targetHints":{"allow":["GET"]}}],"collection":[{"href":"https:\/\/espaifamilia.adrirodrigom2.es\/es\/wp-json\/wp\/v2\/product"}],"about":[{"href":"https:\/\/espaifamilia.adrirodrigom2.es\/es\/wp-json\/wp\/v2\/types\/product"}],"replies":[{"embeddable":true,"href":"https:\/\/espaifamilia.adrirodrigom2.es\/es\/wp-json\/wp\/v2\/comments?post=3294"}],"version-history":[{"count":1,"href":"https:\/\/espaifamilia.adrirodrigom2.es\/es\/wp-json\/wp\/v2\/product\/3294\/revisions"}],"predecessor-version":[{"id":3899,"href":"https:\/\/espaifamilia.adrirodrigom2.es\/es\/wp-json\/wp\/v2\/product\/3294\/revisions\/3899"}],"wp:featuredmedia":[{"embeddable":true,"href":"https:\/\/espaifamilia.adrirodrigom2.es\/es\/wp-json\/wp\/v2\/media\/3898"}],"wp:attachment":[{"href":"https:\/\/espaifamilia.adrirodrigom2.es\/es\/wp-json\/wp\/v2\/media?parent=3294"}],"wp:term":[{"taxonomy":"product_brand","embeddable":true,"href":"https:\/\/espaifamilia.adrirodrigom2.es\/es\/wp-json\/wp\/v2\/product_brand?post=3294"},{"taxonomy":"product_cat","embeddable":true,"href":"https:\/\/espaifamilia.adrirodrigom2.es\/es\/wp-json\/wp\/v2\/product_cat?post=3294"},{"taxonomy":"product_tag","embeddable":true,"href":"https:\/\/espaifamilia.adrirodrigom2.es\/es\/wp-json\/wp\/v2\/product_tag?post=3294"}],"curies":[{"name":"wp","href":"https:\/\/api.w.org\/{rel}","templated":true}]}}