{"id":3239,"date":"2025-10-14T08:21:19","date_gmt":"2025-10-14T08:21:19","guid":{"rendered":"https:\/\/espaifamilia.adrirodrigom2.es\/producte\/trafic-set-2"},"modified":"2025-11-21T15:38:09","modified_gmt":"2025-11-21T15:38:09","slug":"trafic-set-2","status":"publish","type":"product","link":"https:\/\/espaifamilia.adrirodrigom2.es\/es\/producto\/trafic-set-2","title":{"rendered":"CAMI\u00d3 DE BOMBERS"},"content":{"rendered":"","protected":false},"excerpt":{"rendered":"<p>Cami\u00f3 de bobers amb escala. Afavoreix al joc de rol i simb\u00f2lic.<\/p>","protected":false},"featured_media":4215,"comment_status":"open","ping_status":"closed","template":"","meta":{"_joinchat":[]},"product_brand":[],"product_cat":[171],"product_tag":[],"class_list":{"0":"post-3239","1":"product","2":"type-product","3":"status-publish","4":"has-post-thumbnail","6":"product_cat-joc-simbolic","8":"first","9":"instock","10":"shipping-taxable","11":"purchasable","12":"product-type-simple"},"_links":{"self":[{"href":"https:\/\/espaifamilia.adrirodrigom2.es\/es\/wp-json\/wp\/v2\/product\/3239","targetHints":{"allow":["GET"]}}],"collection":[{"href":"https:\/\/espaifamilia.adrirodrigom2.es\/es\/wp-json\/wp\/v2\/product"}],"about":[{"href":"https:\/\/espaifamilia.adrirodrigom2.es\/es\/wp-json\/wp\/v2\/types\/product"}],"replies":[{"embeddable":true,"href":"https:\/\/espaifamilia.adrirodrigom2.es\/es\/wp-json\/wp\/v2\/comments?post=3239"}],"version-history":[{"count":3,"href":"https:\/\/espaifamilia.adrirodrigom2.es\/es\/wp-json\/wp\/v2\/product\/3239\/revisions"}],"predecessor-version":[{"id":4217,"href":"https:\/\/espaifamilia.adrirodrigom2.es\/es\/wp-json\/wp\/v2\/product\/3239\/revisions\/4217"}],"wp:featuredmedia":[{"embeddable":true,"href":"https:\/\/espaifamilia.adrirodrigom2.es\/es\/wp-json\/wp\/v2\/media\/4215"}],"wp:attachment":[{"href":"https:\/\/espaifamilia.adrirodrigom2.es\/es\/wp-json\/wp\/v2\/media?parent=3239"}],"wp:term":[{"taxonomy":"product_brand","embeddable":true,"href":"https:\/\/espaifamilia.adrirodrigom2.es\/es\/wp-json\/wp\/v2\/product_brand?post=3239"},{"taxonomy":"product_cat","embeddable":true,"href":"https:\/\/espaifamilia.adrirodrigom2.es\/es\/wp-json\/wp\/v2\/product_cat?post=3239"},{"taxonomy":"product_tag","embeddable":true,"href":"https:\/\/espaifamilia.adrirodrigom2.es\/es\/wp-json\/wp\/v2\/product_tag?post=3239"}],"curies":[{"name":"wp","href":"https:\/\/api.w.org\/{rel}","templated":true}]}}