{"id":3143,"date":"2025-10-14T08:21:14","date_gmt":"2025-10-14T08:21:14","guid":{"rendered":"https:\/\/espaifamilia.adrirodrigom2.es\/producte\/spacio-2"},"modified":"2025-11-26T17:38:07","modified_gmt":"2025-11-26T17:38:07","slug":"spacio-2","status":"publish","type":"product","link":"https:\/\/espaifamilia.adrirodrigom2.es\/es\/producto\/spacio-2","title":{"rendered":"PROGRAMMINO"},"content":{"rendered":"","protected":false},"excerpt":{"rendered":"<p>Joc de seq\u00fc\u00e8ncies i classificaci\u00f3 de colors amb l\u2019objectiu de construir una eruga de colors.<\/p>","protected":false},"featured_media":4150,"comment_status":"open","ping_status":"closed","template":"","meta":{"_joinchat":[]},"product_brand":[],"product_cat":[181,174],"product_tag":[],"class_list":{"0":"post-3143","1":"product","2":"type-product","3":"status-publish","4":"has-post-thumbnail","6":"product_cat-4-anys","7":"product_cat-logico-matematica","9":"first","10":"instock","11":"shipping-taxable","12":"purchasable","13":"product-type-simple"},"_links":{"self":[{"href":"https:\/\/espaifamilia.adrirodrigom2.es\/es\/wp-json\/wp\/v2\/product\/3143","targetHints":{"allow":["GET"]}}],"collection":[{"href":"https:\/\/espaifamilia.adrirodrigom2.es\/es\/wp-json\/wp\/v2\/product"}],"about":[{"href":"https:\/\/espaifamilia.adrirodrigom2.es\/es\/wp-json\/wp\/v2\/types\/product"}],"replies":[{"embeddable":true,"href":"https:\/\/espaifamilia.adrirodrigom2.es\/es\/wp-json\/wp\/v2\/comments?post=3143"}],"version-history":[{"count":1,"href":"https:\/\/espaifamilia.adrirodrigom2.es\/es\/wp-json\/wp\/v2\/product\/3143\/revisions"}],"predecessor-version":[{"id":4151,"href":"https:\/\/espaifamilia.adrirodrigom2.es\/es\/wp-json\/wp\/v2\/product\/3143\/revisions\/4151"}],"wp:featuredmedia":[{"embeddable":true,"href":"https:\/\/espaifamilia.adrirodrigom2.es\/es\/wp-json\/wp\/v2\/media\/4150"}],"wp:attachment":[{"href":"https:\/\/espaifamilia.adrirodrigom2.es\/es\/wp-json\/wp\/v2\/media?parent=3143"}],"wp:term":[{"taxonomy":"product_brand","embeddable":true,"href":"https:\/\/espaifamilia.adrirodrigom2.es\/es\/wp-json\/wp\/v2\/product_brand?post=3143"},{"taxonomy":"product_cat","embeddable":true,"href":"https:\/\/espaifamilia.adrirodrigom2.es\/es\/wp-json\/wp\/v2\/product_cat?post=3143"},{"taxonomy":"product_tag","embeddable":true,"href":"https:\/\/espaifamilia.adrirodrigom2.es\/es\/wp-json\/wp\/v2\/product_tag?post=3143"}],"curies":[{"name":"wp","href":"https:\/\/api.w.org\/{rel}","templated":true}]}}