{"id":3078,"date":"2025-10-14T08:21:09","date_gmt":"2025-10-14T08:21:09","guid":{"rendered":"https:\/\/espaifamilia.adrirodrigom2.es\/producte\/tripolo"},"modified":"2025-11-26T17:46:03","modified_gmt":"2025-11-26T17:46:03","slug":"tripolo","status":"publish","type":"product","link":"https:\/\/espaifamilia.adrirodrigom2.es\/es\/producto\/tripolo","title":{"rendered":"TRIPOLO"},"content":{"rendered":"","protected":false},"excerpt":{"rendered":"<p>Joc per treballar l\u2019atenci\u00f3 i la l\u00f2gica buscant coincid\u00e8ncies entre cartes.<\/p>","protected":false},"featured_media":4169,"comment_status":"open","ping_status":"closed","template":"","meta":{"_joinchat":[]},"product_brand":[],"product_cat":[183,168],"product_tag":[],"class_list":{"0":"post-3078","1":"product","2":"type-product","3":"status-publish","4":"has-post-thumbnail","6":"product_cat-6-anys","7":"product_cat-atencio-i-concentracio","9":"first","10":"instock","11":"shipping-taxable","12":"purchasable","13":"product-type-simple"},"_links":{"self":[{"href":"https:\/\/espaifamilia.adrirodrigom2.es\/es\/wp-json\/wp\/v2\/product\/3078","targetHints":{"allow":["GET"]}}],"collection":[{"href":"https:\/\/espaifamilia.adrirodrigom2.es\/es\/wp-json\/wp\/v2\/product"}],"about":[{"href":"https:\/\/espaifamilia.adrirodrigom2.es\/es\/wp-json\/wp\/v2\/types\/product"}],"replies":[{"embeddable":true,"href":"https:\/\/espaifamilia.adrirodrigom2.es\/es\/wp-json\/wp\/v2\/comments?post=3078"}],"version-history":[{"count":1,"href":"https:\/\/espaifamilia.adrirodrigom2.es\/es\/wp-json\/wp\/v2\/product\/3078\/revisions"}],"predecessor-version":[{"id":4170,"href":"https:\/\/espaifamilia.adrirodrigom2.es\/es\/wp-json\/wp\/v2\/product\/3078\/revisions\/4170"}],"wp:featuredmedia":[{"embeddable":true,"href":"https:\/\/espaifamilia.adrirodrigom2.es\/es\/wp-json\/wp\/v2\/media\/4169"}],"wp:attachment":[{"href":"https:\/\/espaifamilia.adrirodrigom2.es\/es\/wp-json\/wp\/v2\/media?parent=3078"}],"wp:term":[{"taxonomy":"product_brand","embeddable":true,"href":"https:\/\/espaifamilia.adrirodrigom2.es\/es\/wp-json\/wp\/v2\/product_brand?post=3078"},{"taxonomy":"product_cat","embeddable":true,"href":"https:\/\/espaifamilia.adrirodrigom2.es\/es\/wp-json\/wp\/v2\/product_cat?post=3078"},{"taxonomy":"product_tag","embeddable":true,"href":"https:\/\/espaifamilia.adrirodrigom2.es\/es\/wp-json\/wp\/v2\/product_tag?post=3078"}],"curies":[{"name":"wp","href":"https:\/\/api.w.org\/{rel}","templated":true}]}}