{"id":3073,"date":"2025-10-14T08:21:09","date_gmt":"2025-10-14T08:21:09","guid":{"rendered":"https:\/\/espaifamilia.adrirodrigom2.es\/producte\/iq-fit"},"modified":"2025-11-26T15:33:35","modified_gmt":"2025-11-26T15:33:35","slug":"iq-fit","status":"publish","type":"product","link":"https:\/\/espaifamilia.adrirodrigom2.es\/es\/producto\/iq-fit","title":{"rendered":"IQ FIT"},"content":{"rendered":"","protected":false},"excerpt":{"rendered":"<p>Trencaclosques amb peces 3D que s\u2019han de col\u00b7locar en un tauler 2D amb reptes de diferents dificultats. Estimula la l\u00f2gica, la planificaci\u00f3 i la percepci\u00f3 espacial.<\/p>","protected":false},"featured_media":3856,"comment_status":"open","ping_status":"closed","template":"","meta":{"_joinchat":[]},"product_brand":[],"product_cat":[183,168],"product_tag":[],"class_list":{"0":"post-3073","1":"product","2":"type-product","3":"status-publish","4":"has-post-thumbnail","6":"product_cat-6-anys","7":"product_cat-atencio-i-concentracio","9":"first","10":"instock","11":"shipping-taxable","12":"purchasable","13":"product-type-simple"},"_links":{"self":[{"href":"https:\/\/espaifamilia.adrirodrigom2.es\/es\/wp-json\/wp\/v2\/product\/3073","targetHints":{"allow":["GET"]}}],"collection":[{"href":"https:\/\/espaifamilia.adrirodrigom2.es\/es\/wp-json\/wp\/v2\/product"}],"about":[{"href":"https:\/\/espaifamilia.adrirodrigom2.es\/es\/wp-json\/wp\/v2\/types\/product"}],"replies":[{"embeddable":true,"href":"https:\/\/espaifamilia.adrirodrigom2.es\/es\/wp-json\/wp\/v2\/comments?post=3073"}],"version-history":[{"count":1,"href":"https:\/\/espaifamilia.adrirodrigom2.es\/es\/wp-json\/wp\/v2\/product\/3073\/revisions"}],"predecessor-version":[{"id":3857,"href":"https:\/\/espaifamilia.adrirodrigom2.es\/es\/wp-json\/wp\/v2\/product\/3073\/revisions\/3857"}],"wp:featuredmedia":[{"embeddable":true,"href":"https:\/\/espaifamilia.adrirodrigom2.es\/es\/wp-json\/wp\/v2\/media\/3856"}],"wp:attachment":[{"href":"https:\/\/espaifamilia.adrirodrigom2.es\/es\/wp-json\/wp\/v2\/media?parent=3073"}],"wp:term":[{"taxonomy":"product_brand","embeddable":true,"href":"https:\/\/espaifamilia.adrirodrigom2.es\/es\/wp-json\/wp\/v2\/product_brand?post=3073"},{"taxonomy":"product_cat","embeddable":true,"href":"https:\/\/espaifamilia.adrirodrigom2.es\/es\/wp-json\/wp\/v2\/product_cat?post=3073"},{"taxonomy":"product_tag","embeddable":true,"href":"https:\/\/espaifamilia.adrirodrigom2.es\/es\/wp-json\/wp\/v2\/product_tag?post=3073"}],"curies":[{"name":"wp","href":"https:\/\/api.w.org\/{rel}","templated":true}]}}