{"id":5297,"date":"2026-03-05T08:27:58","date_gmt":"2026-03-05T07:27:58","guid":{"rendered":"https:\/\/espaifamilia.adrirodrigom2.es\/?page_id=5297"},"modified":"2026-03-05T08:28:54","modified_gmt":"2026-03-05T07:28:54","slug":"psiquiatria-dadults","status":"publish","type":"page","link":"https:\/\/espaifamilia.adrirodrigom2.es\/es\/que-oferim\/psiquiatria-infantil-juvenil-i-dadults\/psiquiatria-dadults","title":{"rendered":"Psiquiatr\u00eda de adultos"},"content":{"rendered":"<div data-elementor-type=\"wp-page\" data-elementor-id=\"5297\" class=\"elementor elementor-5297\" data-elementor-post-type=\"page\">\n\t\t\t\t\t\t<section class=\"elementor-section elementor-top-section elementor-element elementor-element-d746722 elementor-section-height-min-height elementor-section-boxed elementor-section-height-default elementor-section-items-middle\" data-id=\"d746722\" data-element_type=\"section\" data-e-type=\"section\" data-settings=\"{&quot;background_background&quot;:&quot;classic&quot;}\">\n\t\t\t\t\t\t\t<div class=\"elementor-background-overlay\"><\/div>\n\t\t\t\t\t\t\t<div class=\"elementor-container elementor-column-gap-default\">\n\t\t\t\t\t<div class=\"elementor-column elementor-col-100 elementor-top-column elementor-element elementor-element-d60240b\" data-id=\"d60240b\" data-element_type=\"column\" data-e-type=\"column\">\n\t\t\t<div class=\"elementor-widget-wrap elementor-element-populated\">\n\t\t\t\t\t\t\t<\/div>\n\t\t<\/div>\n\t\t\t\t\t<\/div>\n\t\t<\/section>\n\t\t<div class=\"elementor-element elementor-element-3ddb13b e-flex e-con-boxed e-con e-parent\" data-id=\"3ddb13b\" data-element_type=\"container\" data-e-type=\"container\">\n\t\t\t\t\t<div class=\"e-con-inner\">\n\t\t<div class=\"elementor-element elementor-element-f24c781 e-con-full e-flex e-con e-child\" data-id=\"f24c781\" data-element_type=\"container\" data-e-type=\"container\">\n\t\t\t\t<div class=\"elementor-element elementor-element-b31d3bf elementor-widget elementor-widget-image\" data-id=\"b31d3bf\" data-element_type=\"widget\" data-e-type=\"widget\" data-widget_type=\"image.default\">\n\t\t\t\t\t\t\t\t\t\t\t\t\t\t\t<img fetchpriority=\"high\" decoding=\"async\" width=\"1709\" height=\"2560\" src=\"https:\/\/espaifamilia.adrirodrigom2.es\/wp-content\/uploads\/2026\/03\/selective-focus-of-upset-middle-aged-man-looking-a-2026-01-06-00-37-51-utc-scaled.jpg\" class=\"attachment-full size-full wp-image-5278\" alt=\"\" srcset=\"https:\/\/espaifamilia.adrirodrigom2.es\/wp-content\/uploads\/2026\/03\/selective-focus-of-upset-middle-aged-man-looking-a-2026-01-06-00-37-51-utc-scaled.jpg 1709w, https:\/\/espaifamilia.adrirodrigom2.es\/wp-content\/uploads\/2026\/03\/selective-focus-of-upset-middle-aged-man-looking-a-2026-01-06-00-37-51-utc-scaled-600x899.jpg 600w, https:\/\/espaifamilia.adrirodrigom2.es\/wp-content\/uploads\/2026\/03\/selective-focus-of-upset-middle-aged-man-looking-a-2026-01-06-00-37-51-utc-200x300.jpg 200w, https:\/\/espaifamilia.adrirodrigom2.es\/wp-content\/uploads\/2026\/03\/selective-focus-of-upset-middle-aged-man-looking-a-2026-01-06-00-37-51-utc-683x1024.jpg 683w, https:\/\/espaifamilia.adrirodrigom2.es\/wp-content\/uploads\/2026\/03\/selective-focus-of-upset-middle-aged-man-looking-a-2026-01-06-00-37-51-utc-768x1151.jpg 768w, https:\/\/espaifamilia.adrirodrigom2.es\/wp-content\/uploads\/2026\/03\/selective-focus-of-upset-middle-aged-man-looking-a-2026-01-06-00-37-51-utc-1025x1536.jpg 1025w, https:\/\/espaifamilia.adrirodrigom2.es\/wp-content\/uploads\/2026\/03\/selective-focus-of-upset-middle-aged-man-looking-a-2026-01-06-00-37-51-utc-1367x2048.jpg 1367w, https:\/\/espaifamilia.adrirodrigom2.es\/wp-content\/uploads\/2026\/03\/selective-focus-of-upset-middle-aged-man-looking-a-2026-01-06-00-37-51-utc-8x12.jpg 8w\" sizes=\"(max-width: 1709px) 100vw, 1709px\" \/>\t\t\t\t\t\t\t\t\t\t\t\t\t\t\t<\/div>\n\t\t\t\t<\/div>\n\t\t<div class=\"elementor-element elementor-element-eddebfb e-con-full e-flex e-con e-child\" data-id=\"eddebfb\" data-element_type=\"container\" data-e-type=\"container\">\n\t\t\t\t<div class=\"elementor-element elementor-element-8d4bb0e elementor-widget elementor-widget-text-editor\" data-id=\"8d4bb0e\" data-element_type=\"widget\" data-e-type=\"widget\" data-widget_type=\"text-editor.default\">\n\t\t\t\t\t\t\t\t\t<p>En la etapa adulta, el servicio va dirigido a personas que atraviesan momentos de sufrimiento emocional o que conviven con dificultades que interfieren en su bienestar personal, familiar o profesional.<br \/>Se atienden, entre otros:<\/p><p>* Ansiedad y ataques de p\u00e1nico<br \/>* Depresi\u00f3n<br \/>* Trastornos adaptativos<br \/>* Insomnio<br \/>* Procesos de duelo<br \/>* Bloqueo o desorientaci\u00f3n vital<br \/>* Trauma<br \/>* Trastornos psiqui\u00e1tricos<\/p><p>Cada proceso comienza con una valoraci\u00f3n exhaustiva que permite establecer un diagn\u00f3stico esmerado y definir el tratamiento m\u00e1s adecuado. Cuando es necesario, se pauta tratamiento farmacol\u00f3gico con un seguimiento cercano y ajustado a la evoluci\u00f3n de la persona.<\/p><p>En los casos en los que la persona tambi\u00e9n realiza terapia psicol\u00f3gica, se mantiene una coordinaci\u00f3n activa con el\/la profesional referente para unificar criterios, objetivos y l\u00edneas de intervenci\u00f3n.<\/p>\t\t\t\t\t\t\t\t<\/div>\n\t\t<div class=\"elementor-element elementor-element-58fc92a e-con-full e-flex e-con e-child\" data-id=\"58fc92a\" data-element_type=\"container\" data-e-type=\"container\">\n\t\t\t\t<div class=\"elementor-element elementor-element-fdde978 elementor-widget elementor-widget-button\" data-id=\"fdde978\" data-element_type=\"widget\" data-e-type=\"widget\" data-widget_type=\"button.default\">\n\t\t\t\t\t\t\t\t\t\t<a class=\"elementor-button elementor-button-link elementor-size-sm\" href=\"https:\/\/espaifamilia.adrirodrigom2.es\/es\/contacta\/\">\n\t\t\t\t\t\t<span class=\"elementor-button-content-wrapper\">\n\t\t\t\t\t\t\t\t\t<span class=\"elementor-button-text\">Solicita informaci\u00f3n<\/span>\n\t\t\t\t\t<\/span>\n\t\t\t\t\t<\/a>\n\t\t\t\t\t\t\t\t<\/div>\n\t\t\t\t<div class=\"elementor-element elementor-element-ec7f7af elementor-widget elementor-widget-button\" data-id=\"ec7f7af\" data-element_type=\"widget\" data-e-type=\"widget\" data-widget_type=\"button.default\">\n\t\t\t\t\t\t\t\t\t\t<a class=\"elementor-button elementor-button-link elementor-size-sm\" href=\"https:\/\/espaifamilia.adrirodrigom2.es\/es\/que-oferim\/psiquiatria-infantil-juvenil-i-dadults\/\">\n\t\t\t\t\t\t<span class=\"elementor-button-content-wrapper\">\n\t\t\t\t\t\t\t\t\t<span class=\"elementor-button-text\">Volver atr\u00e1s<\/span>\n\t\t\t\t\t<\/span>\n\t\t\t\t\t<\/a>\n\t\t\t\t\t\t\t\t<\/div>\n\t\t\t\t<\/div>\n\t\t\t\t<\/div>\n\t\t\t\t\t<\/div>\n\t\t\t\t<\/div>\n\t\t\t\t<\/div>","protected":false},"excerpt":{"rendered":"<p>En l\u2019etapa adulta, el servei s\u2019adre\u00e7a a persones que travessen moments de patiment emocional o que conviuen amb dificultats que interfereixen en el seu benestar personal, familiar o professional.S\u2019atenen, entre d\u2019altres: * Ansietat i atacs de p\u00e0nic* Depressi\u00f3* Trastorns adaptatius* Insomni* Processos de dol* Bloqueig o desorientaci\u00f3 vital* Trauma* Ttrastorns psiqui\u00e0trics Cada proc\u00e9s comen\u00e7a amb [&hellip;]<\/p>\n","protected":false},"author":3,"featured_media":0,"parent":5270,"menu_order":0,"comment_status":"closed","ping_status":"closed","template":"","meta":{"_joinchat":[],"footnotes":""},"class_list":["post-5297","page","type-page","status-publish","hentry"],"_links":{"self":[{"href":"https:\/\/espaifamilia.adrirodrigom2.es\/es\/wp-json\/wp\/v2\/pages\/5297","targetHints":{"allow":["GET"]}}],"collection":[{"href":"https:\/\/espaifamilia.adrirodrigom2.es\/es\/wp-json\/wp\/v2\/pages"}],"about":[{"href":"https:\/\/espaifamilia.adrirodrigom2.es\/es\/wp-json\/wp\/v2\/types\/page"}],"author":[{"embeddable":true,"href":"https:\/\/espaifamilia.adrirodrigom2.es\/es\/wp-json\/wp\/v2\/users\/3"}],"replies":[{"embeddable":true,"href":"https:\/\/espaifamilia.adrirodrigom2.es\/es\/wp-json\/wp\/v2\/comments?post=5297"}],"version-history":[{"count":4,"href":"https:\/\/espaifamilia.adrirodrigom2.es\/es\/wp-json\/wp\/v2\/pages\/5297\/revisions"}],"predecessor-version":[{"id":5301,"href":"https:\/\/espaifamilia.adrirodrigom2.es\/es\/wp-json\/wp\/v2\/pages\/5297\/revisions\/5301"}],"up":[{"embeddable":true,"href":"https:\/\/espaifamilia.adrirodrigom2.es\/es\/wp-json\/wp\/v2\/pages\/5270"}],"wp:attachment":[{"href":"https:\/\/espaifamilia.adrirodrigom2.es\/es\/wp-json\/wp\/v2\/media?parent=5297"}],"curies":[{"name":"wp","href":"https:\/\/api.w.org\/{rel}","templated":true}]}}