{"id":5283,"date":"2026-03-05T08:23:26","date_gmt":"2026-03-05T07:23:26","guid":{"rendered":"https:\/\/espaifamilia.adrirodrigom2.es\/?page_id=5283"},"modified":"2026-03-05T08:25:55","modified_gmt":"2026-03-05T07:25:55","slug":"psiquiatria-infantil-i-juvenil","status":"publish","type":"page","link":"https:\/\/espaifamilia.adrirodrigom2.es\/es\/que-oferim\/psiquiatria-infantil-juvenil-i-dadults\/psiquiatria-infantil-i-juvenil","title":{"rendered":"Psiquiatr\u00eda infantil y juvenil"},"content":{"rendered":"<div data-elementor-type=\"wp-page\" data-elementor-id=\"5283\" class=\"elementor elementor-5283\" data-elementor-post-type=\"page\">\n\t\t\t\t\t\t<section class=\"elementor-section elementor-top-section elementor-element elementor-element-d746722 elementor-section-height-min-height elementor-section-boxed elementor-section-height-default elementor-section-items-middle\" data-id=\"d746722\" data-element_type=\"section\" data-e-type=\"section\" data-settings=\"{&quot;background_background&quot;:&quot;classic&quot;}\">\n\t\t\t\t\t\t\t<div class=\"elementor-background-overlay\"><\/div>\n\t\t\t\t\t\t\t<div class=\"elementor-container elementor-column-gap-default\">\n\t\t\t\t\t<div class=\"elementor-column elementor-col-100 elementor-top-column elementor-element elementor-element-d60240b\" data-id=\"d60240b\" data-element_type=\"column\" data-e-type=\"column\">\n\t\t\t<div class=\"elementor-widget-wrap elementor-element-populated\">\n\t\t\t\t\t\t\t<\/div>\n\t\t<\/div>\n\t\t\t\t\t<\/div>\n\t\t<\/section>\n\t\t<div class=\"elementor-element elementor-element-3ddb13b e-flex e-con-boxed e-con e-parent\" data-id=\"3ddb13b\" data-element_type=\"container\" data-e-type=\"container\">\n\t\t\t\t\t<div class=\"e-con-inner\">\n\t\t<div class=\"elementor-element elementor-element-f24c781 e-con-full e-flex e-con e-child\" data-id=\"f24c781\" data-element_type=\"container\" data-e-type=\"container\">\n\t\t\t\t<div class=\"elementor-element elementor-element-b31d3bf elementor-widget elementor-widget-image\" data-id=\"b31d3bf\" data-element_type=\"widget\" data-e-type=\"widget\" data-widget_type=\"image.default\">\n\t\t\t\t\t\t\t\t\t\t\t\t\t\t\t<img fetchpriority=\"high\" decoding=\"async\" width=\"1709\" height=\"2560\" src=\"https:\/\/espaifamilia.adrirodrigom2.es\/wp-content\/uploads\/2026\/03\/preteen-child-talking-to-blurred-psychologist-in-c-2026-01-09-10-44-11-utc-scaled.jpg\" class=\"attachment-full size-full wp-image-5277\" alt=\"\" srcset=\"https:\/\/espaifamilia.adrirodrigom2.es\/wp-content\/uploads\/2026\/03\/preteen-child-talking-to-blurred-psychologist-in-c-2026-01-09-10-44-11-utc-scaled.jpg 1709w, https:\/\/espaifamilia.adrirodrigom2.es\/wp-content\/uploads\/2026\/03\/preteen-child-talking-to-blurred-psychologist-in-c-2026-01-09-10-44-11-utc-scaled-600x899.jpg 600w, https:\/\/espaifamilia.adrirodrigom2.es\/wp-content\/uploads\/2026\/03\/preteen-child-talking-to-blurred-psychologist-in-c-2026-01-09-10-44-11-utc-200x300.jpg 200w, https:\/\/espaifamilia.adrirodrigom2.es\/wp-content\/uploads\/2026\/03\/preteen-child-talking-to-blurred-psychologist-in-c-2026-01-09-10-44-11-utc-683x1024.jpg 683w, https:\/\/espaifamilia.adrirodrigom2.es\/wp-content\/uploads\/2026\/03\/preteen-child-talking-to-blurred-psychologist-in-c-2026-01-09-10-44-11-utc-768x1151.jpg 768w, https:\/\/espaifamilia.adrirodrigom2.es\/wp-content\/uploads\/2026\/03\/preteen-child-talking-to-blurred-psychologist-in-c-2026-01-09-10-44-11-utc-1025x1536.jpg 1025w, https:\/\/espaifamilia.adrirodrigom2.es\/wp-content\/uploads\/2026\/03\/preteen-child-talking-to-blurred-psychologist-in-c-2026-01-09-10-44-11-utc-1367x2048.jpg 1367w, https:\/\/espaifamilia.adrirodrigom2.es\/wp-content\/uploads\/2026\/03\/preteen-child-talking-to-blurred-psychologist-in-c-2026-01-09-10-44-11-utc-8x12.jpg 8w\" sizes=\"(max-width: 1709px) 100vw, 1709px\" \/>\t\t\t\t\t\t\t\t\t\t\t\t\t\t\t<\/div>\n\t\t\t\t<\/div>\n\t\t<div class=\"elementor-element elementor-element-eddebfb e-con-full e-flex e-con e-child\" data-id=\"eddebfb\" data-element_type=\"container\" data-e-type=\"container\">\n\t\t\t\t<div class=\"elementor-element elementor-element-8d4bb0e elementor-widget elementor-widget-text-editor\" data-id=\"8d4bb0e\" data-element_type=\"widget\" data-e-type=\"widget\" data-widget_type=\"text-editor.default\">\n\t\t\t\t\t\t\t\t\t<p>En la infancia y adolescencia, una detecci\u00f3n e intervenci\u00f3n a tiempo pueden marcar una gran diferencia en la evoluci\u00f3n del desarrollo emocional y conductual.<\/p><p>Se atienden situaciones como:<\/p><p>* Ansiedad y miedos intensos<br \/>* Tristeza persistente o s\u00edntomas depresivos<br \/>* Dificultades de conducta<br \/>* Problemas de atenci\u00f3n e impulsividad<br \/>* Dificultades en las relaciones sociales<br \/>* Trastornos del sue\u00f1o o de la alimentaci\u00f3n<br \/>* Situaciones de crisis vital o adaptativa<br \/>* Trauma<br \/>* Trastornos del neurodesarrollo: TDAH, TEA, Tourette, DI, trastornos de conducta, epilepsias o trastornos gen\u00e9ticos<\/p><p>El trabajo con menores incluye siempre la coordinaci\u00f3n con la familia y, cuando es necesario, con la escuela u otros profesionales de referencia. Adem\u00e1s, la intervenci\u00f3n se realiza en estrecha colaboraci\u00f3n con el\/la psic\u00f3logo\/a que acompa\u00f1a al ni\u00f1o o adolescente, asegurando un abordaje compartido y coherente que permita dar respuesta real a sus necesidades.<\/p>\t\t\t\t\t\t\t\t<\/div>\n\t\t<div class=\"elementor-element elementor-element-58fc92a e-con-full e-flex e-con e-child\" data-id=\"58fc92a\" data-element_type=\"container\" data-e-type=\"container\">\n\t\t\t\t<div class=\"elementor-element elementor-element-fdde978 elementor-widget elementor-widget-button\" data-id=\"fdde978\" data-element_type=\"widget\" data-e-type=\"widget\" data-widget_type=\"button.default\">\n\t\t\t\t\t\t\t\t\t\t<a class=\"elementor-button elementor-button-link elementor-size-sm\" href=\"https:\/\/espaifamilia.adrirodrigom2.es\/es\/contacta\/\">\n\t\t\t\t\t\t<span class=\"elementor-button-content-wrapper\">\n\t\t\t\t\t\t\t\t\t<span class=\"elementor-button-text\">Solicita informaci\u00f3n<\/span>\n\t\t\t\t\t<\/span>\n\t\t\t\t\t<\/a>\n\t\t\t\t\t\t\t\t<\/div>\n\t\t\t\t<div class=\"elementor-element elementor-element-ec7f7af elementor-widget elementor-widget-button\" data-id=\"ec7f7af\" data-element_type=\"widget\" data-e-type=\"widget\" data-widget_type=\"button.default\">\n\t\t\t\t\t\t\t\t\t\t<a class=\"elementor-button elementor-button-link elementor-size-sm\" href=\"https:\/\/espaifamilia.adrirodrigom2.es\/es\/que-oferim\/psiquiatria-infantil-juvenil-i-dadults\/\">\n\t\t\t\t\t\t<span class=\"elementor-button-content-wrapper\">\n\t\t\t\t\t\t\t\t\t<span class=\"elementor-button-text\">Volver atr\u00e1s<\/span>\n\t\t\t\t\t<\/span>\n\t\t\t\t\t<\/a>\n\t\t\t\t\t\t\t\t<\/div>\n\t\t\t\t<\/div>\n\t\t\t\t<\/div>\n\t\t\t\t\t<\/div>\n\t\t\t\t<\/div>\n\t\t\t\t<\/div>","protected":false},"excerpt":{"rendered":"<p>En la inf\u00e0ncia i l\u2019adolesc\u00e8ncia, una detecci\u00f3 i intervenci\u00f3 a temps poden marcar una gran difer\u00e8ncia en l\u2019evoluci\u00f3 del desenvolupament emocional i conductual. S\u2019atenen situacions com: * Ansietat i pors intenses* Tristesa persistent o s\u00edmptomes depressius* Dificultats de conducta* Problemes d\u2019atenci\u00f3 i impulsivitat* Dificultats en les relacions socials* Trastorns del son o de l\u2019alimentaci\u00f3* Situacions [&hellip;]<\/p>\n","protected":false},"author":3,"featured_media":0,"parent":5270,"menu_order":0,"comment_status":"closed","ping_status":"closed","template":"","meta":{"_joinchat":[],"footnotes":""},"class_list":["post-5283","page","type-page","status-publish","hentry"],"_links":{"self":[{"href":"https:\/\/espaifamilia.adrirodrigom2.es\/es\/wp-json\/wp\/v2\/pages\/5283","targetHints":{"allow":["GET"]}}],"collection":[{"href":"https:\/\/espaifamilia.adrirodrigom2.es\/es\/wp-json\/wp\/v2\/pages"}],"about":[{"href":"https:\/\/espaifamilia.adrirodrigom2.es\/es\/wp-json\/wp\/v2\/types\/page"}],"author":[{"embeddable":true,"href":"https:\/\/espaifamilia.adrirodrigom2.es\/es\/wp-json\/wp\/v2\/users\/3"}],"replies":[{"embeddable":true,"href":"https:\/\/espaifamilia.adrirodrigom2.es\/es\/wp-json\/wp\/v2\/comments?post=5283"}],"version-history":[{"count":4,"href":"https:\/\/espaifamilia.adrirodrigom2.es\/es\/wp-json\/wp\/v2\/pages\/5283\/revisions"}],"predecessor-version":[{"id":5290,"href":"https:\/\/espaifamilia.adrirodrigom2.es\/es\/wp-json\/wp\/v2\/pages\/5283\/revisions\/5290"}],"up":[{"embeddable":true,"href":"https:\/\/espaifamilia.adrirodrigom2.es\/es\/wp-json\/wp\/v2\/pages\/5270"}],"wp:attachment":[{"href":"https:\/\/espaifamilia.adrirodrigom2.es\/es\/wp-json\/wp\/v2\/media?parent=5283"}],"curies":[{"name":"wp","href":"https:\/\/api.w.org\/{rel}","templated":true}]}}