{"id":5270,"date":"2026-03-05T08:14:55","date_gmt":"2026-03-05T07:14:55","guid":{"rendered":"https:\/\/espaifamilia.adrirodrigom2.es\/?page_id=5270"},"modified":"2026-03-05T08:30:32","modified_gmt":"2026-03-05T07:30:32","slug":"psiquiatria-infantil-juvenil-i-dadults","status":"publish","type":"page","link":"https:\/\/espaifamilia.adrirodrigom2.es\/es\/que-oferim\/psiquiatria-infantil-juvenil-i-dadults","title":{"rendered":"Psiquiatr\u00eda infantil, juvenil y de adultos"},"content":{"rendered":"<div data-elementor-type=\"wp-page\" data-elementor-id=\"5270\" class=\"elementor elementor-5270\" data-elementor-post-type=\"page\">\n\t\t\t\t\t\t<section class=\"elementor-section elementor-top-section elementor-element elementor-element-64bb7bf elementor-section-height-min-height elementor-section-boxed elementor-section-height-default elementor-section-items-middle\" data-id=\"64bb7bf\" data-element_type=\"section\" data-e-type=\"section\" data-settings=\"{&quot;background_background&quot;:&quot;classic&quot;}\">\n\t\t\t\t\t\t\t<div class=\"elementor-background-overlay\"><\/div>\n\t\t\t\t\t\t\t<div class=\"elementor-container elementor-column-gap-default\">\n\t\t\t\t\t<div class=\"elementor-column elementor-col-100 elementor-top-column elementor-element elementor-element-985a3b8\" data-id=\"985a3b8\" data-element_type=\"column\" data-e-type=\"column\">\n\t\t\t<div class=\"elementor-widget-wrap elementor-element-populated\">\n\t\t\t\t\t\t\t<\/div>\n\t\t<\/div>\n\t\t\t\t\t<\/div>\n\t\t<\/section>\n\t\t<div class=\"elementor-element elementor-element-d4a3a9c e-flex e-con-boxed e-con e-parent\" data-id=\"d4a3a9c\" data-element_type=\"container\" data-e-type=\"container\">\n\t\t\t\t\t<div class=\"e-con-inner\">\n\t\t\t\t<div class=\"elementor-element elementor-element-8fcd123 elementor-widget elementor-widget-text-editor\" data-id=\"8fcd123\" data-element_type=\"widget\" data-e-type=\"widget\" data-widget_type=\"text-editor.default\">\n\t\t\t\t\t\t\t\t\t<p><span style=\"font-weight: 400;\">En el Espai Fam\u00edlia ampliamos nuestro acompa\u00f1amiento con el servicio de psiquiatr\u00eda para ni\u00f1os, adolescentes y personas adultas, ofreciendo una atenci\u00f3n m\u00e9dica especializada en salud mental desde una mirada rigurosa, humana e integradora.<\/span><\/p><p><span style=\"font-weight: 400;\">Entendemos la psiquiatr\u00eda como un espacio de escucha y valoraci\u00f3n cl\u00ednica cuidadosa, donde se pone en el centro a la persona y su contexto familiar, escolar o laboral. El objetivo es comprender lo que est\u00e1 pasando, poner nombre al malestar si es necesario y definir un plan de tratamiento personalizado que favorezca el bienestar y el equilibrio emocional.<\/span><\/p><p><span style=\"font-weight: 400;\">Uno de los pilares del servicio es la coordinaci\u00f3n constante con el\/la psic\u00f3logo\/a. Entendemos que <\/span><span style=\"font-weight: 400;\">el trabajo conjunto entre psiquiatr\u00eda y psicolog\u00eda<\/span><span style=\"font-weight: 400;\"> permite una visi\u00f3n m\u00e1s completa del caso y garantiza una intervenci\u00f3n coherente, complementaria y apretada a cada persona.<\/span><\/p>\t\t\t\t\t\t\t\t<\/div>\n\t\t<div class=\"elementor-element elementor-element-1a5800f e-con-full e-flex e-con e-child\" data-id=\"1a5800f\" data-element_type=\"container\" data-e-type=\"container\">\n\t\t<div class=\"elementor-element elementor-element-6d2c90d e-con-full e-flex e-con e-child\" data-id=\"6d2c90d\" data-element_type=\"container\" data-e-type=\"container\">\n\t\t\t\t<\/div>\n\t\t<div class=\"elementor-element elementor-element-827e0f9 e-con-full e-flex e-con e-child\" data-id=\"827e0f9\" data-element_type=\"container\" data-e-type=\"container\">\n\t\t\t\t<div class=\"elementor-element elementor-element-f6bc3a6 elementor-position-top elementor-widget elementor-widget-image-box\" data-id=\"f6bc3a6\" data-element_type=\"widget\" data-e-type=\"widget\" data-widget_type=\"image-box.default\">\n\t\t\t\t\t<div class=\"elementor-image-box-wrapper\"><figure class=\"elementor-image-box-img\"><a href=\"https:\/\/espaifamilia.adrirodrigom2.es\/es\/que-oferim\/psiquiatria-infantil-juvenil-i-dadults\/psiquiatria-infantil-i-juvenil\/\" tabindex=\"-1\"><img fetchpriority=\"high\" decoding=\"async\" width=\"1709\" height=\"2560\" src=\"https:\/\/espaifamilia.adrirodrigom2.es\/wp-content\/uploads\/2026\/03\/preteen-child-talking-to-blurred-psychologist-in-c-2026-01-09-10-44-11-utc-scaled.jpg\" class=\"attachment-full size-full wp-image-5277\" alt=\"\" srcset=\"https:\/\/espaifamilia.adrirodrigom2.es\/wp-content\/uploads\/2026\/03\/preteen-child-talking-to-blurred-psychologist-in-c-2026-01-09-10-44-11-utc-scaled.jpg 1709w, https:\/\/espaifamilia.adrirodrigom2.es\/wp-content\/uploads\/2026\/03\/preteen-child-talking-to-blurred-psychologist-in-c-2026-01-09-10-44-11-utc-scaled-600x899.jpg 600w, https:\/\/espaifamilia.adrirodrigom2.es\/wp-content\/uploads\/2026\/03\/preteen-child-talking-to-blurred-psychologist-in-c-2026-01-09-10-44-11-utc-200x300.jpg 200w, https:\/\/espaifamilia.adrirodrigom2.es\/wp-content\/uploads\/2026\/03\/preteen-child-talking-to-blurred-psychologist-in-c-2026-01-09-10-44-11-utc-683x1024.jpg 683w, https:\/\/espaifamilia.adrirodrigom2.es\/wp-content\/uploads\/2026\/03\/preteen-child-talking-to-blurred-psychologist-in-c-2026-01-09-10-44-11-utc-768x1151.jpg 768w, https:\/\/espaifamilia.adrirodrigom2.es\/wp-content\/uploads\/2026\/03\/preteen-child-talking-to-blurred-psychologist-in-c-2026-01-09-10-44-11-utc-1025x1536.jpg 1025w, https:\/\/espaifamilia.adrirodrigom2.es\/wp-content\/uploads\/2026\/03\/preteen-child-talking-to-blurred-psychologist-in-c-2026-01-09-10-44-11-utc-1367x2048.jpg 1367w, https:\/\/espaifamilia.adrirodrigom2.es\/wp-content\/uploads\/2026\/03\/preteen-child-talking-to-blurred-psychologist-in-c-2026-01-09-10-44-11-utc-8x12.jpg 8w\" sizes=\"(max-width: 1709px) 100vw, 1709px\" \/><\/a><\/figure><div class=\"elementor-image-box-content\"><h2 class=\"elementor-image-box-title\"><a href=\"https:\/\/espaifamilia.adrirodrigom2.es\/es\/que-oferim\/psiquiatria-infantil-juvenil-i-dadults\/psiquiatria-infantil-i-juvenil\/\">Psiquiatr\u00eda infantil y juvenil<\/a><\/h2><\/div><\/div>\t\t\t\t<\/div>\n\t\t\t\t<\/div>\n\t\t<div class=\"elementor-element elementor-element-409d95c e-con-full e-flex e-con e-child\" data-id=\"409d95c\" data-element_type=\"container\" data-e-type=\"container\">\n\t\t\t\t<div class=\"elementor-element elementor-element-e0b36dc elementor-position-top elementor-widget elementor-widget-image-box\" data-id=\"e0b36dc\" data-element_type=\"widget\" data-e-type=\"widget\" data-widget_type=\"image-box.default\">\n\t\t\t\t\t<div class=\"elementor-image-box-wrapper\"><figure class=\"elementor-image-box-img\"><a href=\"https:\/\/espaifamilia.adrirodrigom2.es\/es\/que-oferim\/psiquiatria-infantil-juvenil-i-dadults\/psiquiatria-dadults\/\" tabindex=\"-1\"><img decoding=\"async\" width=\"1709\" height=\"2560\" src=\"https:\/\/espaifamilia.adrirodrigom2.es\/wp-content\/uploads\/2026\/03\/selective-focus-of-upset-middle-aged-man-looking-a-2026-01-06-00-37-51-utc-scaled.jpg\" class=\"attachment-full size-full wp-image-5278\" alt=\"\" srcset=\"https:\/\/espaifamilia.adrirodrigom2.es\/wp-content\/uploads\/2026\/03\/selective-focus-of-upset-middle-aged-man-looking-a-2026-01-06-00-37-51-utc-scaled.jpg 1709w, https:\/\/espaifamilia.adrirodrigom2.es\/wp-content\/uploads\/2026\/03\/selective-focus-of-upset-middle-aged-man-looking-a-2026-01-06-00-37-51-utc-scaled-600x899.jpg 600w, https:\/\/espaifamilia.adrirodrigom2.es\/wp-content\/uploads\/2026\/03\/selective-focus-of-upset-middle-aged-man-looking-a-2026-01-06-00-37-51-utc-200x300.jpg 200w, https:\/\/espaifamilia.adrirodrigom2.es\/wp-content\/uploads\/2026\/03\/selective-focus-of-upset-middle-aged-man-looking-a-2026-01-06-00-37-51-utc-683x1024.jpg 683w, https:\/\/espaifamilia.adrirodrigom2.es\/wp-content\/uploads\/2026\/03\/selective-focus-of-upset-middle-aged-man-looking-a-2026-01-06-00-37-51-utc-768x1151.jpg 768w, https:\/\/espaifamilia.adrirodrigom2.es\/wp-content\/uploads\/2026\/03\/selective-focus-of-upset-middle-aged-man-looking-a-2026-01-06-00-37-51-utc-1025x1536.jpg 1025w, https:\/\/espaifamilia.adrirodrigom2.es\/wp-content\/uploads\/2026\/03\/selective-focus-of-upset-middle-aged-man-looking-a-2026-01-06-00-37-51-utc-1367x2048.jpg 1367w, https:\/\/espaifamilia.adrirodrigom2.es\/wp-content\/uploads\/2026\/03\/selective-focus-of-upset-middle-aged-man-looking-a-2026-01-06-00-37-51-utc-8x12.jpg 8w\" sizes=\"(max-width: 1709px) 100vw, 1709px\" \/><\/a><\/figure><div class=\"elementor-image-box-content\"><h3 class=\"elementor-image-box-title\"><a href=\"https:\/\/espaifamilia.adrirodrigom2.es\/es\/que-oferim\/psiquiatria-infantil-juvenil-i-dadults\/psiquiatria-dadults\/\">Psiquiatr\u00eda de adultos<\/a><\/h3><\/div><\/div>\t\t\t\t<\/div>\n\t\t\t\t<\/div>\n\t\t<div class=\"elementor-element elementor-element-d61a0f0 e-con-full e-flex e-con e-child\" data-id=\"d61a0f0\" data-element_type=\"container\" data-e-type=\"container\">\n\t\t\t\t<\/div>\n\t\t\t\t<\/div>\n\t\t\t\t<div class=\"elementor-element elementor-element-f6de83e elementor-widget elementor-widget-text-editor\" data-id=\"f6de83e\" data-element_type=\"widget\" data-e-type=\"widget\" data-widget_type=\"text-editor.default\">\n\t\t\t\t\t\t\t\t\t<p>Un espacio seguro y profesional<\/p><p>La psiquiatr\u00eda puede formar parte de una intervenci\u00f3n puntual \u2013como una valoraci\u00f3n diagn\u00f3stica o una segunda opini\u00f3n\u2013 o bien integrarse dentro de un proceso de seguimiento continuado.<\/p><p>En el Espai Fam\u00edlia entendemos la salud mental como un proceso din\u00e1mico, donde el trabajo coordinado entre profesionales puede ayudar a reducir el sufrimiento, mejorar la calidad de vida y favorecer un desarrollo m\u00e1s sereno y equilibrado en cada etapa vital.<\/p>\t\t\t\t\t\t\t\t<\/div>\n\t\t\t\t\t<\/div>\n\t\t\t\t<\/div>\n\t\t\t\t<\/div>","protected":false},"excerpt":{"rendered":"<p>A l\u2019Espai Fam\u00edlia ampliem el nostre acompanyament amb el servei de psiquiatria per a infants, adolescents i persones adultes, oferint una atenci\u00f3 m\u00e8dica especialitzada en salut mental des d\u2019una mirada rigorosa, humana i integradora. Entenem la psiquiatria com un espai d\u2019escolta i valoraci\u00f3 cl\u00ednica acurada, on es posa al centre la persona i el seu [&hellip;]<\/p>\n","protected":false},"author":3,"featured_media":0,"parent":30,"menu_order":1,"comment_status":"closed","ping_status":"closed","template":"elementor_header_footer","meta":{"_joinchat":[],"footnotes":""},"class_list":["post-5270","page","type-page","status-publish","hentry"],"_links":{"self":[{"href":"https:\/\/espaifamilia.adrirodrigom2.es\/es\/wp-json\/wp\/v2\/pages\/5270","targetHints":{"allow":["GET"]}}],"collection":[{"href":"https:\/\/espaifamilia.adrirodrigom2.es\/es\/wp-json\/wp\/v2\/pages"}],"about":[{"href":"https:\/\/espaifamilia.adrirodrigom2.es\/es\/wp-json\/wp\/v2\/types\/page"}],"author":[{"embeddable":true,"href":"https:\/\/espaifamilia.adrirodrigom2.es\/es\/wp-json\/wp\/v2\/users\/3"}],"replies":[{"embeddable":true,"href":"https:\/\/espaifamilia.adrirodrigom2.es\/es\/wp-json\/wp\/v2\/comments?post=5270"}],"version-history":[{"count":16,"href":"https:\/\/espaifamilia.adrirodrigom2.es\/es\/wp-json\/wp\/v2\/pages\/5270\/revisions"}],"predecessor-version":[{"id":5310,"href":"https:\/\/espaifamilia.adrirodrigom2.es\/es\/wp-json\/wp\/v2\/pages\/5270\/revisions\/5310"}],"up":[{"embeddable":true,"href":"https:\/\/espaifamilia.adrirodrigom2.es\/es\/wp-json\/wp\/v2\/pages\/30"}],"wp:attachment":[{"href":"https:\/\/espaifamilia.adrirodrigom2.es\/es\/wp-json\/wp\/v2\/media?parent=5270"}],"curies":[{"name":"wp","href":"https:\/\/api.w.org\/{rel}","templated":true}]}}