{"id":5145,"date":"2026-03-01T12:23:56","date_gmt":"2026-03-01T12:23:56","guid":{"rendered":"https:\/\/espaifamilia.adrirodrigom2.es\/?page_id=5145"},"modified":"2026-03-01T12:51:05","modified_gmt":"2026-03-01T12:51:05","slug":"lina-maria-caicedo-o","status":"publish","type":"page","link":"https:\/\/espaifamilia.adrirodrigom2.es\/es\/qui-som\/lina-maria-caicedo-o","title":{"rendered":"Lina Mar\u00eda Caicedo O."},"content":{"rendered":"<div data-elementor-type=\"wp-page\" data-elementor-id=\"5145\" class=\"elementor elementor-5145\" data-elementor-post-type=\"page\">\n\t\t\t\t\t\t<section class=\"elementor-section elementor-top-section elementor-element elementor-element-95b5a2b elementor-section-height-min-height elementor-section-boxed elementor-section-height-default elementor-section-items-middle\" data-id=\"95b5a2b\" data-element_type=\"section\" data-e-type=\"section\" data-settings=\"{&quot;background_background&quot;:&quot;classic&quot;}\">\n\t\t\t\t\t\t\t<div class=\"elementor-background-overlay\"><\/div>\n\t\t\t\t\t\t\t<div class=\"elementor-container elementor-column-gap-default\">\n\t\t\t\t\t<div class=\"elementor-column elementor-col-100 elementor-top-column elementor-element elementor-element-d00db27\" data-id=\"d00db27\" data-element_type=\"column\" data-e-type=\"column\">\n\t\t\t<div class=\"elementor-widget-wrap elementor-element-populated\">\n\t\t\t\t\t\t<div class=\"elementor-element elementor-element-3e3e37f elementor-widget elementor-widget-heading\" data-id=\"3e3e37f\" data-element_type=\"widget\" data-e-type=\"widget\" data-widget_type=\"heading.default\">\n\t\t\t\t\t<span class=\"elementor-heading-title elementor-size-default\"><a href=\"https:\/\/espaifamilia.adrirodrigom2.es\/es\">Equipo<\/a><\/span>\t\t\t\t<\/div>\n\t\t\t\t\t<\/div>\n\t\t<\/div>\n\t\t\t\t\t<\/div>\n\t\t<\/section>\n\t\t<div class=\"elementor-element elementor-element-9aabfe4 e-flex e-con-boxed e-con e-parent\" data-id=\"9aabfe4\" data-element_type=\"container\" data-e-type=\"container\">\n\t\t\t\t\t<div class=\"e-con-inner\">\n\t\t<div class=\"elementor-element elementor-element-95e1ffe e-con-full e-flex e-con e-child\" data-id=\"95e1ffe\" data-element_type=\"container\" data-e-type=\"container\">\n\t\t\t\t<div class=\"elementor-element elementor-element-f626fc5 elementor-widget elementor-widget-image\" data-id=\"f626fc5\" data-element_type=\"widget\" data-e-type=\"widget\" data-widget_type=\"image.default\">\n\t\t\t\t\t\t\t\t\t\t\t\t\t\t\t<img fetchpriority=\"high\" decoding=\"async\" width=\"1024\" height=\"1536\" src=\"https:\/\/espaifamilia.adrirodrigom2.es\/wp-content\/uploads\/2025\/11\/WhatsApp-Image-2025-11-26-at-17.12.02.jpeg\" class=\"attachment-full size-full wp-image-4385\" alt=\"\" srcset=\"https:\/\/espaifamilia.adrirodrigom2.es\/wp-content\/uploads\/2025\/11\/WhatsApp-Image-2025-11-26-at-17.12.02.jpeg 1024w, https:\/\/espaifamilia.adrirodrigom2.es\/wp-content\/uploads\/2025\/11\/WhatsApp-Image-2025-11-26-at-17.12.02-600x900.jpeg 600w, https:\/\/espaifamilia.adrirodrigom2.es\/wp-content\/uploads\/2025\/11\/WhatsApp-Image-2025-11-26-at-17.12.02-200x300.jpeg 200w, https:\/\/espaifamilia.adrirodrigom2.es\/wp-content\/uploads\/2025\/11\/WhatsApp-Image-2025-11-26-at-17.12.02-683x1024.jpeg 683w, https:\/\/espaifamilia.adrirodrigom2.es\/wp-content\/uploads\/2025\/11\/WhatsApp-Image-2025-11-26-at-17.12.02-768x1152.jpeg 768w, https:\/\/espaifamilia.adrirodrigom2.es\/wp-content\/uploads\/2025\/11\/WhatsApp-Image-2025-11-26-at-17.12.02-8x12.jpeg 8w\" sizes=\"(max-width: 1024px) 100vw, 1024px\" \/>\t\t\t\t\t\t\t\t\t\t\t\t\t\t\t<\/div>\n\t\t\t\t<\/div>\n\t\t<div class=\"elementor-element elementor-element-ad3ade7 e-con-full e-flex e-con e-child\" data-id=\"ad3ade7\" data-element_type=\"container\" data-e-type=\"container\">\n\t\t\t\t<div class=\"elementor-element elementor-element-7030883 elementor-widget elementor-widget-heading\" data-id=\"7030883\" data-element_type=\"widget\" data-e-type=\"widget\" data-widget_type=\"heading.default\">\n\t\t\t\t\t<span class=\"elementor-heading-title elementor-size-default\"><a href=\"https:\/\/espaifamilia.adrirodrigom2.es\/es\">Psic\u00f2loga i terapeuta<\/a><\/span>\t\t\t\t<\/div>\n\t\t\t\t<div class=\"elementor-element elementor-element-06cbc55 elementor-widget elementor-widget-text-editor\" data-id=\"06cbc55\" data-element_type=\"widget\" data-e-type=\"widget\" data-widget_type=\"text-editor.default\">\n\t\t\t\t\t\t\t\t\t<p>Psic\u00f3loga con posgrado en Terapia Sexual y de Pareja por la UB.<br \/>Terapeuta sist\u00e8mica especialitzada en l\u2019acompanyament d\u2019adults i fam\u00edlies. Formada en Educaci\u00f3 Viva<br \/>Actualment en formaci\u00f3 de Ter\u00e0pia sensible al Trauma des d\u2019una perspectiva som\u00e0tica<\/p><p>\u201cM\u2019apassiona acompanyar a persones, de manera individual o grupal en el seu proc\u00e9s de creixement i evoluci\u00f3 personal, ho considero un privilegi.<\/p><p>Soc mare d\u2019un meravell\u00f3s adolescent. La maternitat m\u2019ha transformat profundament, des del primer moment, impactant la meva vida personal i professional. M\u2019ha perm\u00e8s reflexionar sobre la manera com els adults acompanyem als nens, a tot el que ells ens mouen, a la implacable pres\u00e8ncia del nostre nen interior, el poder que tenen els nostres actes i les nostres paraules en la manera com es construeixen a si mateixos, en les possibilitats i dificultats d\u2019aquesta relaci\u00f3 adult-nen, per a ells i per a nosaltres.<br \/>Actualment, en els processos terap\u00e8utics que acompanyo, treball combinant elements de la ter\u00e0pia sist\u00e8mica, les constel\u00b7lacions familiars, la ter\u00e0pia transpersonal i l\u2019abordatge som\u00e0tic del trauma\u201d<\/p>\t\t\t\t\t\t\t\t<\/div>\n\t\t<div class=\"elementor-element elementor-element-878583c e-con-full e-flex e-con e-child\" data-id=\"878583c\" data-element_type=\"container\" data-e-type=\"container\">\n\t\t\t\t<div class=\"elementor-element elementor-element-74cbd76 elementor-widget elementor-widget-button\" data-id=\"74cbd76\" data-element_type=\"widget\" data-e-type=\"widget\" data-widget_type=\"button.default\">\n\t\t\t\t\t\t\t\t\t\t<a class=\"elementor-button elementor-button-link elementor-size-sm\" href=\"https:\/\/espaifamilia.adrirodrigom2.es\/es\/contacta\/\">\n\t\t\t\t\t\t<span class=\"elementor-button-content-wrapper\">\n\t\t\t\t\t\t\t\t\t<span class=\"elementor-button-text\">Solicita informaci\u00f3n<\/span>\n\t\t\t\t\t<\/span>\n\t\t\t\t\t<\/a>\n\t\t\t\t\t\t\t\t<\/div>\n\t\t\t\t<div class=\"elementor-element elementor-element-6effd73 elementor-widget elementor-widget-button\" data-id=\"6effd73\" data-element_type=\"widget\" data-e-type=\"widget\" data-widget_type=\"button.default\">\n\t\t\t\t\t\t\t\t\t\t<a class=\"elementor-button elementor-button-link elementor-size-sm\" href=\"https:\/\/espaifamilia.adrirodrigom2.es\/es\/qui-som\/#Equip\">\n\t\t\t\t\t\t<span class=\"elementor-button-content-wrapper\">\n\t\t\t\t\t\t\t\t\t<span class=\"elementor-button-text\">Volver atr\u00e1s<\/span>\n\t\t\t\t\t<\/span>\n\t\t\t\t\t<\/a>\n\t\t\t\t\t\t\t\t<\/div>\n\t\t\t\t<\/div>\n\t\t\t\t<\/div>\n\t\t\t\t\t<\/div>\n\t\t\t\t<\/div>\n\t\t\t\t<\/div>","protected":false},"excerpt":{"rendered":"<p>Equip Psic\u00f2loga i terapeuta Psic\u00f2loga amb postgrau en Ter\u00e0pia Sexual i de Pareja per la UB.Terapeuta sist\u00e8mica especialitzada en l\u2019acompanyament d\u2019adults i fam\u00edlies. Formada en Educaci\u00f3 VivaActualment en formaci\u00f3 de Ter\u00e0pia sensible al Trauma des d\u2019una perspectiva som\u00e0tica \u201cM\u2019apassiona acompanyar a persones, de manera individual o grupal en el seu proc\u00e9s de creixement i evoluci\u00f3 [&hellip;]<\/p>\n","protected":false},"author":3,"featured_media":0,"parent":28,"menu_order":0,"comment_status":"closed","ping_status":"closed","template":"","meta":{"_joinchat":[],"footnotes":""},"class_list":["post-5145","page","type-page","status-publish","hentry"],"_links":{"self":[{"href":"https:\/\/espaifamilia.adrirodrigom2.es\/es\/wp-json\/wp\/v2\/pages\/5145","targetHints":{"allow":["GET"]}}],"collection":[{"href":"https:\/\/espaifamilia.adrirodrigom2.es\/es\/wp-json\/wp\/v2\/pages"}],"about":[{"href":"https:\/\/espaifamilia.adrirodrigom2.es\/es\/wp-json\/wp\/v2\/types\/page"}],"author":[{"embeddable":true,"href":"https:\/\/espaifamilia.adrirodrigom2.es\/es\/wp-json\/wp\/v2\/users\/3"}],"replies":[{"embeddable":true,"href":"https:\/\/espaifamilia.adrirodrigom2.es\/es\/wp-json\/wp\/v2\/comments?post=5145"}],"version-history":[{"count":7,"href":"https:\/\/espaifamilia.adrirodrigom2.es\/es\/wp-json\/wp\/v2\/pages\/5145\/revisions"}],"predecessor-version":[{"id":5223,"href":"https:\/\/espaifamilia.adrirodrigom2.es\/es\/wp-json\/wp\/v2\/pages\/5145\/revisions\/5223"}],"up":[{"embeddable":true,"href":"https:\/\/espaifamilia.adrirodrigom2.es\/es\/wp-json\/wp\/v2\/pages\/28"}],"wp:attachment":[{"href":"https:\/\/espaifamilia.adrirodrigom2.es\/es\/wp-json\/wp\/v2\/media?parent=5145"}],"curies":[{"name":"wp","href":"https:\/\/api.w.org\/{rel}","templated":true}]}}