{"id":5140,"date":"2026-03-01T12:22:03","date_gmt":"2026-03-01T12:22:03","guid":{"rendered":"https:\/\/espaifamilia.adrirodrigom2.es\/?page_id=5140"},"modified":"2026-03-01T12:49:24","modified_gmt":"2026-03-01T12:49:24","slug":"judit-perez","status":"publish","type":"page","link":"https:\/\/espaifamilia.adrirodrigom2.es\/es\/qui-som\/judit-perez","title":{"rendered":"Judit P\u00e9rez"},"content":{"rendered":"<div data-elementor-type=\"wp-page\" data-elementor-id=\"5140\" class=\"elementor elementor-5140\" data-elementor-post-type=\"page\">\n\t\t\t\t\t\t<section class=\"elementor-section elementor-top-section elementor-element elementor-element-95b5a2b elementor-section-height-min-height elementor-section-boxed elementor-section-height-default elementor-section-items-middle\" data-id=\"95b5a2b\" data-element_type=\"section\" data-e-type=\"section\" data-settings=\"{&quot;background_background&quot;:&quot;classic&quot;}\">\n\t\t\t\t\t\t\t<div class=\"elementor-background-overlay\"><\/div>\n\t\t\t\t\t\t\t<div class=\"elementor-container elementor-column-gap-default\">\n\t\t\t\t\t<div class=\"elementor-column elementor-col-100 elementor-top-column elementor-element elementor-element-d00db27\" data-id=\"d00db27\" data-element_type=\"column\" data-e-type=\"column\">\n\t\t\t<div class=\"elementor-widget-wrap elementor-element-populated\">\n\t\t\t\t\t\t<div class=\"elementor-element elementor-element-3e3e37f elementor-widget elementor-widget-heading\" data-id=\"3e3e37f\" data-element_type=\"widget\" data-e-type=\"widget\" data-widget_type=\"heading.default\">\n\t\t\t\t\t<span class=\"elementor-heading-title elementor-size-default\"><a href=\"https:\/\/espaifamilia.adrirodrigom2.es\/es\">Equipo<\/a><\/span>\t\t\t\t<\/div>\n\t\t\t\t\t<\/div>\n\t\t<\/div>\n\t\t\t\t\t<\/div>\n\t\t<\/section>\n\t\t<div class=\"elementor-element elementor-element-9aabfe4 e-flex e-con-boxed e-con e-parent\" data-id=\"9aabfe4\" data-element_type=\"container\" data-e-type=\"container\">\n\t\t\t\t\t<div class=\"e-con-inner\">\n\t\t<div class=\"elementor-element elementor-element-95e1ffe e-con-full e-flex e-con e-child\" data-id=\"95e1ffe\" data-element_type=\"container\" data-e-type=\"container\">\n\t\t\t\t<div class=\"elementor-element elementor-element-f626fc5 elementor-widget elementor-widget-image\" data-id=\"f626fc5\" data-element_type=\"widget\" data-e-type=\"widget\" data-widget_type=\"image.default\">\n\t\t\t\t\t\t\t\t\t\t\t\t\t\t\t<img fetchpriority=\"high\" decoding=\"async\" width=\"1518\" height=\"1600\" src=\"https:\/\/espaifamilia.adrirodrigom2.es\/wp-content\/uploads\/2025\/09\/WhatsApp-Image-2025-09-18-at-18.24.32.jpeg\" class=\"attachment-full size-full wp-image-2631\" alt=\"\" srcset=\"https:\/\/espaifamilia.adrirodrigom2.es\/wp-content\/uploads\/2025\/09\/WhatsApp-Image-2025-09-18-at-18.24.32.jpeg 1518w, https:\/\/espaifamilia.adrirodrigom2.es\/wp-content\/uploads\/2025\/09\/WhatsApp-Image-2025-09-18-at-18.24.32-600x632.jpeg 600w, https:\/\/espaifamilia.adrirodrigom2.es\/wp-content\/uploads\/2025\/09\/WhatsApp-Image-2025-09-18-at-18.24.32-285x300.jpeg 285w, https:\/\/espaifamilia.adrirodrigom2.es\/wp-content\/uploads\/2025\/09\/WhatsApp-Image-2025-09-18-at-18.24.32-972x1024.jpeg 972w, https:\/\/espaifamilia.adrirodrigom2.es\/wp-content\/uploads\/2025\/09\/WhatsApp-Image-2025-09-18-at-18.24.32-768x809.jpeg 768w, https:\/\/espaifamilia.adrirodrigom2.es\/wp-content\/uploads\/2025\/09\/WhatsApp-Image-2025-09-18-at-18.24.32-1457x1536.jpeg 1457w, https:\/\/espaifamilia.adrirodrigom2.es\/wp-content\/uploads\/2025\/09\/WhatsApp-Image-2025-09-18-at-18.24.32-11x12.jpeg 11w\" sizes=\"(max-width: 1518px) 100vw, 1518px\" \/>\t\t\t\t\t\t\t\t\t\t\t\t\t\t\t<\/div>\n\t\t\t\t<\/div>\n\t\t<div class=\"elementor-element elementor-element-ad3ade7 e-con-full e-flex e-con e-child\" data-id=\"ad3ade7\" data-element_type=\"container\" data-e-type=\"container\">\n\t\t\t\t<div class=\"elementor-element elementor-element-7030883 elementor-widget elementor-widget-heading\" data-id=\"7030883\" data-element_type=\"widget\" data-e-type=\"widget\" data-widget_type=\"heading.default\">\n\t\t\t\t\t<span class=\"elementor-heading-title elementor-size-default\"><a href=\"https:\/\/espaifamilia.adrirodrigom2.es\/es\">Pedagoga y psicopedagoga<\/a><\/span>\t\t\t\t<\/div>\n\t\t\t\t<div class=\"elementor-element elementor-element-06cbc55 elementor-widget elementor-widget-text-editor\" data-id=\"06cbc55\" data-element_type=\"widget\" data-e-type=\"widget\" data-widget_type=\"text-editor.default\">\n\t\t\t\t\t\t\t\t\t<p>\u00a1Hola! Soy Judit, graduada en pedagog\u00eda y especializada en psicopedagog\u00eda. Adem\u00e1s, he realizado formaci\u00f3n para especializarme en metodolog\u00edas activas y en el \u00e1mbito de las altas capacidades. Actualmente estoy estudiando un grado en educaci\u00f3n infantil.<\/p><p>La curiosidad y los intereses de los ni\u00f1os y j\u00f3venes son una motivaci\u00f3n para poder ayudar en su desarrollo integral y que se den cuenta de su evoluci\u00f3n para seguir construyendo el camino juntos.<\/p><p>Me gusta mucho poder contribuir en el proceso de aprendizaje a trav\u00e9s del v\u00ednculo que se crea y favorece al crecimiento personal. Sin embargo, me apasiona aprender todo lo que los ni\u00f1os y j\u00f3venes nos ense\u00f1an a diario gracias a la curiosidad que tienen por descubrir el mundo y que nos transmiten mediante su mirada sobre \u00e9ste.<\/p><p>Unificar todo lo que m\u00e1s me gusta en un \u00e1mbito y poder formar parte de \u00e9l me inspira a seguir creciendo profesionalmente y trabajar con pasi\u00f3n y vocaci\u00f3n.<\/p>\t\t\t\t\t\t\t\t<\/div>\n\t\t<div class=\"elementor-element elementor-element-878583c e-con-full e-flex e-con e-child\" data-id=\"878583c\" data-element_type=\"container\" data-e-type=\"container\">\n\t\t\t\t<div class=\"elementor-element elementor-element-74cbd76 elementor-widget elementor-widget-button\" data-id=\"74cbd76\" data-element_type=\"widget\" data-e-type=\"widget\" data-widget_type=\"button.default\">\n\t\t\t\t\t\t\t\t\t\t<a class=\"elementor-button elementor-button-link elementor-size-sm\" href=\"https:\/\/espaifamilia.adrirodrigom2.es\/es\/contacta\/\">\n\t\t\t\t\t\t<span class=\"elementor-button-content-wrapper\">\n\t\t\t\t\t\t\t\t\t<span class=\"elementor-button-text\">Solicita informaci\u00f3n<\/span>\n\t\t\t\t\t<\/span>\n\t\t\t\t\t<\/a>\n\t\t\t\t\t\t\t\t<\/div>\n\t\t\t\t<div class=\"elementor-element elementor-element-6effd73 elementor-widget elementor-widget-button\" data-id=\"6effd73\" data-element_type=\"widget\" data-e-type=\"widget\" data-widget_type=\"button.default\">\n\t\t\t\t\t\t\t\t\t\t<a class=\"elementor-button elementor-button-link elementor-size-sm\" href=\"https:\/\/espaifamilia.adrirodrigom2.es\/es\/qui-som\/#Equip\">\n\t\t\t\t\t\t<span class=\"elementor-button-content-wrapper\">\n\t\t\t\t\t\t\t\t\t<span class=\"elementor-button-text\">Volver atr\u00e1s<\/span>\n\t\t\t\t\t<\/span>\n\t\t\t\t\t<\/a>\n\t\t\t\t\t\t\t\t<\/div>\n\t\t\t\t<\/div>\n\t\t\t\t<\/div>\n\t\t\t\t\t<\/div>\n\t\t\t\t<\/div>\n\t\t\t\t<\/div>","protected":false},"excerpt":{"rendered":"<p>Equip Pedagoga y psicopedagoga Hola! Soc la Judit, graduada en pedagogia i especialitzada en psicopedagogia. A m\u00e9s, he fet formaci\u00f3 per especialitzar-me en metodologies actives i en l\u2019\u00e0mbit de les altes capacitats. Actualment estic estudiant un grau en educaci\u00f3 infantil. La curiositat i els interessos dels infants i joves s\u00f3n una motivaci\u00f3 per poder ajudar [&hellip;]<\/p>\n","protected":false},"author":3,"featured_media":0,"parent":28,"menu_order":0,"comment_status":"closed","ping_status":"closed","template":"","meta":{"_joinchat":[],"footnotes":""},"class_list":["post-5140","page","type-page","status-publish","hentry"],"_links":{"self":[{"href":"https:\/\/espaifamilia.adrirodrigom2.es\/es\/wp-json\/wp\/v2\/pages\/5140","targetHints":{"allow":["GET"]}}],"collection":[{"href":"https:\/\/espaifamilia.adrirodrigom2.es\/es\/wp-json\/wp\/v2\/pages"}],"about":[{"href":"https:\/\/espaifamilia.adrirodrigom2.es\/es\/wp-json\/wp\/v2\/types\/page"}],"author":[{"embeddable":true,"href":"https:\/\/espaifamilia.adrirodrigom2.es\/es\/wp-json\/wp\/v2\/users\/3"}],"replies":[{"embeddable":true,"href":"https:\/\/espaifamilia.adrirodrigom2.es\/es\/wp-json\/wp\/v2\/comments?post=5140"}],"version-history":[{"count":7,"href":"https:\/\/espaifamilia.adrirodrigom2.es\/es\/wp-json\/wp\/v2\/pages\/5140\/revisions"}],"predecessor-version":[{"id":5208,"href":"https:\/\/espaifamilia.adrirodrigom2.es\/es\/wp-json\/wp\/v2\/pages\/5140\/revisions\/5208"}],"up":[{"embeddable":true,"href":"https:\/\/espaifamilia.adrirodrigom2.es\/es\/wp-json\/wp\/v2\/pages\/28"}],"wp:attachment":[{"href":"https:\/\/espaifamilia.adrirodrigom2.es\/es\/wp-json\/wp\/v2\/media?parent=5140"}],"curies":[{"name":"wp","href":"https:\/\/api.w.org\/{rel}","templated":true}]}}