{"id":5111,"date":"2026-02-02T10:25:48","date_gmt":"2026-02-02T10:25:48","guid":{"rendered":"https:\/\/espaifamilia.adrirodrigom2.es\/?page_id=5111"},"modified":"2026-03-01T12:50:53","modified_gmt":"2026-03-01T12:50:53","slug":"leticia-salas","status":"publish","type":"page","link":"https:\/\/espaifamilia.adrirodrigom2.es\/es\/qui-som\/leticia-salas","title":{"rendered":"Leticia Salas"},"content":{"rendered":"<div data-elementor-type=\"wp-page\" data-elementor-id=\"5111\" class=\"elementor elementor-5111\" data-elementor-post-type=\"page\">\n\t\t\t\t\t\t<section class=\"elementor-section elementor-top-section elementor-element elementor-element-95b5a2b elementor-section-height-min-height elementor-section-boxed elementor-section-height-default elementor-section-items-middle\" data-id=\"95b5a2b\" data-element_type=\"section\" data-e-type=\"section\" data-settings=\"{&quot;background_background&quot;:&quot;classic&quot;}\">\n\t\t\t\t\t\t\t<div class=\"elementor-background-overlay\"><\/div>\n\t\t\t\t\t\t\t<div class=\"elementor-container elementor-column-gap-default\">\n\t\t\t\t\t<div class=\"elementor-column elementor-col-100 elementor-top-column elementor-element elementor-element-d00db27\" data-id=\"d00db27\" data-element_type=\"column\" data-e-type=\"column\">\n\t\t\t<div class=\"elementor-widget-wrap elementor-element-populated\">\n\t\t\t\t\t\t<div class=\"elementor-element elementor-element-3e3e37f elementor-widget elementor-widget-heading\" data-id=\"3e3e37f\" data-element_type=\"widget\" data-e-type=\"widget\" data-widget_type=\"heading.default\">\n\t\t\t\t\t<span class=\"elementor-heading-title elementor-size-default\"><a href=\"https:\/\/espaifamilia.adrirodrigom2.es\/es\">Equipo<\/a><\/span>\t\t\t\t<\/div>\n\t\t\t\t\t<\/div>\n\t\t<\/div>\n\t\t\t\t\t<\/div>\n\t\t<\/section>\n\t\t<div class=\"elementor-element elementor-element-9aabfe4 e-flex e-con-boxed e-con e-parent\" data-id=\"9aabfe4\" data-element_type=\"container\" data-e-type=\"container\">\n\t\t\t\t\t<div class=\"e-con-inner\">\n\t\t<div class=\"elementor-element elementor-element-95e1ffe e-con-full e-flex e-con e-child\" data-id=\"95e1ffe\" data-element_type=\"container\" data-e-type=\"container\">\n\t\t\t\t<div class=\"elementor-element elementor-element-f626fc5 elementor-widget elementor-widget-image\" data-id=\"f626fc5\" data-element_type=\"widget\" data-e-type=\"widget\" data-widget_type=\"image.default\">\n\t\t\t\t\t\t\t\t\t\t\t\t\t\t\t<img fetchpriority=\"high\" decoding=\"async\" width=\"448\" height=\"512\" src=\"https:\/\/espaifamilia.adrirodrigom2.es\/wp-content\/uploads\/2025\/09\/WhatsApp-Image-2025-09-18-at-18.49.31.jpeg\" class=\"attachment-full size-full wp-image-2637\" alt=\"\" srcset=\"https:\/\/espaifamilia.adrirodrigom2.es\/wp-content\/uploads\/2025\/09\/WhatsApp-Image-2025-09-18-at-18.49.31.jpeg 448w, https:\/\/espaifamilia.adrirodrigom2.es\/wp-content\/uploads\/2025\/09\/WhatsApp-Image-2025-09-18-at-18.49.31-263x300.jpeg 263w, https:\/\/espaifamilia.adrirodrigom2.es\/wp-content\/uploads\/2025\/09\/WhatsApp-Image-2025-09-18-at-18.49.31-11x12.jpeg 11w\" sizes=\"(max-width: 448px) 100vw, 448px\" \/>\t\t\t\t\t\t\t\t\t\t\t\t\t\t\t<\/div>\n\t\t\t\t<\/div>\n\t\t<div class=\"elementor-element elementor-element-ad3ade7 e-con-full e-flex e-con e-child\" data-id=\"ad3ade7\" data-element_type=\"container\" data-e-type=\"container\">\n\t\t\t\t<div class=\"elementor-element elementor-element-7030883 elementor-widget elementor-widget-heading\" data-id=\"7030883\" data-element_type=\"widget\" data-e-type=\"widget\" data-widget_type=\"heading.default\">\n\t\t\t\t\t<span class=\"elementor-heading-title elementor-size-default\"><a href=\"https:\/\/espaifamilia.adrirodrigom2.es\/es\">Psic\u00f3loga<\/a><\/span>\t\t\t\t<\/div>\n\t\t\t\t<div class=\"elementor-element elementor-element-06cbc55 elementor-widget elementor-widget-text-editor\" data-id=\"06cbc55\" data-element_type=\"widget\" data-e-type=\"widget\" data-widget_type=\"text-editor.default\">\n\t\t\t\t\t\t\t\t\t<p>Soy una persona emp\u00e1tica con buena escucha activa. Conecto f\u00e1cilmente con la gente con la que trabajo y que me rodea. Tengo buenas capacidades comunicativas, lo que ayuda a generar la confianza necesaria por un buen trabajo terap\u00e9utico. Me gusta trabajar con la gente. Soy positiva, optimista y entusiasta.<\/p><p>Trabajo con j\u00f3venes, adultos, parejas, familias y grupos desde una perspectiva integral, potenciando el desarrollo personal y la autogesti\u00f3n emocional.<\/p><p>Compagino la psicolog\u00eda con la edici\u00f3n de recursos de aprendizaje, tanto de tem\u00e1tica relacionada con la psicolog\u00eda como de otros, trabajo que me permite estar al d\u00eda de las nuevas tendencias.<\/p>\t\t\t\t\t\t\t\t<\/div>\n\t\t<div class=\"elementor-element elementor-element-878583c e-con-full e-flex e-con e-child\" data-id=\"878583c\" data-element_type=\"container\" data-e-type=\"container\">\n\t\t\t\t<div class=\"elementor-element elementor-element-74cbd76 elementor-widget elementor-widget-button\" data-id=\"74cbd76\" data-element_type=\"widget\" data-e-type=\"widget\" data-widget_type=\"button.default\">\n\t\t\t\t\t\t\t\t\t\t<a class=\"elementor-button elementor-button-link elementor-size-sm\" href=\"https:\/\/espaifamilia.adrirodrigom2.es\/es\/contacta\/\">\n\t\t\t\t\t\t<span class=\"elementor-button-content-wrapper\">\n\t\t\t\t\t\t\t\t\t<span class=\"elementor-button-text\">Solicita informaci\u00f3n<\/span>\n\t\t\t\t\t<\/span>\n\t\t\t\t\t<\/a>\n\t\t\t\t\t\t\t\t<\/div>\n\t\t\t\t<div class=\"elementor-element elementor-element-6effd73 elementor-widget elementor-widget-button\" data-id=\"6effd73\" data-element_type=\"widget\" data-e-type=\"widget\" data-widget_type=\"button.default\">\n\t\t\t\t\t\t\t\t\t\t<a class=\"elementor-button elementor-button-link elementor-size-sm\" href=\"https:\/\/espaifamilia.adrirodrigom2.es\/es\/qui-som\/#Equip\">\n\t\t\t\t\t\t<span class=\"elementor-button-content-wrapper\">\n\t\t\t\t\t\t\t\t\t<span class=\"elementor-button-text\">Volver atr\u00e1s<\/span>\n\t\t\t\t\t<\/span>\n\t\t\t\t\t<\/a>\n\t\t\t\t\t\t\t\t<\/div>\n\t\t\t\t<\/div>\n\t\t\t\t<\/div>\n\t\t\t\t\t<\/div>\n\t\t\t\t<\/div>\n\t\t\t\t<\/div>","protected":false},"excerpt":{"rendered":"<p>Equip Psic\u00f2loga Soc una persona emp\u00e0tica amb una bona escolta activa. Connecto f\u00e0cilment amb la gent amb la que treballo i que m\u2019envolta. Tinc bones capacitats comunicatives, fet que ajuda a generar la confian\u00e7a necess\u00e0ria per un bon treball terap\u00e8utic. M\u2019agrada treballar amb la gent. Soc positiva, optimista i entusiasta. Treballo amb joves, adults, parelles, [&hellip;]<\/p>\n","protected":false},"author":3,"featured_media":0,"parent":28,"menu_order":0,"comment_status":"closed","ping_status":"closed","template":"","meta":{"_joinchat":[],"footnotes":""},"class_list":["post-5111","page","type-page","status-publish","hentry"],"_links":{"self":[{"href":"https:\/\/espaifamilia.adrirodrigom2.es\/es\/wp-json\/wp\/v2\/pages\/5111","targetHints":{"allow":["GET"]}}],"collection":[{"href":"https:\/\/espaifamilia.adrirodrigom2.es\/es\/wp-json\/wp\/v2\/pages"}],"about":[{"href":"https:\/\/espaifamilia.adrirodrigom2.es\/es\/wp-json\/wp\/v2\/types\/page"}],"author":[{"embeddable":true,"href":"https:\/\/espaifamilia.adrirodrigom2.es\/es\/wp-json\/wp\/v2\/users\/3"}],"replies":[{"embeddable":true,"href":"https:\/\/espaifamilia.adrirodrigom2.es\/es\/wp-json\/wp\/v2\/comments?post=5111"}],"version-history":[{"count":13,"href":"https:\/\/espaifamilia.adrirodrigom2.es\/es\/wp-json\/wp\/v2\/pages\/5111\/revisions"}],"predecessor-version":[{"id":5220,"href":"https:\/\/espaifamilia.adrirodrigom2.es\/es\/wp-json\/wp\/v2\/pages\/5111\/revisions\/5220"}],"up":[{"embeddable":true,"href":"https:\/\/espaifamilia.adrirodrigom2.es\/es\/wp-json\/wp\/v2\/pages\/28"}],"wp:attachment":[{"href":"https:\/\/espaifamilia.adrirodrigom2.es\/es\/wp-json\/wp\/v2\/media?parent=5111"}],"curies":[{"name":"wp","href":"https:\/\/api.w.org\/{rel}","templated":true}]}}