{"id":5086,"date":"2026-02-02T10:13:50","date_gmt":"2026-02-02T10:13:50","guid":{"rendered":"https:\/\/espaifamilia.adrirodrigom2.es\/?page_id=5086"},"modified":"2026-03-01T12:54:15","modified_gmt":"2026-03-01T12:54:15","slug":"mariona-capella","status":"publish","type":"page","link":"https:\/\/espaifamilia.adrirodrigom2.es\/es\/qui-som\/mariona-capella","title":{"rendered":"Mariona Capella"},"content":{"rendered":"<div data-elementor-type=\"wp-page\" data-elementor-id=\"5086\" class=\"elementor elementor-5086\" data-elementor-post-type=\"page\">\n\t\t\t\t\t\t<section class=\"elementor-section elementor-top-section elementor-element elementor-element-95b5a2b elementor-section-height-min-height elementor-section-boxed elementor-section-height-default elementor-section-items-middle\" data-id=\"95b5a2b\" data-element_type=\"section\" data-e-type=\"section\" data-settings=\"{&quot;background_background&quot;:&quot;classic&quot;}\">\n\t\t\t\t\t\t\t<div class=\"elementor-background-overlay\"><\/div>\n\t\t\t\t\t\t\t<div class=\"elementor-container elementor-column-gap-default\">\n\t\t\t\t\t<div class=\"elementor-column elementor-col-100 elementor-top-column elementor-element elementor-element-d00db27\" data-id=\"d00db27\" data-element_type=\"column\" data-e-type=\"column\">\n\t\t\t<div class=\"elementor-widget-wrap elementor-element-populated\">\n\t\t\t\t\t\t<div class=\"elementor-element elementor-element-3e3e37f elementor-widget elementor-widget-heading\" data-id=\"3e3e37f\" data-element_type=\"widget\" data-e-type=\"widget\" data-widget_type=\"heading.default\">\n\t\t\t\t\t<span class=\"elementor-heading-title elementor-size-default\"><a href=\"https:\/\/espaifamilia.adrirodrigom2.es\/es\">Equipo<\/a><\/span>\t\t\t\t<\/div>\n\t\t\t\t\t<\/div>\n\t\t<\/div>\n\t\t\t\t\t<\/div>\n\t\t<\/section>\n\t\t<div class=\"elementor-element elementor-element-9aabfe4 e-flex e-con-boxed e-con e-parent\" data-id=\"9aabfe4\" data-element_type=\"container\" data-e-type=\"container\">\n\t\t\t\t\t<div class=\"e-con-inner\">\n\t\t<div class=\"elementor-element elementor-element-95e1ffe e-con-full e-flex e-con e-child\" data-id=\"95e1ffe\" data-element_type=\"container\" data-e-type=\"container\">\n\t\t\t\t<div class=\"elementor-element elementor-element-f626fc5 elementor-widget elementor-widget-image\" data-id=\"f626fc5\" data-element_type=\"widget\" data-e-type=\"widget\" data-widget_type=\"image.default\">\n\t\t\t\t\t\t\t\t\t\t\t\t\t\t\t<img fetchpriority=\"high\" decoding=\"async\" width=\"957\" height=\"1280\" src=\"https:\/\/espaifamilia.adrirodrigom2.es\/wp-content\/uploads\/2025\/09\/mariona.jpg\" class=\"attachment-full size-full wp-image-2635\" alt=\"\" srcset=\"https:\/\/espaifamilia.adrirodrigom2.es\/wp-content\/uploads\/2025\/09\/mariona.jpg 957w, https:\/\/espaifamilia.adrirodrigom2.es\/wp-content\/uploads\/2025\/09\/mariona-600x803.jpg 600w, https:\/\/espaifamilia.adrirodrigom2.es\/wp-content\/uploads\/2025\/09\/mariona-224x300.jpg 224w, https:\/\/espaifamilia.adrirodrigom2.es\/wp-content\/uploads\/2025\/09\/mariona-766x1024.jpg 766w, https:\/\/espaifamilia.adrirodrigom2.es\/wp-content\/uploads\/2025\/09\/mariona-768x1027.jpg 768w, https:\/\/espaifamilia.adrirodrigom2.es\/wp-content\/uploads\/2025\/09\/mariona-9x12.jpg 9w\" sizes=\"(max-width: 957px) 100vw, 957px\" \/>\t\t\t\t\t\t\t\t\t\t\t\t\t\t\t<\/div>\n\t\t\t\t<\/div>\n\t\t<div class=\"elementor-element elementor-element-ad3ade7 e-con-full e-flex e-con e-child\" data-id=\"ad3ade7\" data-element_type=\"container\" data-e-type=\"container\">\n\t\t\t\t<div class=\"elementor-element elementor-element-7030883 elementor-widget elementor-widget-heading\" data-id=\"7030883\" data-element_type=\"widget\" data-e-type=\"widget\" data-widget_type=\"heading.default\">\n\t\t\t\t\t<span class=\"elementor-heading-title elementor-size-default\"><a href=\"https:\/\/espaifamilia.adrirodrigom2.es\/es\">Psic\u00f3loga<\/a><\/span>\t\t\t\t<\/div>\n\t\t\t\t<div class=\"elementor-element elementor-element-06cbc55 elementor-widget elementor-widget-text-editor\" data-id=\"06cbc55\" data-element_type=\"widget\" data-e-type=\"widget\" data-widget_type=\"text-editor.default\">\n\t\t\t\t\t\t\t\t\t<p>Graduada en Psicolog\u00eda.<br data-start=\"147\" data-end=\"150\" \/>y M\u00e1ster General Sanitario.<\/p><p>\u201cMe apasiona trabajar con ni\u00f1os, cada d\u00eda me brindan la oportunidad de descubrir nuevas perspectivas, crecer y enriquecerme tanto personal como profesionalmente.<br data-start=\"364\" data-end=\"367\" \/>Los m\u00e1s peque\u00f1os tienen la capacidad de sorprender con su mirada \u00fanica y genuina del mundo, siendo un privilegio formar parte de su camino de crecimiento.\u201d<\/p>\t\t\t\t\t\t\t\t<\/div>\n\t\t<div class=\"elementor-element elementor-element-878583c e-con-full e-flex e-con e-child\" data-id=\"878583c\" data-element_type=\"container\" data-e-type=\"container\">\n\t\t\t\t<div class=\"elementor-element elementor-element-74cbd76 elementor-widget elementor-widget-button\" data-id=\"74cbd76\" data-element_type=\"widget\" data-e-type=\"widget\" data-widget_type=\"button.default\">\n\t\t\t\t\t\t\t\t\t\t<a class=\"elementor-button elementor-button-link elementor-size-sm\" href=\"https:\/\/espaifamilia.adrirodrigom2.es\/es\/contacta\/\">\n\t\t\t\t\t\t<span class=\"elementor-button-content-wrapper\">\n\t\t\t\t\t\t\t\t\t<span class=\"elementor-button-text\">Solicita informaci\u00f3n<\/span>\n\t\t\t\t\t<\/span>\n\t\t\t\t\t<\/a>\n\t\t\t\t\t\t\t\t<\/div>\n\t\t\t\t<div class=\"elementor-element elementor-element-6effd73 elementor-widget elementor-widget-button\" data-id=\"6effd73\" data-element_type=\"widget\" data-e-type=\"widget\" data-widget_type=\"button.default\">\n\t\t\t\t\t\t\t\t\t\t<a class=\"elementor-button elementor-button-link elementor-size-sm\" href=\"https:\/\/espaifamilia.adrirodrigom2.es\/es\/qui-som\/#Equip\">\n\t\t\t\t\t\t<span class=\"elementor-button-content-wrapper\">\n\t\t\t\t\t\t\t\t\t<span class=\"elementor-button-text\">Volver atr\u00e1s<\/span>\n\t\t\t\t\t<\/span>\n\t\t\t\t\t<\/a>\n\t\t\t\t\t\t\t\t<\/div>\n\t\t\t\t<\/div>\n\t\t\t\t<\/div>\n\t\t\t\t\t<\/div>\n\t\t\t\t<\/div>\n\t\t\t\t<\/div>","protected":false},"excerpt":{"rendered":"<p>Equip Psic\u00f3loga Graduada en Psicologia.i\u00a0 M\u00e0ster General Sanitari. \u201cM\u2019apassiona treballar amb infants, cada dia em brinden l\u2019oportunitat de descobrir noves perspectives, cr\u00e9ixer i enriquir-me tant personalment com professionalment.Els m\u00e9s petits tenen la capacitat de sorprendre amb la seva mirada \u00fanica i genu\u00efna del m\u00f3n, i \u00e9s un privilegi formar part del seu cam\u00ed de creixement.\u201d [&hellip;]<\/p>\n","protected":false},"author":3,"featured_media":0,"parent":28,"menu_order":0,"comment_status":"closed","ping_status":"closed","template":"","meta":{"_joinchat":[],"footnotes":""},"class_list":["post-5086","page","type-page","status-publish","hentry"],"_links":{"self":[{"href":"https:\/\/espaifamilia.adrirodrigom2.es\/es\/wp-json\/wp\/v2\/pages\/5086","targetHints":{"allow":["GET"]}}],"collection":[{"href":"https:\/\/espaifamilia.adrirodrigom2.es\/es\/wp-json\/wp\/v2\/pages"}],"about":[{"href":"https:\/\/espaifamilia.adrirodrigom2.es\/es\/wp-json\/wp\/v2\/types\/page"}],"author":[{"embeddable":true,"href":"https:\/\/espaifamilia.adrirodrigom2.es\/es\/wp-json\/wp\/v2\/users\/3"}],"replies":[{"embeddable":true,"href":"https:\/\/espaifamilia.adrirodrigom2.es\/es\/wp-json\/wp\/v2\/comments?post=5086"}],"version-history":[{"count":7,"href":"https:\/\/espaifamilia.adrirodrigom2.es\/es\/wp-json\/wp\/v2\/pages\/5086\/revisions"}],"predecessor-version":[{"id":5230,"href":"https:\/\/espaifamilia.adrirodrigom2.es\/es\/wp-json\/wp\/v2\/pages\/5086\/revisions\/5230"}],"up":[{"embeddable":true,"href":"https:\/\/espaifamilia.adrirodrigom2.es\/es\/wp-json\/wp\/v2\/pages\/28"}],"wp:attachment":[{"href":"https:\/\/espaifamilia.adrirodrigom2.es\/es\/wp-json\/wp\/v2\/media?parent=5086"}],"curies":[{"name":"wp","href":"https:\/\/api.w.org\/{rel}","templated":true}]}}