{"id":4755,"date":"2026-01-21T08:03:59","date_gmt":"2026-01-21T08:03:59","guid":{"rendered":"https:\/\/espaifamilia.adrirodrigom2.es\/?page_id=4755"},"modified":"2026-02-02T07:19:43","modified_gmt":"2026-02-02T07:19:43","slug":"terapia-de-parella","status":"publish","type":"page","link":"https:\/\/espaifamilia.adrirodrigom2.es\/es\/que-oferim\/acompanyament-familiar\/terapia-de-parella","title":{"rendered":"Ter\u00e0pia de parella"},"content":{"rendered":"<div data-elementor-type=\"wp-page\" data-elementor-id=\"4755\" class=\"elementor elementor-4755\" data-elementor-post-type=\"page\">\n\t\t\t\t\t\t<section class=\"elementor-section elementor-top-section elementor-element elementor-element-64bb7bf elementor-section-height-min-height elementor-section-boxed elementor-section-height-default elementor-section-items-middle\" data-id=\"64bb7bf\" data-element_type=\"section\" data-e-type=\"section\" data-settings=\"{&quot;background_background&quot;:&quot;classic&quot;}\">\n\t\t\t\t\t\t\t<div class=\"elementor-background-overlay\"><\/div>\n\t\t\t\t\t\t\t<div class=\"elementor-container elementor-column-gap-default\">\n\t\t\t\t\t<div class=\"elementor-column elementor-col-100 elementor-top-column elementor-element elementor-element-985a3b8\" data-id=\"985a3b8\" data-element_type=\"column\" data-e-type=\"column\">\n\t\t\t<div class=\"elementor-widget-wrap elementor-element-populated\">\n\t\t\t\t\t\t\t<\/div>\n\t\t<\/div>\n\t\t\t\t\t<\/div>\n\t\t<\/section>\n\t\t<div class=\"elementor-element elementor-element-836cff6 e-flex e-con-boxed e-con e-parent\" data-id=\"836cff6\" data-element_type=\"container\" data-e-type=\"container\">\n\t\t\t\t\t<div class=\"e-con-inner\">\n\t\t<div class=\"elementor-element elementor-element-b7e8996 e-con-full e-flex e-con e-child\" data-id=\"b7e8996\" data-element_type=\"container\" data-e-type=\"container\">\n\t\t\t\t<div class=\"elementor-element elementor-element-1d96632 elementor-widget elementor-widget-image\" data-id=\"1d96632\" data-element_type=\"widget\" data-e-type=\"widget\" data-widget_type=\"image.default\">\n\t\t\t\t\t\t\t\t\t\t\t\t\t\t\t<img fetchpriority=\"high\" decoding=\"async\" width=\"1703\" height=\"2560\" src=\"https:\/\/espaifamilia.adrirodrigom2.es\/wp-content\/uploads\/2026\/01\/married-couple-holding-hands-during-family-therapy-2026-01-06-09-18-30-utc-scaled.jpg\" class=\"attachment-full size-full wp-image-4724\" alt=\"\" srcset=\"https:\/\/espaifamilia.adrirodrigom2.es\/wp-content\/uploads\/2026\/01\/married-couple-holding-hands-during-family-therapy-2026-01-06-09-18-30-utc-scaled.jpg 1703w, https:\/\/espaifamilia.adrirodrigom2.es\/wp-content\/uploads\/2026\/01\/married-couple-holding-hands-during-family-therapy-2026-01-06-09-18-30-utc-scaled-600x902.jpg 600w, https:\/\/espaifamilia.adrirodrigom2.es\/wp-content\/uploads\/2026\/01\/married-couple-holding-hands-during-family-therapy-2026-01-06-09-18-30-utc-200x300.jpg 200w, https:\/\/espaifamilia.adrirodrigom2.es\/wp-content\/uploads\/2026\/01\/married-couple-holding-hands-during-family-therapy-2026-01-06-09-18-30-utc-681x1024.jpg 681w, https:\/\/espaifamilia.adrirodrigom2.es\/wp-content\/uploads\/2026\/01\/married-couple-holding-hands-during-family-therapy-2026-01-06-09-18-30-utc-768x1154.jpg 768w, https:\/\/espaifamilia.adrirodrigom2.es\/wp-content\/uploads\/2026\/01\/married-couple-holding-hands-during-family-therapy-2026-01-06-09-18-30-utc-1022x1536.jpg 1022w, https:\/\/espaifamilia.adrirodrigom2.es\/wp-content\/uploads\/2026\/01\/married-couple-holding-hands-during-family-therapy-2026-01-06-09-18-30-utc-1363x2048.jpg 1363w, https:\/\/espaifamilia.adrirodrigom2.es\/wp-content\/uploads\/2026\/01\/married-couple-holding-hands-during-family-therapy-2026-01-06-09-18-30-utc-8x12.jpg 8w\" sizes=\"(max-width: 1703px) 100vw, 1703px\" \/>\t\t\t\t\t\t\t\t\t\t\t\t\t\t\t<\/div>\n\t\t\t\t<\/div>\n\t\t<div class=\"elementor-element elementor-element-e5eae0c e-con-full e-flex e-con e-child\" data-id=\"e5eae0c\" data-element_type=\"container\" data-e-type=\"container\">\n\t\t\t\t<div class=\"elementor-element elementor-element-e4fcc56 elementor-widget elementor-widget-text-editor\" data-id=\"e4fcc56\" data-element_type=\"widget\" data-e-type=\"widget\" data-widget_type=\"text-editor.default\">\n\t\t\t\t\t\t\t\t\t<p>A l\u2019Espai Fam\u00edlia tamb\u00e9 dediquem temps, il\u00b7lusi\u00f3, cura i comprom\u00eds a l\u2019acompanyament de les parelles. Entenem la parella com un espai viu, en constant transformaci\u00f3, que necessita atenci\u00f3, escolta i recursos per poder cr\u00e9ixer i adaptar-se a les diferents etapes i reptes de la vida. Per aquest motiu, dissenyem serveis pensats espec\u00edficament per a parelles, amb l\u2019objectiu d\u2019afavorir la comunicaci\u00f3, refor\u00e7ar el vincle, gestionar els conflictes i recuperar la connexi\u00f3 emocional.<br \/>Els nostres serveis de parella ofereixen un espai segur i respectu\u00f3s on poder revisar din\u00e0miques, comprendre millor les necessitats individuals i compartides, i construir noves formes de relacionar-se m\u00e9s conscients i saludables. L\u2019objectiu \u00e9s que els aprenentatges i els canvis assolits es mantinguin en el temps, promovent l\u2019autonomia de la parella i facilitant un cam\u00ed compartit cap al benestar i l\u2019equilibri relacional.<\/p>\t\t\t\t\t\t\t\t<\/div>\n\t\t<div class=\"elementor-element elementor-element-fdfd958 e-con-full e-flex e-con e-child\" data-id=\"fdfd958\" data-element_type=\"container\" data-e-type=\"container\">\n\t\t\t\t<div class=\"elementor-element elementor-element-8cb8833 elementor-widget elementor-widget-button\" data-id=\"8cb8833\" data-element_type=\"widget\" data-e-type=\"widget\" data-widget_type=\"button.default\">\n\t\t\t\t\t\t\t\t\t\t<a class=\"elementor-button elementor-button-link elementor-size-sm\" href=\"https:\/\/espaifamilia.adrirodrigom2.es\/es\/que-oferim\/acompanyament-familiar\/packs-familiars\/\">\n\t\t\t\t\t\t<span class=\"elementor-button-content-wrapper\">\n\t\t\t\t\t\t\t\t\t<span class=\"elementor-button-text\">Pack Familiars<\/span>\n\t\t\t\t\t<\/span>\n\t\t\t\t\t<\/a>\n\t\t\t\t\t\t\t\t<\/div>\n\t\t\t\t<div class=\"elementor-element elementor-element-29dcf4b elementor-widget elementor-widget-button\" data-id=\"29dcf4b\" data-element_type=\"widget\" data-e-type=\"widget\" data-widget_type=\"button.default\">\n\t\t\t\t\t\t\t\t\t\t<a class=\"elementor-button elementor-button-link elementor-size-sm\" href=\"https:\/\/espaifamilia.adrirodrigom2.es\/es\/contacta\/\">\n\t\t\t\t\t\t<span class=\"elementor-button-content-wrapper\">\n\t\t\t\t\t\t\t\t\t<span class=\"elementor-button-text\">Solicita informaci\u00f3n<\/span>\n\t\t\t\t\t<\/span>\n\t\t\t\t\t<\/a>\n\t\t\t\t\t\t\t\t<\/div>\n\t\t\t\t<div class=\"elementor-element elementor-element-c26726c elementor-widget elementor-widget-button\" data-id=\"c26726c\" data-element_type=\"widget\" data-e-type=\"widget\" data-widget_type=\"button.default\">\n\t\t\t\t\t\t\t\t\t\t<a class=\"elementor-button elementor-button-link elementor-size-sm\" href=\"https:\/\/espaifamilia.adrirodrigom2.es\/es\/que-oferim\/acompanyament-familiar\/\">\n\t\t\t\t\t\t<span class=\"elementor-button-content-wrapper\">\n\t\t\t\t\t\t\t\t\t<span class=\"elementor-button-text\">Volver atr\u00e1s<\/span>\n\t\t\t\t\t<\/span>\n\t\t\t\t\t<\/a>\n\t\t\t\t\t\t\t\t<\/div>\n\t\t\t\t<\/div>\n\t\t\t\t<\/div>\n\t\t\t\t\t<\/div>\n\t\t\t\t<\/div>\n\t\t\t\t<\/div>","protected":false},"excerpt":{"rendered":"<p>A l\u2019Espai Fam\u00edlia tamb\u00e9 dediquem temps, il\u00b7lusi\u00f3, cura i comprom\u00eds a l\u2019acompanyament de les parelles. Entenem la parella com un espai viu, en constant transformaci\u00f3, que necessita atenci\u00f3, escolta i recursos per poder cr\u00e9ixer i adaptar-se a les diferents etapes i reptes de la vida. Per aquest motiu, dissenyem serveis pensats espec\u00edficament per a parelles, [&hellip;]<\/p>\n","protected":false},"author":3,"featured_media":0,"parent":125,"menu_order":1,"comment_status":"closed","ping_status":"closed","template":"elementor_header_footer","meta":{"_joinchat":[],"footnotes":""},"class_list":["post-4755","page","type-page","status-publish","hentry"],"_links":{"self":[{"href":"https:\/\/espaifamilia.adrirodrigom2.es\/es\/wp-json\/wp\/v2\/pages\/4755","targetHints":{"allow":["GET"]}}],"collection":[{"href":"https:\/\/espaifamilia.adrirodrigom2.es\/es\/wp-json\/wp\/v2\/pages"}],"about":[{"href":"https:\/\/espaifamilia.adrirodrigom2.es\/es\/wp-json\/wp\/v2\/types\/page"}],"author":[{"embeddable":true,"href":"https:\/\/espaifamilia.adrirodrigom2.es\/es\/wp-json\/wp\/v2\/users\/3"}],"replies":[{"embeddable":true,"href":"https:\/\/espaifamilia.adrirodrigom2.es\/es\/wp-json\/wp\/v2\/comments?post=4755"}],"version-history":[{"count":10,"href":"https:\/\/espaifamilia.adrirodrigom2.es\/es\/wp-json\/wp\/v2\/pages\/4755\/revisions"}],"predecessor-version":[{"id":4997,"href":"https:\/\/espaifamilia.adrirodrigom2.es\/es\/wp-json\/wp\/v2\/pages\/4755\/revisions\/4997"}],"up":[{"embeddable":true,"href":"https:\/\/espaifamilia.adrirodrigom2.es\/es\/wp-json\/wp\/v2\/pages\/125"}],"wp:attachment":[{"href":"https:\/\/espaifamilia.adrirodrigom2.es\/es\/wp-json\/wp\/v2\/media?parent=4755"}],"curies":[{"name":"wp","href":"https:\/\/api.w.org\/{rel}","templated":true}]}}