{"id":4641,"date":"2026-01-15T08:47:11","date_gmt":"2026-01-15T08:47:11","guid":{"rendered":"https:\/\/espaifamilia.adrirodrigom2.es\/?page_id=4641"},"modified":"2026-02-02T07:22:07","modified_gmt":"2026-02-02T07:22:07","slug":"psicologia-dadults","status":"publish","type":"page","link":"https:\/\/espaifamilia.adrirodrigom2.es\/es\/que-oferim\/serveis-per-a-adults\/psicologia-dadults","title":{"rendered":"Psicolog\u00eda de adultos"},"content":{"rendered":"<div data-elementor-type=\"wp-page\" data-elementor-id=\"4641\" class=\"elementor elementor-4641\" data-elementor-post-type=\"page\">\n\t\t\t\t\t\t<section class=\"elementor-section elementor-top-section elementor-element elementor-element-64bb7bf elementor-section-height-min-height elementor-section-boxed elementor-section-height-default elementor-section-items-middle\" data-id=\"64bb7bf\" data-element_type=\"section\" data-e-type=\"section\" data-settings=\"{&quot;background_background&quot;:&quot;classic&quot;}\">\n\t\t\t\t\t\t\t<div class=\"elementor-background-overlay\"><\/div>\n\t\t\t\t\t\t\t<div class=\"elementor-container elementor-column-gap-default\">\n\t\t\t\t\t<div class=\"elementor-column elementor-col-100 elementor-top-column elementor-element elementor-element-985a3b8\" data-id=\"985a3b8\" data-element_type=\"column\" data-e-type=\"column\">\n\t\t\t<div class=\"elementor-widget-wrap elementor-element-populated\">\n\t\t\t\t\t\t\t<\/div>\n\t\t<\/div>\n\t\t\t\t\t<\/div>\n\t\t<\/section>\n\t\t<div class=\"elementor-element elementor-element-836cff6 e-flex e-con-boxed e-con e-parent\" data-id=\"836cff6\" data-element_type=\"container\" data-e-type=\"container\">\n\t\t\t\t\t<div class=\"e-con-inner\">\n\t\t<div class=\"elementor-element elementor-element-b7e8996 e-con-full e-flex e-con e-child\" data-id=\"b7e8996\" data-element_type=\"container\" data-e-type=\"container\">\n\t\t\t\t<div class=\"elementor-element elementor-element-1d96632 elementor-widget elementor-widget-image\" data-id=\"1d96632\" data-element_type=\"widget\" data-e-type=\"widget\" data-widget_type=\"image.default\">\n\t\t\t\t\t\t\t\t\t\t\t\t\t\t\t<img fetchpriority=\"high\" decoding=\"async\" width=\"2560\" height=\"1708\" src=\"https:\/\/espaifamilia.adrirodrigom2.es\/wp-content\/uploads\/2026\/01\/female-psychologist-holding-hand-of-woman-coach-w-2026-01-05-05-46-33-utc-scaled.jpg\" class=\"attachment-full size-full wp-image-4637\" alt=\"\" srcset=\"https:\/\/espaifamilia.adrirodrigom2.es\/wp-content\/uploads\/2026\/01\/female-psychologist-holding-hand-of-woman-coach-w-2026-01-05-05-46-33-utc-scaled.jpg 2560w, https:\/\/espaifamilia.adrirodrigom2.es\/wp-content\/uploads\/2026\/01\/female-psychologist-holding-hand-of-woman-coach-w-2026-01-05-05-46-33-utc-scaled-600x400.jpg 600w, https:\/\/espaifamilia.adrirodrigom2.es\/wp-content\/uploads\/2026\/01\/female-psychologist-holding-hand-of-woman-coach-w-2026-01-05-05-46-33-utc-300x200.jpg 300w, https:\/\/espaifamilia.adrirodrigom2.es\/wp-content\/uploads\/2026\/01\/female-psychologist-holding-hand-of-woman-coach-w-2026-01-05-05-46-33-utc-1024x683.jpg 1024w, https:\/\/espaifamilia.adrirodrigom2.es\/wp-content\/uploads\/2026\/01\/female-psychologist-holding-hand-of-woman-coach-w-2026-01-05-05-46-33-utc-768x512.jpg 768w, https:\/\/espaifamilia.adrirodrigom2.es\/wp-content\/uploads\/2026\/01\/female-psychologist-holding-hand-of-woman-coach-w-2026-01-05-05-46-33-utc-1536x1025.jpg 1536w, https:\/\/espaifamilia.adrirodrigom2.es\/wp-content\/uploads\/2026\/01\/female-psychologist-holding-hand-of-woman-coach-w-2026-01-05-05-46-33-utc-2048x1366.jpg 2048w, https:\/\/espaifamilia.adrirodrigom2.es\/wp-content\/uploads\/2026\/01\/female-psychologist-holding-hand-of-woman-coach-w-2026-01-05-05-46-33-utc-18x12.jpg 18w\" sizes=\"(max-width: 2560px) 100vw, 2560px\" \/>\t\t\t\t\t\t\t\t\t\t\t\t\t\t\t<\/div>\n\t\t\t\t<\/div>\n\t\t<div class=\"elementor-element elementor-element-e5eae0c e-con-full e-flex e-con e-child\" data-id=\"e5eae0c\" data-element_type=\"container\" data-e-type=\"container\">\n\t\t\t\t<div class=\"elementor-element elementor-element-e4fcc56 elementor-widget elementor-widget-text-editor\" data-id=\"e4fcc56\" data-element_type=\"widget\" data-e-type=\"widget\" data-widget_type=\"text-editor.default\">\n\t\t\t\t\t\t\t\t\t<p>A l\u2019Espai Fam\u00edlia oferim ter\u00e0pia familiar com un espai d\u2019acompanyament per a fam\u00edlies que volen millorar la seva comunicaci\u00f3, afrontar moments de canvi o dificultat i refor\u00e7ar els vincles familiars. Treballem des d\u2019una mirada sist\u00e8mica, entenent la fam\u00edlia com un conjunt en qu\u00e8 cada membre influeix en els altres.<br \/>Paral\u00b7lelament, tamb\u00e9 oferim ter\u00e0pia i psicoter\u00e0pia individual per a adults que presenten situacions d\u2019ansietat, trauma, depressi\u00f3, crisi vital, desmotivaci\u00f3, desorientaci\u00f3, bloquejos, pors i f\u00f2bies, dificultats relacionades amb la personalitat, processos de dol, Altes Capacitats o necessitats de creixement personal.<br \/>La ter\u00e0pia familiar i individual permet abordar aquestes situacions sempre partint dels recursos i fortaleses de cada persona i de cada fam\u00edlia. L\u2019objectiu \u00e9s afavorir din\u00e0miques m\u00e9s sanes i funcionals que contribueixin al benestar emocional i relacional.<br \/>Les sessions poden ser puntuals o formar part d\u2019un proc\u00e9s d\u2019acompanyament continuat, adaptat a les necessitats de cada fam\u00edlia o persona, i es poden realitzar al centre, en format en l\u00ednia o, en alguns casos, a domicili.<\/p>\t\t\t\t\t\t\t\t<\/div>\n\t\t<div class=\"elementor-element elementor-element-bfec876 e-con-full e-flex e-con e-child\" data-id=\"bfec876\" data-element_type=\"container\" data-e-type=\"container\">\n\t\t\t\t<div class=\"elementor-element elementor-element-06a2535 elementor-widget elementor-widget-button\" data-id=\"06a2535\" data-element_type=\"widget\" data-e-type=\"widget\" data-widget_type=\"button.default\">\n\t\t\t\t\t\t\t\t\t\t<a class=\"elementor-button elementor-button-link elementor-size-sm\" href=\"https:\/\/espaifamilia.adrirodrigom2.es\/es\/contacta\/\">\n\t\t\t\t\t\t<span class=\"elementor-button-content-wrapper\">\n\t\t\t\t\t\t\t\t\t<span class=\"elementor-button-text\">Solicita informaci\u00f3n<\/span>\n\t\t\t\t\t<\/span>\n\t\t\t\t\t<\/a>\n\t\t\t\t\t\t\t\t<\/div>\n\t\t\t\t<div class=\"elementor-element elementor-element-f2a1996 elementor-widget elementor-widget-button\" data-id=\"f2a1996\" data-element_type=\"widget\" data-e-type=\"widget\" data-widget_type=\"button.default\">\n\t\t\t\t\t\t\t\t\t\t<a class=\"elementor-button elementor-button-link elementor-size-sm\" href=\"https:\/\/espaifamilia.adrirodrigom2.es\/es\/que-oferim\/serveis-per-a-adults\/\">\n\t\t\t\t\t\t<span class=\"elementor-button-content-wrapper\">\n\t\t\t\t\t\t\t\t\t<span class=\"elementor-button-text\">Volver atr\u00e1s<\/span>\n\t\t\t\t\t<\/span>\n\t\t\t\t\t<\/a>\n\t\t\t\t\t\t\t\t<\/div>\n\t\t\t\t<\/div>\n\t\t\t\t<\/div>\n\t\t\t\t\t<\/div>\n\t\t\t\t<\/div>\n\t\t\t\t<\/div>","protected":false},"excerpt":{"rendered":"<p>A l\u2019Espai Fam\u00edlia oferim ter\u00e0pia familiar com un espai d\u2019acompanyament per a fam\u00edlies que volen millorar la seva comunicaci\u00f3, afrontar moments de canvi o dificultat i refor\u00e7ar els vincles familiars. Treballem des d\u2019una mirada sist\u00e8mica, entenent la fam\u00edlia com un conjunt en qu\u00e8 cada membre influeix en els altres.Paral\u00b7lelament, tamb\u00e9 oferim ter\u00e0pia i psicoter\u00e0pia individual [&hellip;]<\/p>\n","protected":false},"author":3,"featured_media":0,"parent":4629,"menu_order":1,"comment_status":"closed","ping_status":"closed","template":"elementor_header_footer","meta":{"_joinchat":[],"footnotes":""},"class_list":["post-4641","page","type-page","status-publish","hentry"],"_links":{"self":[{"href":"https:\/\/espaifamilia.adrirodrigom2.es\/es\/wp-json\/wp\/v2\/pages\/4641","targetHints":{"allow":["GET"]}}],"collection":[{"href":"https:\/\/espaifamilia.adrirodrigom2.es\/es\/wp-json\/wp\/v2\/pages"}],"about":[{"href":"https:\/\/espaifamilia.adrirodrigom2.es\/es\/wp-json\/wp\/v2\/types\/page"}],"author":[{"embeddable":true,"href":"https:\/\/espaifamilia.adrirodrigom2.es\/es\/wp-json\/wp\/v2\/users\/3"}],"replies":[{"embeddable":true,"href":"https:\/\/espaifamilia.adrirodrigom2.es\/es\/wp-json\/wp\/v2\/comments?post=4641"}],"version-history":[{"count":13,"href":"https:\/\/espaifamilia.adrirodrigom2.es\/es\/wp-json\/wp\/v2\/pages\/4641\/revisions"}],"predecessor-version":[{"id":5009,"href":"https:\/\/espaifamilia.adrirodrigom2.es\/es\/wp-json\/wp\/v2\/pages\/4641\/revisions\/5009"}],"up":[{"embeddable":true,"href":"https:\/\/espaifamilia.adrirodrigom2.es\/es\/wp-json\/wp\/v2\/pages\/4629"}],"wp:attachment":[{"href":"https:\/\/espaifamilia.adrirodrigom2.es\/es\/wp-json\/wp\/v2\/media?parent=4641"}],"curies":[{"name":"wp","href":"https:\/\/api.w.org\/{rel}","templated":true}]}}