{"id":4596,"date":"2025-12-08T13:43:11","date_gmt":"2025-12-08T13:43:11","guid":{"rendered":"https:\/\/espaifamilia.adrirodrigom2.es\/?page_id=4596"},"modified":"2026-02-02T06:39:15","modified_gmt":"2026-02-02T06:39:15","slug":"atencio-precoc","status":"publish","type":"page","link":"https:\/\/espaifamilia.adrirodrigom2.es\/es\/que-oferim\/atencio-i-tractament-infantil\/atencio-precoc","title":{"rendered":"Atenci\u00f3n Precoz"},"content":{"rendered":"<div data-elementor-type=\"wp-page\" data-elementor-id=\"4596\" class=\"elementor elementor-4596\" data-elementor-post-type=\"page\">\n\t\t\t\t\t\t<section class=\"elementor-section elementor-top-section elementor-element elementor-element-759248a elementor-section-height-min-height elementor-section-boxed elementor-section-height-default elementor-section-items-middle\" data-id=\"759248a\" data-element_type=\"section\" data-e-type=\"section\" data-settings=\"{&quot;background_background&quot;:&quot;classic&quot;}\">\n\t\t\t\t\t\t\t<div class=\"elementor-background-overlay\"><\/div>\n\t\t\t\t\t\t\t<div class=\"elementor-container elementor-column-gap-default\">\n\t\t\t\t\t<div class=\"elementor-column elementor-col-100 elementor-top-column elementor-element elementor-element-c5d0a32\" data-id=\"c5d0a32\" data-element_type=\"column\" data-e-type=\"column\">\n\t\t\t<div class=\"elementor-widget-wrap elementor-element-populated\">\n\t\t\t\t\t\t\t<\/div>\n\t\t<\/div>\n\t\t\t\t\t<\/div>\n\t\t<\/section>\n\t\t<div class=\"elementor-element elementor-element-9b8508f e-flex e-con-boxed e-con e-parent\" data-id=\"9b8508f\" data-element_type=\"container\" data-e-type=\"container\">\n\t\t\t\t\t<div class=\"e-con-inner\">\n\t\t<div class=\"elementor-element elementor-element-501650c e-con-full e-flex e-con e-child\" data-id=\"501650c\" data-element_type=\"container\" data-e-type=\"container\">\n\t\t<div class=\"elementor-element elementor-element-1d167ba e-con-full e-flex e-con e-child\" data-id=\"1d167ba\" data-element_type=\"container\" data-e-type=\"container\">\n\t\t\t\t<div class=\"elementor-element elementor-element-27115f4 elementor-widget elementor-widget-image\" data-id=\"27115f4\" data-element_type=\"widget\" data-e-type=\"widget\" data-widget_type=\"image.default\">\n\t\t\t\t\t\t\t\t\t\t\t\t\t\t\t<img fetchpriority=\"high\" decoding=\"async\" width=\"1707\" height=\"2560\" src=\"https:\/\/espaifamilia.adrirodrigom2.es\/wp-content\/uploads\/2025\/12\/teacher-and-students-in-an-ecology-classroom-learn-2025-03-17-07-54-51-utc-scaled.jpg\" class=\"attachment-full size-full wp-image-4598\" alt=\"\" srcset=\"https:\/\/espaifamilia.adrirodrigom2.es\/wp-content\/uploads\/2025\/12\/teacher-and-students-in-an-ecology-classroom-learn-2025-03-17-07-54-51-utc-scaled.jpg 1707w, https:\/\/espaifamilia.adrirodrigom2.es\/wp-content\/uploads\/2025\/12\/teacher-and-students-in-an-ecology-classroom-learn-2025-03-17-07-54-51-utc-scaled-600x900.jpg 600w, https:\/\/espaifamilia.adrirodrigom2.es\/wp-content\/uploads\/2025\/12\/teacher-and-students-in-an-ecology-classroom-learn-2025-03-17-07-54-51-utc-200x300.jpg 200w, https:\/\/espaifamilia.adrirodrigom2.es\/wp-content\/uploads\/2025\/12\/teacher-and-students-in-an-ecology-classroom-learn-2025-03-17-07-54-51-utc-683x1024.jpg 683w, https:\/\/espaifamilia.adrirodrigom2.es\/wp-content\/uploads\/2025\/12\/teacher-and-students-in-an-ecology-classroom-learn-2025-03-17-07-54-51-utc-768x1152.jpg 768w, https:\/\/espaifamilia.adrirodrigom2.es\/wp-content\/uploads\/2025\/12\/teacher-and-students-in-an-ecology-classroom-learn-2025-03-17-07-54-51-utc-1024x1536.jpg 1024w, https:\/\/espaifamilia.adrirodrigom2.es\/wp-content\/uploads\/2025\/12\/teacher-and-students-in-an-ecology-classroom-learn-2025-03-17-07-54-51-utc-1365x2048.jpg 1365w, https:\/\/espaifamilia.adrirodrigom2.es\/wp-content\/uploads\/2025\/12\/teacher-and-students-in-an-ecology-classroom-learn-2025-03-17-07-54-51-utc-8x12.jpg 8w\" sizes=\"(max-width: 1707px) 100vw, 1707px\" \/>\t\t\t\t\t\t\t\t\t\t\t\t\t\t\t<\/div>\n\t\t\t\t<\/div>\n\t\t<div class=\"elementor-element elementor-element-c7aa41f e-con-full e-flex e-con e-child\" data-id=\"c7aa41f\" data-element_type=\"container\" data-e-type=\"container\">\n\t\t\t\t<div class=\"elementor-element elementor-element-b6b7c4a elementor-widget__width-inherit elementor-widget elementor-widget-text-editor\" data-id=\"b6b7c4a\" data-element_type=\"widget\" data-e-type=\"widget\" data-widget_type=\"text-editor.default\">\n\t\t\t\t\t\t\t\t\t<p>Per a nens de 0 a 6 anys, amb algun endarreriment, dificultat o trastorn del neurodesenvolupament. Es treballar\u00e0 de manera individual o petits grups, en funci\u00f3 de l\u2019edat i la dificultat. La implicaci\u00f3 dels pares en la millora dels seus fills sempre \u00e9s important, per\u00f2 molt m\u00e9s en aquesta edat, en qu\u00e8 la plasticitat neuronal \u00e9s tan flexible. Es treballa amb el nen, entrenant alhora als pares, per a optimitzar el tractament, aprofitant aquesta finestra del desenvolupament (0-6 anys) i la gran flexibilitat neuronal que presenta, permetent-nos aix\u00ed caminar cap a un millor pron\u00f2stic.\u00a0<\/p><p>Les nostres especialistes en Atenci\u00f3 Preco\u00e7 coneixen les darreres t\u00e8cniques i tractaments amb millor evid\u00e8ncia cient\u00edfica, planifiquen con juntament amb la coordinadora i els pares el seu Pla d\u2019intervenci\u00f3 i temporalitzen els objectius en funci\u00f3 dels coneixements en desenvolupament infantil actuals.<\/p>\t\t\t\t\t\t\t\t<\/div>\n\t\t<div class=\"elementor-element elementor-element-75746a0 e-con-full e-flex e-con e-child\" data-id=\"75746a0\" data-element_type=\"container\" data-e-type=\"container\">\n\t\t\t\t<div class=\"elementor-element elementor-element-682bd03 elementor-widget elementor-widget-button\" data-id=\"682bd03\" data-element_type=\"widget\" data-e-type=\"widget\" data-widget_type=\"button.default\">\n\t\t\t\t\t\t\t\t\t\t<a class=\"elementor-button elementor-button-link elementor-size-sm\" href=\"https:\/\/espaifamilia.adrirodrigom2.es\/es\/contacta\/\">\n\t\t\t\t\t\t<span class=\"elementor-button-content-wrapper\">\n\t\t\t\t\t\t\t\t\t<span class=\"elementor-button-text\">Solicita informaci\u00f3n<\/span>\n\t\t\t\t\t<\/span>\n\t\t\t\t\t<\/a>\n\t\t\t\t\t\t\t\t<\/div>\n\t\t\t\t<div class=\"elementor-element elementor-element-387474a elementor-widget elementor-widget-button\" data-id=\"387474a\" data-element_type=\"widget\" data-e-type=\"widget\" data-widget_type=\"button.default\">\n\t\t\t\t\t\t\t\t\t\t<a class=\"elementor-button elementor-button-link elementor-size-sm\" href=\"https:\/\/espaifamilia.adrirodrigom2.es\/es\/que-oferim\/atencio-i-tractament-infantil\/\">\n\t\t\t\t\t\t<span class=\"elementor-button-content-wrapper\">\n\t\t\t\t\t\t\t\t\t<span class=\"elementor-button-text\">Vuelve atr\u00e1s <\/span>\n\t\t\t\t\t<\/span>\n\t\t\t\t\t<\/a>\n\t\t\t\t\t\t\t\t<\/div>\n\t\t\t\t<\/div>\n\t\t\t\t<\/div>\n\t\t\t\t<\/div>\n\t\t\t\t\t<\/div>\n\t\t\t\t<\/div>\n\t\t\t\t<\/div>","protected":false},"excerpt":{"rendered":"<p>Per a nens de 0 a 6 anys, amb algun endarreriment, dificultat o trastorn del neurodesenvolupament. Es treballar\u00e0 de manera individual o petits grups, en funci\u00f3 de l\u2019edat i la dificultat. La implicaci\u00f3 dels pares en la millora dels seus fills sempre \u00e9s important, per\u00f2 molt m\u00e9s en aquesta edat, en qu\u00e8 la plasticitat neuronal [&hellip;]<\/p>\n","protected":false},"author":3,"featured_media":0,"parent":131,"menu_order":4,"comment_status":"closed","ping_status":"closed","template":"elementor_header_footer","meta":{"_joinchat":[],"footnotes":""},"class_list":["post-4596","page","type-page","status-publish","hentry"],"_links":{"self":[{"href":"https:\/\/espaifamilia.adrirodrigom2.es\/es\/wp-json\/wp\/v2\/pages\/4596","targetHints":{"allow":["GET"]}}],"collection":[{"href":"https:\/\/espaifamilia.adrirodrigom2.es\/es\/wp-json\/wp\/v2\/pages"}],"about":[{"href":"https:\/\/espaifamilia.adrirodrigom2.es\/es\/wp-json\/wp\/v2\/types\/page"}],"author":[{"embeddable":true,"href":"https:\/\/espaifamilia.adrirodrigom2.es\/es\/wp-json\/wp\/v2\/users\/3"}],"replies":[{"embeddable":true,"href":"https:\/\/espaifamilia.adrirodrigom2.es\/es\/wp-json\/wp\/v2\/comments?post=4596"}],"version-history":[{"count":10,"href":"https:\/\/espaifamilia.adrirodrigom2.es\/es\/wp-json\/wp\/v2\/pages\/4596\/revisions"}],"predecessor-version":[{"id":4935,"href":"https:\/\/espaifamilia.adrirodrigom2.es\/es\/wp-json\/wp\/v2\/pages\/4596\/revisions\/4935"}],"up":[{"embeddable":true,"href":"https:\/\/espaifamilia.adrirodrigom2.es\/es\/wp-json\/wp\/v2\/pages\/131"}],"wp:attachment":[{"href":"https:\/\/espaifamilia.adrirodrigom2.es\/es\/wp-json\/wp\/v2\/media?parent=4596"}],"curies":[{"name":"wp","href":"https:\/\/api.w.org\/{rel}","templated":true}]}}