{"id":4579,"date":"2025-12-08T13:28:20","date_gmt":"2025-12-08T13:28:20","guid":{"rendered":"https:\/\/espaifamilia.adrirodrigom2.es\/?page_id=4579"},"modified":"2026-02-02T06:38:41","modified_gmt":"2026-02-02T06:38:41","slug":"terapia-ocupacional-i-integracio-sensorial","status":"publish","type":"page","link":"https:\/\/espaifamilia.adrirodrigom2.es\/es\/que-oferim\/atencio-i-tractament-infantil\/terapia-ocupacional-i-integracio-sensorial","title":{"rendered":"Terapia Ocupacional e Integraci\u00f3n Sensorial"},"content":{"rendered":"<div data-elementor-type=\"wp-page\" data-elementor-id=\"4579\" class=\"elementor elementor-4579\" data-elementor-post-type=\"page\">\n\t\t\t\t\t\t<section class=\"elementor-section elementor-top-section elementor-element elementor-element-b9ccfa3 elementor-section-height-min-height elementor-section-boxed elementor-section-height-default elementor-section-items-middle\" data-id=\"b9ccfa3\" data-element_type=\"section\" data-e-type=\"section\" data-settings=\"{&quot;background_background&quot;:&quot;classic&quot;}\">\n\t\t\t\t\t\t\t<div class=\"elementor-background-overlay\"><\/div>\n\t\t\t\t\t\t\t<div class=\"elementor-container elementor-column-gap-default\">\n\t\t\t\t\t<div class=\"elementor-column elementor-col-100 elementor-top-column elementor-element elementor-element-c7e27ad\" data-id=\"c7e27ad\" data-element_type=\"column\" data-e-type=\"column\">\n\t\t\t<div class=\"elementor-widget-wrap elementor-element-populated\">\n\t\t\t\t\t\t\t<\/div>\n\t\t<\/div>\n\t\t\t\t\t<\/div>\n\t\t<\/section>\n\t\t<div class=\"elementor-element elementor-element-9b8508f e-flex e-con-boxed e-con e-parent\" data-id=\"9b8508f\" data-element_type=\"container\" data-e-type=\"container\">\n\t\t\t\t\t<div class=\"e-con-inner\">\n\t\t<div class=\"elementor-element elementor-element-501650c e-con-full e-flex e-con e-child\" data-id=\"501650c\" data-element_type=\"container\" data-e-type=\"container\">\n\t\t<div class=\"elementor-element elementor-element-1d167ba e-con-full e-flex e-con e-child\" data-id=\"1d167ba\" data-element_type=\"container\" data-e-type=\"container\">\n\t\t\t\t<div class=\"elementor-element elementor-element-27115f4 elementor-widget elementor-widget-image\" data-id=\"27115f4\" data-element_type=\"widget\" data-e-type=\"widget\" data-widget_type=\"image.default\">\n\t\t\t\t\t\t\t\t\t\t\t\t\t\t\t<img fetchpriority=\"high\" decoding=\"async\" width=\"1707\" height=\"2560\" src=\"https:\/\/espaifamilia.adrirodrigom2.es\/wp-content\/uploads\/2025\/12\/children-playing-with-sand-in-an-indoor-play-area-2025-05-07-18-36-24-utc-scaled.jpg\" class=\"attachment-full size-full wp-image-4583\" alt=\"\" srcset=\"https:\/\/espaifamilia.adrirodrigom2.es\/wp-content\/uploads\/2025\/12\/children-playing-with-sand-in-an-indoor-play-area-2025-05-07-18-36-24-utc-scaled.jpg 1707w, https:\/\/espaifamilia.adrirodrigom2.es\/wp-content\/uploads\/2025\/12\/children-playing-with-sand-in-an-indoor-play-area-2025-05-07-18-36-24-utc-scaled-600x900.jpg 600w, https:\/\/espaifamilia.adrirodrigom2.es\/wp-content\/uploads\/2025\/12\/children-playing-with-sand-in-an-indoor-play-area-2025-05-07-18-36-24-utc-200x300.jpg 200w, https:\/\/espaifamilia.adrirodrigom2.es\/wp-content\/uploads\/2025\/12\/children-playing-with-sand-in-an-indoor-play-area-2025-05-07-18-36-24-utc-683x1024.jpg 683w, https:\/\/espaifamilia.adrirodrigom2.es\/wp-content\/uploads\/2025\/12\/children-playing-with-sand-in-an-indoor-play-area-2025-05-07-18-36-24-utc-768x1152.jpg 768w, https:\/\/espaifamilia.adrirodrigom2.es\/wp-content\/uploads\/2025\/12\/children-playing-with-sand-in-an-indoor-play-area-2025-05-07-18-36-24-utc-1024x1536.jpg 1024w, https:\/\/espaifamilia.adrirodrigom2.es\/wp-content\/uploads\/2025\/12\/children-playing-with-sand-in-an-indoor-play-area-2025-05-07-18-36-24-utc-1365x2048.jpg 1365w, https:\/\/espaifamilia.adrirodrigom2.es\/wp-content\/uploads\/2025\/12\/children-playing-with-sand-in-an-indoor-play-area-2025-05-07-18-36-24-utc-8x12.jpg 8w\" sizes=\"(max-width: 1707px) 100vw, 1707px\" \/>\t\t\t\t\t\t\t\t\t\t\t\t\t\t\t<\/div>\n\t\t\t\t<\/div>\n\t\t<div class=\"elementor-element elementor-element-c7aa41f e-con-full e-flex e-con e-child\" data-id=\"c7aa41f\" data-element_type=\"container\" data-e-type=\"container\">\n\t\t\t\t<div class=\"elementor-element elementor-element-b6b7c4a elementor-widget__width-inherit elementor-widget elementor-widget-text-editor\" data-id=\"b6b7c4a\" data-element_type=\"widget\" data-e-type=\"widget\" data-widget_type=\"text-editor.default\">\n\t\t\t\t\t\t\t\t\t<p>La Integraci\u00f3 Sensorial \u00e9s una especialitzaci\u00f3 de la Ter\u00e0pia ocupacional que t\u00e9 per objectiu ajudar als infants amb reptes sensorials (TEA, TDAH, altament sensibles, altes capacitats, Discapacitats, Trastorns del processament sensorial\u2026) a processar millor la informaci\u00f3 sensorial que reben del seu cos i del seu entorn.<\/p><p>Els nostres sistemes funcionen totalment relacionats amb el nostre sistema nervi\u00f3s, el qual integra la informaci\u00f3 obtinguda a trav\u00e9s dels receptors sensorials, permetent-nos respondre a les demandes ambientals (a casa, al col\u00b7legi, al parc, a un centre comercial, etc.). El terapeuta ocupacional especialitzat en integraci\u00f3 sensorial, avalua el desenvolupament psicomotor i la integraci\u00f3 sensorial de l\u2019infant, per determinar com est\u00e0 processant i integrant les experi\u00e8ncies sensorials registrades a trav\u00e9s dels diversos sistemes. A l\u2019hora de proposar un programa terap\u00e8utic efectiu, aquesta informaci\u00f3 \u00e9s elemental per a qualsevol\u00a0infant que presenti algun problema en el seu desenvolupament motor, de llenguatge, d\u2019aprenentatge escolar, emocional o de conducta.<\/p><p>Els materials que es fan servir en sessi\u00f3 provoquen l\u2019estimulaci\u00f3 vestibular (gronxadors, licres, teles penjants&#8230;), sensorial (material dels 5 sentits b\u00e0sics), propioceptiu (materials grans, cordes, trapezis, elements de pes). No es tracta de fer una estimulaci\u00f3 passiva, sin\u00f3 que es tracta d\u2019ensenyar-los a organitzar i entendre correctament la informaci\u00f3 sensorial que reben en el seu dia a dia.<\/p><p>Mitjan\u00e7ant activitats l\u00fadiques i significatives, s\u2019aconsegueix que el sistema nervi\u00f3s central processi els est\u00edmuls sensorials d\u2019una manera m\u00e9s organitzada i generi respostes adaptades. \u00c9s a dir, organitzar i regular les respostes a est\u00edmuls sensorials per a millorar la participaci\u00f3 en activitats di\u00e0ries i l\u2019aprenentatge, tot millorant el desenvolupament motriu i cognitiu i facilitant la participaci\u00f3 en activitats di\u00e0ries. Per quins infants? Tots aquells que necessitin millorar aquesta organitzaci\u00f3 i processament, treballant l\u2019atenci\u00f3, el llenguatge, l\u2019aprenentatge escolar, l\u2019autocontrol, la conducta, els h\u00e0bits, la coordinaci\u00f3 motriu, la consci\u00e8ncia corporal, l\u2019expressi\u00f3 personal&#8230;<\/p><p>Es pot realitzar sessions individuals o en petit grup.<\/p><p>Lloc: C\/ Malta, 60. Sabadell.<\/p>\t\t\t\t\t\t\t\t<\/div>\n\t\t<div class=\"elementor-element elementor-element-75746a0 e-con-full e-flex e-con e-child\" data-id=\"75746a0\" data-element_type=\"container\" data-e-type=\"container\">\n\t\t\t\t<div class=\"elementor-element elementor-element-682bd03 elementor-widget elementor-widget-button\" data-id=\"682bd03\" data-element_type=\"widget\" data-e-type=\"widget\" data-widget_type=\"button.default\">\n\t\t\t\t\t\t\t\t\t\t<a class=\"elementor-button elementor-button-link elementor-size-sm\" href=\"https:\/\/espaifamilia.adrirodrigom2.es\/es\/contacta\/\">\n\t\t\t\t\t\t<span class=\"elementor-button-content-wrapper\">\n\t\t\t\t\t\t\t\t\t<span class=\"elementor-button-text\">Solicita informaci\u00f3n<\/span>\n\t\t\t\t\t<\/span>\n\t\t\t\t\t<\/a>\n\t\t\t\t\t\t\t\t<\/div>\n\t\t\t\t<div class=\"elementor-element elementor-element-387474a elementor-widget elementor-widget-button\" data-id=\"387474a\" data-element_type=\"widget\" data-e-type=\"widget\" data-widget_type=\"button.default\">\n\t\t\t\t\t\t\t\t\t\t<a class=\"elementor-button elementor-button-link elementor-size-sm\" href=\"https:\/\/espaifamilia.adrirodrigom2.es\/es\/que-oferim\/atencio-i-tractament-infantil\/\">\n\t\t\t\t\t\t<span class=\"elementor-button-content-wrapper\">\n\t\t\t\t\t\t\t\t\t<span class=\"elementor-button-text\">Vuelve atr\u00e1s <\/span>\n\t\t\t\t\t<\/span>\n\t\t\t\t\t<\/a>\n\t\t\t\t\t\t\t\t<\/div>\n\t\t\t\t<\/div>\n\t\t\t\t<\/div>\n\t\t\t\t<\/div>\n\t\t\t\t\t<\/div>\n\t\t\t\t<\/div>\n\t\t\t\t<\/div>","protected":false},"excerpt":{"rendered":"<p>La Integraci\u00f3 Sensorial \u00e9s una especialitzaci\u00f3 de la Ter\u00e0pia ocupacional que t\u00e9 per objectiu ajudar als infants amb reptes sensorials (TEA, TDAH, altament sensibles, altes capacitats, Discapacitats, Trastorns del processament sensorial\u2026) a processar millor la informaci\u00f3 sensorial que reben del seu cos i del seu entorn. Els nostres sistemes funcionen totalment relacionats amb el nostre [&hellip;]<\/p>\n","protected":false},"author":3,"featured_media":0,"parent":131,"menu_order":4,"comment_status":"closed","ping_status":"closed","template":"elementor_header_footer","meta":{"_joinchat":[],"footnotes":""},"class_list":["post-4579","page","type-page","status-publish","hentry"],"_links":{"self":[{"href":"https:\/\/espaifamilia.adrirodrigom2.es\/es\/wp-json\/wp\/v2\/pages\/4579","targetHints":{"allow":["GET"]}}],"collection":[{"href":"https:\/\/espaifamilia.adrirodrigom2.es\/es\/wp-json\/wp\/v2\/pages"}],"about":[{"href":"https:\/\/espaifamilia.adrirodrigom2.es\/es\/wp-json\/wp\/v2\/types\/page"}],"author":[{"embeddable":true,"href":"https:\/\/espaifamilia.adrirodrigom2.es\/es\/wp-json\/wp\/v2\/users\/3"}],"replies":[{"embeddable":true,"href":"https:\/\/espaifamilia.adrirodrigom2.es\/es\/wp-json\/wp\/v2\/comments?post=4579"}],"version-history":[{"count":15,"href":"https:\/\/espaifamilia.adrirodrigom2.es\/es\/wp-json\/wp\/v2\/pages\/4579\/revisions"}],"predecessor-version":[{"id":4929,"href":"https:\/\/espaifamilia.adrirodrigom2.es\/es\/wp-json\/wp\/v2\/pages\/4579\/revisions\/4929"}],"up":[{"embeddable":true,"href":"https:\/\/espaifamilia.adrirodrigom2.es\/es\/wp-json\/wp\/v2\/pages\/131"}],"wp:attachment":[{"href":"https:\/\/espaifamilia.adrirodrigom2.es\/es\/wp-json\/wp\/v2\/media?parent=4579"}],"curies":[{"name":"wp","href":"https:\/\/api.w.org\/{rel}","templated":true}]}}