{"id":4574,"date":"2025-12-08T13:27:51","date_gmt":"2025-12-08T13:27:51","guid":{"rendered":"https:\/\/espaifamilia.adrirodrigom2.es\/?page_id=4574"},"modified":"2026-02-02T06:38:24","modified_gmt":"2026-02-02T06:38:24","slug":"grup-dhabilitats-socials","status":"publish","type":"page","link":"https:\/\/espaifamilia.adrirodrigom2.es\/es\/que-oferim\/atencio-i-tractament-infantil\/grup-dhabilitats-socials","title":{"rendered":"Grupo de habilidades sociales"},"content":{"rendered":"<div data-elementor-type=\"wp-page\" data-elementor-id=\"4574\" class=\"elementor elementor-4574\" data-elementor-post-type=\"page\">\n\t\t\t\t\t\t<section class=\"elementor-section elementor-top-section elementor-element elementor-element-3182e47 elementor-section-height-min-height elementor-section-boxed elementor-section-height-default elementor-section-items-middle\" data-id=\"3182e47\" data-element_type=\"section\" data-e-type=\"section\" data-settings=\"{&quot;background_background&quot;:&quot;classic&quot;}\">\n\t\t\t\t\t\t\t<div class=\"elementor-background-overlay\"><\/div>\n\t\t\t\t\t\t\t<div class=\"elementor-container elementor-column-gap-default\">\n\t\t\t\t\t<div class=\"elementor-column elementor-col-100 elementor-top-column elementor-element elementor-element-4bfc3e5\" data-id=\"4bfc3e5\" data-element_type=\"column\" data-e-type=\"column\">\n\t\t\t<div class=\"elementor-widget-wrap elementor-element-populated\">\n\t\t\t\t\t\t\t<\/div>\n\t\t<\/div>\n\t\t\t\t\t<\/div>\n\t\t<\/section>\n\t\t<div class=\"elementor-element elementor-element-9b8508f e-flex e-con-boxed e-con e-parent\" data-id=\"9b8508f\" data-element_type=\"container\" data-e-type=\"container\">\n\t\t\t\t\t<div class=\"e-con-inner\">\n\t\t<div class=\"elementor-element elementor-element-501650c e-con-full e-flex e-con e-child\" data-id=\"501650c\" data-element_type=\"container\" data-e-type=\"container\">\n\t\t<div class=\"elementor-element elementor-element-1d167ba e-con-full e-flex e-con e-child\" data-id=\"1d167ba\" data-element_type=\"container\" data-e-type=\"container\">\n\t\t\t\t<div class=\"elementor-element elementor-element-27115f4 elementor-widget elementor-widget-image\" data-id=\"27115f4\" data-element_type=\"widget\" data-e-type=\"widget\" data-widget_type=\"image.default\">\n\t\t\t\t\t\t\t\t\t\t\t\t\t\t\t<img fetchpriority=\"high\" decoding=\"async\" width=\"1794\" height=\"2560\" src=\"https:\/\/espaifamilia.adrirodrigom2.es\/wp-content\/uploads\/2025\/12\/children-are-playing-with-their-hands-clasped-toge-2024-12-19-17-50-09-utc-scaled.jpg\" class=\"attachment-full size-full wp-image-4575\" alt=\"\" srcset=\"https:\/\/espaifamilia.adrirodrigom2.es\/wp-content\/uploads\/2025\/12\/children-are-playing-with-their-hands-clasped-toge-2024-12-19-17-50-09-utc-scaled.jpg 1794w, https:\/\/espaifamilia.adrirodrigom2.es\/wp-content\/uploads\/2025\/12\/children-are-playing-with-their-hands-clasped-toge-2024-12-19-17-50-09-utc-scaled-600x856.jpg 600w, https:\/\/espaifamilia.adrirodrigom2.es\/wp-content\/uploads\/2025\/12\/children-are-playing-with-their-hands-clasped-toge-2024-12-19-17-50-09-utc-210x300.jpg 210w, https:\/\/espaifamilia.adrirodrigom2.es\/wp-content\/uploads\/2025\/12\/children-are-playing-with-their-hands-clasped-toge-2024-12-19-17-50-09-utc-718x1024.jpg 718w, https:\/\/espaifamilia.adrirodrigom2.es\/wp-content\/uploads\/2025\/12\/children-are-playing-with-their-hands-clasped-toge-2024-12-19-17-50-09-utc-768x1096.jpg 768w, https:\/\/espaifamilia.adrirodrigom2.es\/wp-content\/uploads\/2025\/12\/children-are-playing-with-their-hands-clasped-toge-2024-12-19-17-50-09-utc-1076x1536.jpg 1076w, https:\/\/espaifamilia.adrirodrigom2.es\/wp-content\/uploads\/2025\/12\/children-are-playing-with-their-hands-clasped-toge-2024-12-19-17-50-09-utc-1435x2048.jpg 1435w, https:\/\/espaifamilia.adrirodrigom2.es\/wp-content\/uploads\/2025\/12\/children-are-playing-with-their-hands-clasped-toge-2024-12-19-17-50-09-utc-8x12.jpg 8w\" sizes=\"(max-width: 1794px) 100vw, 1794px\" \/>\t\t\t\t\t\t\t\t\t\t\t\t\t\t\t<\/div>\n\t\t\t\t<\/div>\n\t\t<div class=\"elementor-element elementor-element-c7aa41f e-con-full e-flex e-con e-child\" data-id=\"c7aa41f\" data-element_type=\"container\" data-e-type=\"container\">\n\t\t\t\t<div class=\"elementor-element elementor-element-b6b7c4a elementor-widget elementor-widget-text-editor\" data-id=\"b6b7c4a\" data-element_type=\"widget\" data-e-type=\"widget\" data-widget_type=\"text-editor.default\">\n\t\t\t\t\t\t\t\t\t<p>Para aquellos ni\u00f1os de primaria y secundaria que por un motivo u otro, quieran mejorar sus habilidades sociales y emocionales (superar timidez, gestionar emociones, comunicaci\u00f3n asertiva, poner l\u00edmites, liderazgo positivo, iniciar o mantener amistades, mantener conversaciones, confiar en s\u00ed mismos y en los dem\u00e1s\u2026).<\/p><p>En grupitos de 5-6 ni\u00f1os o adolescentes, aprenderemos unos de otros y haremos nuevos amigos!<\/p><p>Si quiere estar al d\u00eda de los nuevos grupos que se van abriendo, est\u00e9 atentos a las redes sociales o ap\u00fantate a la lista de difusi\u00f3n, y as\u00ed ir\u00e1 recibiendo todas las novedades que vamos ofreciendo. Recuerde que para recibir la informaci\u00f3n es importante que.<\/p><p>Este curso 2025-26, los grupos que est\u00e1n en marcha son:<br \/>- 4-5 a\u00f1os: los martes a las 16:45h<br \/>\u2013 \u20606-7 a\u00f1os: los mi\u00e9rcoles a las 18:30h<br \/>\u2013 \u20607-9 a\u00f1os: los lunes a las 18:15h<br \/>\u2013 \u20608-10 a\u00f1os: los lunes a las 18:30h<br \/>\u2013 \u20608-10 a\u00f1os: los viernes a las 18:30h<br \/>\u2013 \u206010-11 a\u00f1os: los mi\u00e9rcoles a las 17:45h<br \/>\u2013 \u206012-13 a\u00f1os: los jueves a las 17:30h<br \/>\u2013 \u206013-15 a\u00f1os: los martes a las 19h.<\/p>\t\t\t\t\t\t\t\t<\/div>\n\t\t<div class=\"elementor-element elementor-element-75746a0 e-con-full e-flex e-con e-child\" data-id=\"75746a0\" data-element_type=\"container\" data-e-type=\"container\">\n\t\t\t\t<div class=\"elementor-element elementor-element-682bd03 elementor-widget elementor-widget-button\" data-id=\"682bd03\" data-element_type=\"widget\" data-e-type=\"widget\" data-widget_type=\"button.default\">\n\t\t\t\t\t\t\t\t\t\t<a class=\"elementor-button elementor-button-link elementor-size-sm\" href=\"https:\/\/espaifamilia.adrirodrigom2.es\/es\/contacta\/\">\n\t\t\t\t\t\t<span class=\"elementor-button-content-wrapper\">\n\t\t\t\t\t\t\t\t\t<span class=\"elementor-button-text\">Solicita informaci\u00f3n<\/span>\n\t\t\t\t\t<\/span>\n\t\t\t\t\t<\/a>\n\t\t\t\t\t\t\t\t<\/div>\n\t\t\t\t<div class=\"elementor-element elementor-element-387474a elementor-widget elementor-widget-button\" data-id=\"387474a\" data-element_type=\"widget\" data-e-type=\"widget\" data-widget_type=\"button.default\">\n\t\t\t\t\t\t\t\t\t\t<a class=\"elementor-button elementor-button-link elementor-size-sm\" href=\"https:\/\/espaifamilia.adrirodrigom2.es\/es\/que-oferim\/atencio-i-tractament-infantil\/\">\n\t\t\t\t\t\t<span class=\"elementor-button-content-wrapper\">\n\t\t\t\t\t\t\t\t\t<span class=\"elementor-button-text\">Vuelve atr\u00e1s <\/span>\n\t\t\t\t\t<\/span>\n\t\t\t\t\t<\/a>\n\t\t\t\t\t\t\t\t<\/div>\n\t\t\t\t<\/div>\n\t\t\t\t<\/div>\n\t\t\t\t<\/div>\n\t\t\t\t\t<\/div>\n\t\t\t\t<\/div>\n\t\t\t\t<\/div>","protected":false},"excerpt":{"rendered":"<p>Per a aquells nens de prim\u00e0ria i secund\u00e0ria que per un o altre motiu, vulguin millorar les seves habilitats socials i emocionals (superar timidesa, gestionar emocions, comunicaci\u00f3 assertiva, posar l\u00edmits, lideratge positiu, iniciar o mantenir amistats, mantenir converses, confiar en si mateixos i en els altres\u2026). En grupets de 5-6 infants o adolescents, aprendrem els [&hellip;]<\/p>\n","protected":false},"author":3,"featured_media":0,"parent":131,"menu_order":4,"comment_status":"closed","ping_status":"closed","template":"elementor_header_footer","meta":{"_joinchat":[],"footnotes":""},"class_list":["post-4574","page","type-page","status-publish","hentry"],"_links":{"self":[{"href":"https:\/\/espaifamilia.adrirodrigom2.es\/es\/wp-json\/wp\/v2\/pages\/4574","targetHints":{"allow":["GET"]}}],"collection":[{"href":"https:\/\/espaifamilia.adrirodrigom2.es\/es\/wp-json\/wp\/v2\/pages"}],"about":[{"href":"https:\/\/espaifamilia.adrirodrigom2.es\/es\/wp-json\/wp\/v2\/types\/page"}],"author":[{"embeddable":true,"href":"https:\/\/espaifamilia.adrirodrigom2.es\/es\/wp-json\/wp\/v2\/users\/3"}],"replies":[{"embeddable":true,"href":"https:\/\/espaifamilia.adrirodrigom2.es\/es\/wp-json\/wp\/v2\/comments?post=4574"}],"version-history":[{"count":12,"href":"https:\/\/espaifamilia.adrirodrigom2.es\/es\/wp-json\/wp\/v2\/pages\/4574\/revisions"}],"predecessor-version":[{"id":4926,"href":"https:\/\/espaifamilia.adrirodrigom2.es\/es\/wp-json\/wp\/v2\/pages\/4574\/revisions\/4926"}],"up":[{"embeddable":true,"href":"https:\/\/espaifamilia.adrirodrigom2.es\/es\/wp-json\/wp\/v2\/pages\/131"}],"wp:attachment":[{"href":"https:\/\/espaifamilia.adrirodrigom2.es\/es\/wp-json\/wp\/v2\/media?parent=4574"}],"curies":[{"name":"wp","href":"https:\/\/api.w.org\/{rel}","templated":true}]}}