{"id":4563,"date":"2025-12-08T13:17:46","date_gmt":"2025-12-08T13:17:46","guid":{"rendered":"https:\/\/espaifamilia.adrirodrigom2.es\/?page_id=4563"},"modified":"2026-02-02T06:37:28","modified_gmt":"2026-02-02T06:37:28","slug":"logopedia","status":"publish","type":"page","link":"https:\/\/espaifamilia.adrirodrigom2.es\/es\/que-oferim\/atencio-i-tractament-infantil\/logopedia","title":{"rendered":"Logopedia"},"content":{"rendered":"<div data-elementor-type=\"wp-page\" data-elementor-id=\"4563\" class=\"elementor elementor-4563\" data-elementor-post-type=\"page\">\n\t\t\t\t\t\t<section class=\"elementor-section elementor-top-section elementor-element elementor-element-698a297 elementor-section-height-min-height elementor-section-boxed elementor-section-height-default elementor-section-items-middle\" data-id=\"698a297\" data-element_type=\"section\" data-e-type=\"section\" data-settings=\"{&quot;background_background&quot;:&quot;classic&quot;}\">\n\t\t\t\t\t\t\t<div class=\"elementor-background-overlay\"><\/div>\n\t\t\t\t\t\t\t<div class=\"elementor-container elementor-column-gap-default\">\n\t\t\t\t\t<div class=\"elementor-column elementor-col-100 elementor-top-column elementor-element elementor-element-479ac6e\" data-id=\"479ac6e\" data-element_type=\"column\" data-e-type=\"column\">\n\t\t\t<div class=\"elementor-widget-wrap elementor-element-populated\">\n\t\t\t\t\t\t\t<\/div>\n\t\t<\/div>\n\t\t\t\t\t<\/div>\n\t\t<\/section>\n\t\t<div class=\"elementor-element elementor-element-9b8508f e-flex e-con-boxed e-con e-parent\" data-id=\"9b8508f\" data-element_type=\"container\" data-e-type=\"container\">\n\t\t\t\t\t<div class=\"e-con-inner\">\n\t\t<div class=\"elementor-element elementor-element-501650c e-con-full e-flex e-con e-child\" data-id=\"501650c\" data-element_type=\"container\" data-e-type=\"container\">\n\t\t<div class=\"elementor-element elementor-element-1d167ba e-con-full e-flex e-con e-child\" data-id=\"1d167ba\" data-element_type=\"container\" data-e-type=\"container\">\n\t\t\t\t<div class=\"elementor-element elementor-element-27115f4 elementor-widget elementor-widget-image\" data-id=\"27115f4\" data-element_type=\"widget\" data-e-type=\"widget\" data-widget_type=\"image.default\">\n\t\t\t\t\t\t\t\t\t\t\t\t\t\t\t<img fetchpriority=\"high\" decoding=\"async\" width=\"1707\" height=\"2560\" src=\"https:\/\/espaifamilia.adrirodrigom2.es\/wp-content\/uploads\/2025\/12\/physiotherapist-showing-anatomical-model-to-patien-2024-12-05-23-16-36-utc-scaled.jpg\" class=\"attachment-full size-full wp-image-4565\" alt=\"\" srcset=\"https:\/\/espaifamilia.adrirodrigom2.es\/wp-content\/uploads\/2025\/12\/physiotherapist-showing-anatomical-model-to-patien-2024-12-05-23-16-36-utc-scaled.jpg 1707w, https:\/\/espaifamilia.adrirodrigom2.es\/wp-content\/uploads\/2025\/12\/physiotherapist-showing-anatomical-model-to-patien-2024-12-05-23-16-36-utc-scaled-600x900.jpg 600w, https:\/\/espaifamilia.adrirodrigom2.es\/wp-content\/uploads\/2025\/12\/physiotherapist-showing-anatomical-model-to-patien-2024-12-05-23-16-36-utc-200x300.jpg 200w, https:\/\/espaifamilia.adrirodrigom2.es\/wp-content\/uploads\/2025\/12\/physiotherapist-showing-anatomical-model-to-patien-2024-12-05-23-16-36-utc-683x1024.jpg 683w, https:\/\/espaifamilia.adrirodrigom2.es\/wp-content\/uploads\/2025\/12\/physiotherapist-showing-anatomical-model-to-patien-2024-12-05-23-16-36-utc-768x1152.jpg 768w, https:\/\/espaifamilia.adrirodrigom2.es\/wp-content\/uploads\/2025\/12\/physiotherapist-showing-anatomical-model-to-patien-2024-12-05-23-16-36-utc-1024x1536.jpg 1024w, https:\/\/espaifamilia.adrirodrigom2.es\/wp-content\/uploads\/2025\/12\/physiotherapist-showing-anatomical-model-to-patien-2024-12-05-23-16-36-utc-1365x2048.jpg 1365w, https:\/\/espaifamilia.adrirodrigom2.es\/wp-content\/uploads\/2025\/12\/physiotherapist-showing-anatomical-model-to-patien-2024-12-05-23-16-36-utc-8x12.jpg 8w\" sizes=\"(max-width: 1707px) 100vw, 1707px\" \/>\t\t\t\t\t\t\t\t\t\t\t\t\t\t\t<\/div>\n\t\t\t\t<\/div>\n\t\t<div class=\"elementor-element elementor-element-c7aa41f e-con-full e-flex e-con e-child\" data-id=\"c7aa41f\" data-element_type=\"container\" data-e-type=\"container\">\n\t\t\t\t<div class=\"elementor-element elementor-element-b6b7c4a elementor-widget elementor-widget-text-editor\" data-id=\"b6b7c4a\" data-element_type=\"widget\" data-e-type=\"widget\" data-widget_type=\"text-editor.default\">\n\t\t\t\t\t\t\t\t\t<p>Las logopedas del Espacio Familia hacen terapia individual, en parejas o grupitos peque\u00f1os para aquellos ni\u00f1os con problemas del habla (pronunciaci\u00f3n), del lenguaje expresivo o comprensivo, tanto oral como escrito, con problemas de la voz, tartamudeo, con problemas en la degluci\u00f3n y terapia miofuncional para mejorar la motricidad orofacial.<\/p><p>Importancia de la <strong>comunicaci\u00f3n continuada<\/strong> para <strong>trabajar en equipo<\/strong> y en red: Cada d\u00eda hay un intercambio de informaci\u00f3n respecto a lo que se ha hecho en la sesi\u00f3n, pautas para ayudarle en casa y lo que los padres van observando en casa. Adem\u00e1s, se realiza una coordinaci\u00f3n continuada con la escuela para intercambiar informaci\u00f3n de c\u00f3mo el ni\u00f1o va aplicando y generalizando las estrategias trabajadas y ofrecer pautas para ayudarle en el aula.<\/p>\t\t\t\t\t\t\t\t<\/div>\n\t\t<div class=\"elementor-element elementor-element-75746a0 e-con-full e-flex e-con e-child\" data-id=\"75746a0\" data-element_type=\"container\" data-e-type=\"container\">\n\t\t\t\t<div class=\"elementor-element elementor-element-682bd03 elementor-widget elementor-widget-button\" data-id=\"682bd03\" data-element_type=\"widget\" data-e-type=\"widget\" data-widget_type=\"button.default\">\n\t\t\t\t\t\t\t\t\t\t<a class=\"elementor-button elementor-button-link elementor-size-sm\" href=\"https:\/\/espaifamilia.adrirodrigom2.es\/es\/contacta\/\">\n\t\t\t\t\t\t<span class=\"elementor-button-content-wrapper\">\n\t\t\t\t\t\t\t\t\t<span class=\"elementor-button-text\">Solicita informaci\u00f3n<\/span>\n\t\t\t\t\t<\/span>\n\t\t\t\t\t<\/a>\n\t\t\t\t\t\t\t\t<\/div>\n\t\t\t\t<div class=\"elementor-element elementor-element-387474a elementor-widget elementor-widget-button\" data-id=\"387474a\" data-element_type=\"widget\" data-e-type=\"widget\" data-widget_type=\"button.default\">\n\t\t\t\t\t\t\t\t\t\t<a class=\"elementor-button elementor-button-link elementor-size-sm\" href=\"https:\/\/espaifamilia.adrirodrigom2.es\/es\/que-oferim\/atencio-i-tractament-infantil\/\">\n\t\t\t\t\t\t<span class=\"elementor-button-content-wrapper\">\n\t\t\t\t\t\t\t\t\t<span class=\"elementor-button-text\">Vuelve atr\u00e1s <\/span>\n\t\t\t\t\t<\/span>\n\t\t\t\t\t<\/a>\n\t\t\t\t\t\t\t\t<\/div>\n\t\t\t\t<\/div>\n\t\t\t\t<\/div>\n\t\t\t\t<\/div>\n\t\t\t\t\t<\/div>\n\t\t\t\t<\/div>\n\t\t\t\t<\/div>","protected":false},"excerpt":{"rendered":"<p>Les logopedes de l\u2019Espai Fam\u00edlia fan ter\u00e0pia individual, en parelles o grupets petits per aquells infants amb problemes de la parla (pronunciaci\u00f3), del llenguatge expressiu o comprensiu, tant oral com escrit, amb problemes de la veu, quequeig, amb problemes en la degluci\u00f3 i ter\u00e0pia miofuncional per millorar la motricitat orofacial. Import\u00e0ncia de la comunicaci\u00f3 continuada [&hellip;]<\/p>\n","protected":false},"author":3,"featured_media":0,"parent":131,"menu_order":4,"comment_status":"closed","ping_status":"closed","template":"elementor_header_footer","meta":{"_joinchat":[],"footnotes":""},"class_list":["post-4563","page","type-page","status-publish","hentry"],"_links":{"self":[{"href":"https:\/\/espaifamilia.adrirodrigom2.es\/es\/wp-json\/wp\/v2\/pages\/4563","targetHints":{"allow":["GET"]}}],"collection":[{"href":"https:\/\/espaifamilia.adrirodrigom2.es\/es\/wp-json\/wp\/v2\/pages"}],"about":[{"href":"https:\/\/espaifamilia.adrirodrigom2.es\/es\/wp-json\/wp\/v2\/types\/page"}],"author":[{"embeddable":true,"href":"https:\/\/espaifamilia.adrirodrigom2.es\/es\/wp-json\/wp\/v2\/users\/3"}],"replies":[{"embeddable":true,"href":"https:\/\/espaifamilia.adrirodrigom2.es\/es\/wp-json\/wp\/v2\/comments?post=4563"}],"version-history":[{"count":10,"href":"https:\/\/espaifamilia.adrirodrigom2.es\/es\/wp-json\/wp\/v2\/pages\/4563\/revisions"}],"predecessor-version":[{"id":4920,"href":"https:\/\/espaifamilia.adrirodrigom2.es\/es\/wp-json\/wp\/v2\/pages\/4563\/revisions\/4920"}],"up":[{"embeddable":true,"href":"https:\/\/espaifamilia.adrirodrigom2.es\/es\/wp-json\/wp\/v2\/pages\/131"}],"wp:attachment":[{"href":"https:\/\/espaifamilia.adrirodrigom2.es\/es\/wp-json\/wp\/v2\/media?parent=4563"}],"curies":[{"name":"wp","href":"https:\/\/api.w.org\/{rel}","templated":true}]}}