{"id":4551,"date":"2025-12-08T13:11:15","date_gmt":"2025-12-08T13:11:15","guid":{"rendered":"https:\/\/espaifamilia.adrirodrigom2.es\/?page_id=4551"},"modified":"2026-02-02T06:36:51","modified_gmt":"2026-02-02T06:36:51","slug":"psicologia","status":"publish","type":"page","link":"https:\/\/espaifamilia.adrirodrigom2.es\/es\/que-oferim\/atencio-i-tractament-infantil\/psicologia","title":{"rendered":"Psicolog\u00eda"},"content":{"rendered":"<div data-elementor-type=\"wp-page\" data-elementor-id=\"4551\" class=\"elementor elementor-4551\" data-elementor-post-type=\"page\">\n\t\t\t\t\t\t<section class=\"elementor-section elementor-top-section elementor-element elementor-element-acea4e8 elementor-section-height-min-height elementor-section-boxed elementor-section-height-default elementor-section-items-middle\" data-id=\"acea4e8\" data-element_type=\"section\" data-e-type=\"section\" data-settings=\"{&quot;background_background&quot;:&quot;classic&quot;}\">\n\t\t\t\t\t\t\t<div class=\"elementor-background-overlay\"><\/div>\n\t\t\t\t\t\t\t<div class=\"elementor-container elementor-column-gap-default\">\n\t\t\t\t\t<div class=\"elementor-column elementor-col-100 elementor-top-column elementor-element elementor-element-bb05202\" data-id=\"bb05202\" data-element_type=\"column\" data-e-type=\"column\">\n\t\t\t<div class=\"elementor-widget-wrap elementor-element-populated\">\n\t\t\t\t\t\t\t<\/div>\n\t\t<\/div>\n\t\t\t\t\t<\/div>\n\t\t<\/section>\n\t\t<div class=\"elementor-element elementor-element-9b8508f e-flex e-con-boxed e-con e-parent\" data-id=\"9b8508f\" data-element_type=\"container\" data-e-type=\"container\">\n\t\t\t\t\t<div class=\"e-con-inner\">\n\t\t<div class=\"elementor-element elementor-element-501650c e-con-full e-flex e-con e-child\" data-id=\"501650c\" data-element_type=\"container\" data-e-type=\"container\">\n\t\t<div class=\"elementor-element elementor-element-1d167ba e-con-full e-flex e-con e-child\" data-id=\"1d167ba\" data-element_type=\"container\" data-e-type=\"container\">\n\t\t\t\t<div class=\"elementor-element elementor-element-27115f4 elementor-widget elementor-widget-image\" data-id=\"27115f4\" data-element_type=\"widget\" data-e-type=\"widget\" data-widget_type=\"image.default\">\n\t\t\t\t\t\t\t\t\t\t\t\t\t\t\t<img fetchpriority=\"high\" decoding=\"async\" width=\"1709\" height=\"2560\" src=\"https:\/\/espaifamilia.adrirodrigom2.es\/wp-content\/uploads\/2025\/12\/smiling-child-and-pediatrist-writing-in-notebook-a-2024-11-14-14-28-27-utc-scaled.jpg\" class=\"attachment-full size-full wp-image-4553\" alt=\"\" srcset=\"https:\/\/espaifamilia.adrirodrigom2.es\/wp-content\/uploads\/2025\/12\/smiling-child-and-pediatrist-writing-in-notebook-a-2024-11-14-14-28-27-utc-scaled.jpg 1709w, https:\/\/espaifamilia.adrirodrigom2.es\/wp-content\/uploads\/2025\/12\/smiling-child-and-pediatrist-writing-in-notebook-a-2024-11-14-14-28-27-utc-scaled-600x899.jpg 600w, https:\/\/espaifamilia.adrirodrigom2.es\/wp-content\/uploads\/2025\/12\/smiling-child-and-pediatrist-writing-in-notebook-a-2024-11-14-14-28-27-utc-200x300.jpg 200w, https:\/\/espaifamilia.adrirodrigom2.es\/wp-content\/uploads\/2025\/12\/smiling-child-and-pediatrist-writing-in-notebook-a-2024-11-14-14-28-27-utc-683x1024.jpg 683w, https:\/\/espaifamilia.adrirodrigom2.es\/wp-content\/uploads\/2025\/12\/smiling-child-and-pediatrist-writing-in-notebook-a-2024-11-14-14-28-27-utc-768x1151.jpg 768w, https:\/\/espaifamilia.adrirodrigom2.es\/wp-content\/uploads\/2025\/12\/smiling-child-and-pediatrist-writing-in-notebook-a-2024-11-14-14-28-27-utc-1025x1536.jpg 1025w, https:\/\/espaifamilia.adrirodrigom2.es\/wp-content\/uploads\/2025\/12\/smiling-child-and-pediatrist-writing-in-notebook-a-2024-11-14-14-28-27-utc-1367x2048.jpg 1367w, https:\/\/espaifamilia.adrirodrigom2.es\/wp-content\/uploads\/2025\/12\/smiling-child-and-pediatrist-writing-in-notebook-a-2024-11-14-14-28-27-utc-8x12.jpg 8w\" sizes=\"(max-width: 1709px) 100vw, 1709px\" \/>\t\t\t\t\t\t\t\t\t\t\t\t\t\t\t<\/div>\n\t\t\t\t<\/div>\n\t\t<div class=\"elementor-element elementor-element-c7aa41f e-con-full e-flex e-con e-child\" data-id=\"c7aa41f\" data-element_type=\"container\" data-e-type=\"container\">\n\t\t\t\t<div class=\"elementor-element elementor-element-b6b7c4a elementor-widget elementor-widget-text-editor\" data-id=\"b6b7c4a\" data-element_type=\"widget\" data-e-type=\"widget\" data-widget_type=\"text-editor.default\">\n\t\t\t\t\t\t\t\t\t<p>Para aquellos ni\u00f1os con dificultades emocionales, sensoriales, conductuales, de autoestima, de relaciones sociales, celos, bloqueados, con ansiedad, estresados o nerviosos, excesiva irritabilidad, comportamientos desafiantes y oposicionistas, explosivos, con dificultades con el control de esf\u00ednteres, con la comida o el dormir, problemas padres separados\u2026 <strong>Tengan o no ning\u00fan trastorno.<\/strong>\u00a0Nuestro equipo multidisciplinar cuenta con psic\u00f3logos especializados en Adolescencia, Atenci\u00f3n Precoz (0-6 a\u00f1os), Altas Capacidades, TEA, TDAH, Trastornos de conducta, dificultades en la gesti\u00f3n emocional, baja autoestima, desmotivaci\u00f3n vital o dificultades en las relaciones sociales.<\/p><p>Realizamos terapias individuales y grupales. El tipo de servicio que mejor se adecua a la necesidad expuesta en la primera visita, se decidir\u00e1 conjuntamente con la coordinadora durante la misma.<\/p><p>Importancia de la <strong>comunicaci\u00f3n continuada<\/strong> para <strong>trabajar en equipo<\/strong> y en red: Cada d\u00eda hay un intercambio de informaci\u00f3n respecto a lo que se ha hecho en la sesi\u00f3n, pautas para ayudarle en casa y lo que los padres van observando en casa. Adem\u00e1s, se realiza una coordinaci\u00f3n continuada con la escuela para intercambiar informaci\u00f3n de c\u00f3mo el ni\u00f1o va aplicando y generalizando las estrategias trabajadas y ofrecer pautas para ayudarle en el aula.<\/p>\t\t\t\t\t\t\t\t<\/div>\n\t\t<div class=\"elementor-element elementor-element-75746a0 e-con-full e-flex e-con e-child\" data-id=\"75746a0\" data-element_type=\"container\" data-e-type=\"container\">\n\t\t\t\t<div class=\"elementor-element elementor-element-682bd03 elementor-widget elementor-widget-button\" data-id=\"682bd03\" data-element_type=\"widget\" data-e-type=\"widget\" data-widget_type=\"button.default\">\n\t\t\t\t\t\t\t\t\t\t<a class=\"elementor-button elementor-button-link elementor-size-sm\" href=\"https:\/\/espaifamilia.adrirodrigom2.es\/es\/contacta\/\">\n\t\t\t\t\t\t<span class=\"elementor-button-content-wrapper\">\n\t\t\t\t\t\t\t\t\t<span class=\"elementor-button-text\">Solicita informaci\u00f3n<\/span>\n\t\t\t\t\t<\/span>\n\t\t\t\t\t<\/a>\n\t\t\t\t\t\t\t\t<\/div>\n\t\t\t\t<div class=\"elementor-element elementor-element-387474a elementor-widget elementor-widget-button\" data-id=\"387474a\" data-element_type=\"widget\" data-e-type=\"widget\" data-widget_type=\"button.default\">\n\t\t\t\t\t\t\t\t\t\t<a class=\"elementor-button elementor-button-link elementor-size-sm\" href=\"https:\/\/espaifamilia.adrirodrigom2.es\/es\/que-oferim\/atencio-i-tractament-infantil\/\">\n\t\t\t\t\t\t<span class=\"elementor-button-content-wrapper\">\n\t\t\t\t\t\t\t\t\t<span class=\"elementor-button-text\">Vuelve atr\u00e1s <\/span>\n\t\t\t\t\t<\/span>\n\t\t\t\t\t<\/a>\n\t\t\t\t\t\t\t\t<\/div>\n\t\t\t\t<\/div>\n\t\t\t\t<\/div>\n\t\t\t\t<\/div>\n\t\t\t\t\t<\/div>\n\t\t\t\t<\/div>\n\t\t\t\t<\/div>","protected":false},"excerpt":{"rendered":"<p>Per aquells infants amb dificultats emocionals, sensorials, conductuals, d\u2019autoestima, de relacions socials, gelosia, bloquejats, amb ansietat, estressats o nerviosos, excessiva irritabilitat, comportaments desafiants i oposicionistes, explosius, amb dificultats amb el control d\u2019esf\u00ednters, amb el menjar o el dormir, problemes a l\u2019escola, pors i\/o angoixes, fills de pares separats\u2026 Tinguin o no cap trastorn.\u00a0El nostre equip [&hellip;]<\/p>\n","protected":false},"author":3,"featured_media":0,"parent":131,"menu_order":4,"comment_status":"closed","ping_status":"closed","template":"elementor_header_footer","meta":{"_joinchat":[],"footnotes":""},"class_list":["post-4551","page","type-page","status-publish","hentry"],"_links":{"self":[{"href":"https:\/\/espaifamilia.adrirodrigom2.es\/es\/wp-json\/wp\/v2\/pages\/4551","targetHints":{"allow":["GET"]}}],"collection":[{"href":"https:\/\/espaifamilia.adrirodrigom2.es\/es\/wp-json\/wp\/v2\/pages"}],"about":[{"href":"https:\/\/espaifamilia.adrirodrigom2.es\/es\/wp-json\/wp\/v2\/types\/page"}],"author":[{"embeddable":true,"href":"https:\/\/espaifamilia.adrirodrigom2.es\/es\/wp-json\/wp\/v2\/users\/3"}],"replies":[{"embeddable":true,"href":"https:\/\/espaifamilia.adrirodrigom2.es\/es\/wp-json\/wp\/v2\/comments?post=4551"}],"version-history":[{"count":10,"href":"https:\/\/espaifamilia.adrirodrigom2.es\/es\/wp-json\/wp\/v2\/pages\/4551\/revisions"}],"predecessor-version":[{"id":4914,"href":"https:\/\/espaifamilia.adrirodrigom2.es\/es\/wp-json\/wp\/v2\/pages\/4551\/revisions\/4914"}],"up":[{"embeddable":true,"href":"https:\/\/espaifamilia.adrirodrigom2.es\/es\/wp-json\/wp\/v2\/pages\/131"}],"wp:attachment":[{"href":"https:\/\/espaifamilia.adrirodrigom2.es\/es\/wp-json\/wp\/v2\/media?parent=4551"}],"curies":[{"name":"wp","href":"https:\/\/api.w.org\/{rel}","templated":true}]}}