{"id":4542,"date":"2025-12-08T13:05:35","date_gmt":"2025-12-08T13:05:35","guid":{"rendered":"https:\/\/espaifamilia.adrirodrigom2.es\/?page_id=4542"},"modified":"2026-02-02T06:36:27","modified_gmt":"2026-02-02T06:36:27","slug":"reeducacio","status":"publish","type":"page","link":"https:\/\/espaifamilia.adrirodrigom2.es\/es\/que-oferim\/atencio-i-tractament-infantil\/reeducacio","title":{"rendered":"Reeducaci\u00f3n"},"content":{"rendered":"<div data-elementor-type=\"wp-page\" data-elementor-id=\"4542\" class=\"elementor elementor-4542\" data-elementor-post-type=\"page\">\n\t\t\t\t\t\t<section class=\"elementor-section elementor-top-section elementor-element elementor-element-225ef1b elementor-section-height-min-height elementor-section-boxed elementor-section-height-default elementor-section-items-middle\" data-id=\"225ef1b\" data-element_type=\"section\" data-e-type=\"section\" data-settings=\"{&quot;background_background&quot;:&quot;classic&quot;}\">\n\t\t\t\t\t\t\t<div class=\"elementor-background-overlay\"><\/div>\n\t\t\t\t\t\t\t<div class=\"elementor-container elementor-column-gap-default\">\n\t\t\t\t\t<div class=\"elementor-column elementor-col-100 elementor-top-column elementor-element elementor-element-c96570b\" data-id=\"c96570b\" data-element_type=\"column\" data-e-type=\"column\">\n\t\t\t<div class=\"elementor-widget-wrap elementor-element-populated\">\n\t\t\t\t\t\t\t<\/div>\n\t\t<\/div>\n\t\t\t\t\t<\/div>\n\t\t<\/section>\n\t\t<div class=\"elementor-element elementor-element-9b8508f e-flex e-con-boxed e-con e-parent\" data-id=\"9b8508f\" data-element_type=\"container\" data-e-type=\"container\">\n\t\t\t\t\t<div class=\"e-con-inner\">\n\t\t<div class=\"elementor-element elementor-element-501650c e-con-full e-flex e-con e-child\" data-id=\"501650c\" data-element_type=\"container\" data-e-type=\"container\">\n\t\t<div class=\"elementor-element elementor-element-1d167ba e-con-full e-flex e-con e-child\" data-id=\"1d167ba\" data-element_type=\"container\" data-e-type=\"container\">\n\t\t\t\t<div class=\"elementor-element elementor-element-27115f4 elementor-widget elementor-widget-image\" data-id=\"27115f4\" data-element_type=\"widget\" data-e-type=\"widget\" data-widget_type=\"image.default\">\n\t\t\t\t\t\t\t\t\t\t\t\t\t\t\t<img fetchpriority=\"high\" decoding=\"async\" width=\"1707\" height=\"2560\" src=\"https:\/\/espaifamilia.adrirodrigom2.es\/wp-content\/uploads\/2025\/12\/i-trying-be-the-best-in-my-job-2024-12-02-19-13-45-utc-scaled.jpg\" class=\"attachment-full size-full wp-image-4547\" alt=\"\" srcset=\"https:\/\/espaifamilia.adrirodrigom2.es\/wp-content\/uploads\/2025\/12\/i-trying-be-the-best-in-my-job-2024-12-02-19-13-45-utc-scaled.jpg 1707w, https:\/\/espaifamilia.adrirodrigom2.es\/wp-content\/uploads\/2025\/12\/i-trying-be-the-best-in-my-job-2024-12-02-19-13-45-utc-scaled-600x900.jpg 600w, https:\/\/espaifamilia.adrirodrigom2.es\/wp-content\/uploads\/2025\/12\/i-trying-be-the-best-in-my-job-2024-12-02-19-13-45-utc-200x300.jpg 200w, https:\/\/espaifamilia.adrirodrigom2.es\/wp-content\/uploads\/2025\/12\/i-trying-be-the-best-in-my-job-2024-12-02-19-13-45-utc-683x1024.jpg 683w, https:\/\/espaifamilia.adrirodrigom2.es\/wp-content\/uploads\/2025\/12\/i-trying-be-the-best-in-my-job-2024-12-02-19-13-45-utc-768x1152.jpg 768w, https:\/\/espaifamilia.adrirodrigom2.es\/wp-content\/uploads\/2025\/12\/i-trying-be-the-best-in-my-job-2024-12-02-19-13-45-utc-1024x1536.jpg 1024w, https:\/\/espaifamilia.adrirodrigom2.es\/wp-content\/uploads\/2025\/12\/i-trying-be-the-best-in-my-job-2024-12-02-19-13-45-utc-1365x2048.jpg 1365w, https:\/\/espaifamilia.adrirodrigom2.es\/wp-content\/uploads\/2025\/12\/i-trying-be-the-best-in-my-job-2024-12-02-19-13-45-utc-8x12.jpg 8w\" sizes=\"(max-width: 1707px) 100vw, 1707px\" \/>\t\t\t\t\t\t\t\t\t\t\t\t\t\t\t<\/div>\n\t\t\t\t<\/div>\n\t\t<div class=\"elementor-element elementor-element-c7aa41f e-con-full e-flex e-con e-child\" data-id=\"c7aa41f\" data-element_type=\"container\" data-e-type=\"container\">\n\t\t\t\t<div class=\"elementor-element elementor-element-b6b7c4a elementor-widget elementor-widget-text-editor\" data-id=\"b6b7c4a\" data-element_type=\"widget\" data-e-type=\"widget\" data-widget_type=\"text-editor.default\">\n\t\t\t\t\t\t\t\t\t<p>Con el objetivo final de alcanzar la AUTONOM\u00cdA en la autorregulaci\u00f3n de los ni\u00f1os, la reeducaci\u00f3n le da herramientas y estrategias para mejorar las funciones ejecutivas (atenci\u00f3n, memoria, inhibici\u00f3n de la conducta, regulaci\u00f3n de la conducta, flexibilidad cognitiva) y las bases del aprendizaje (conciencia fonol\u00f3gica y fon\u00e9mica, correspondencia grafema-concepto l\u00f3gica, abstracci\u00f3n, conteo, seriaci\u00f3n\u2026), aprendiendo autoinstrucciones ya internalizar el lenguaje, ayud\u00e1ndoles as\u00ed a sistematizar h\u00e1bitos de trabajo, a gestionar las emociones, ya adaptarse a las exigencias del entorno (escuela, casa, parque\u2026). La reeducaci\u00f3n va dirigida a ni\u00f1os con <strong>DIFICULTADES<\/strong> en la escuela <strong>O TRASTORNOS<\/strong> del neurodesarrollo (TDA\/H, Dislexia, disortograf\u00eda, disgraf\u00eda (Trastornos espec\u00edficos del aprendizaje), TEL (TDL), Tourette, TANV, TEA, DIL, DIM\u2026 )\u00a0<\/p><p>Las reeducaciones suelen ser tratamientos individuales, pero en ocasiones podemos ofrecer que trabajan parejas o peque\u00f1o grupo, si consideramos que los perfiles de los ni\u00f1os pueden encajar y optimizar el efecto del tratamiento si trabajan juntos.<\/p><p>Se pueden realizar presencialmente en cualquiera de los locales del Espai Fam\u00edlia, dentro del entorno escolar (siempre que haya convenio con la AFA de la escuela), a domicilio o on-line.<\/p><p>Importancia de la <strong>comunicaci\u00f3n continuada<\/strong> para <strong>trabajar en equipo<\/strong> y en red: Cada d\u00eda hay un intercambio de informaci\u00f3n respecto a lo que se ha hecho en la sesi\u00f3n, pautas para ayudarle en casa y lo que los padres van observando en casa. Adem\u00e1s, se realiza una coordinaci\u00f3n continuada con la escuela para intercambiar informaci\u00f3n de c\u00f3mo el ni\u00f1o va aplicando y generalizando las estrategias trabajadas y ofrecer pautas para ayudarle en el aula.<\/p>\t\t\t\t\t\t\t\t<\/div>\n\t\t<div class=\"elementor-element elementor-element-75746a0 e-con-full e-flex e-con e-child\" data-id=\"75746a0\" data-element_type=\"container\" data-e-type=\"container\">\n\t\t\t\t<div class=\"elementor-element elementor-element-682bd03 elementor-widget elementor-widget-button\" data-id=\"682bd03\" data-element_type=\"widget\" data-e-type=\"widget\" data-widget_type=\"button.default\">\n\t\t\t\t\t\t\t\t\t\t<a class=\"elementor-button elementor-button-link elementor-size-sm\" href=\"https:\/\/espaifamilia.adrirodrigom2.es\/es\/contacta\/\">\n\t\t\t\t\t\t<span class=\"elementor-button-content-wrapper\">\n\t\t\t\t\t\t\t\t\t<span class=\"elementor-button-text\">Solicita informaci\u00f3n<\/span>\n\t\t\t\t\t<\/span>\n\t\t\t\t\t<\/a>\n\t\t\t\t\t\t\t\t<\/div>\n\t\t\t\t<div class=\"elementor-element elementor-element-387474a elementor-widget elementor-widget-button\" data-id=\"387474a\" data-element_type=\"widget\" data-e-type=\"widget\" data-widget_type=\"button.default\">\n\t\t\t\t\t\t\t\t\t\t<a class=\"elementor-button elementor-button-link elementor-size-sm\" href=\"https:\/\/espaifamilia.adrirodrigom2.es\/es\/que-oferim\/atencio-i-tractament-infantil\/\">\n\t\t\t\t\t\t<span class=\"elementor-button-content-wrapper\">\n\t\t\t\t\t\t\t\t\t<span class=\"elementor-button-text\">Vuelve atr\u00e1s <\/span>\n\t\t\t\t\t<\/span>\n\t\t\t\t\t<\/a>\n\t\t\t\t\t\t\t\t<\/div>\n\t\t\t\t<\/div>\n\t\t\t\t<\/div>\n\t\t\t\t<\/div>\n\t\t\t\t\t<\/div>\n\t\t\t\t<\/div>\n\t\t\t\t<\/div>","protected":false},"excerpt":{"rendered":"<p>Amb l\u2019objectiu final d\u2019assolir l\u2019AUTONOMIA en l\u2019autoregulaci\u00f3 dels infants, la reeducaci\u00f3 li dona eines i estrat\u00e8gies per a millorar les funcions executives\u00a0(atenci\u00f3, mem\u00f2ria, inhibici\u00f3 de la conducta, regulaci\u00f3 de la conducta, flexibilitat cognitiva) i les bases de l\u2019aprenentatge (consci\u00e8ncia fonol\u00f2gica i fon\u00e8mica, correspond\u00e8ncia grafema-fonema, comprensi\u00f3 lectora, ortografia, concepte num\u00e8ric, l\u00f2gica, abstracci\u00f3, comptatge, seriaci\u00f3&#8230;), aprenent autoinstruccions [&hellip;]<\/p>\n","protected":false},"author":3,"featured_media":0,"parent":131,"menu_order":4,"comment_status":"closed","ping_status":"closed","template":"elementor_header_footer","meta":{"_joinchat":[],"footnotes":""},"class_list":["post-4542","page","type-page","status-publish","hentry"],"_links":{"self":[{"href":"https:\/\/espaifamilia.adrirodrigom2.es\/es\/wp-json\/wp\/v2\/pages\/4542","targetHints":{"allow":["GET"]}}],"collection":[{"href":"https:\/\/espaifamilia.adrirodrigom2.es\/es\/wp-json\/wp\/v2\/pages"}],"about":[{"href":"https:\/\/espaifamilia.adrirodrigom2.es\/es\/wp-json\/wp\/v2\/types\/page"}],"author":[{"embeddable":true,"href":"https:\/\/espaifamilia.adrirodrigom2.es\/es\/wp-json\/wp\/v2\/users\/3"}],"replies":[{"embeddable":true,"href":"https:\/\/espaifamilia.adrirodrigom2.es\/es\/wp-json\/wp\/v2\/comments?post=4542"}],"version-history":[{"count":13,"href":"https:\/\/espaifamilia.adrirodrigom2.es\/es\/wp-json\/wp\/v2\/pages\/4542\/revisions"}],"predecessor-version":[{"id":4911,"href":"https:\/\/espaifamilia.adrirodrigom2.es\/es\/wp-json\/wp\/v2\/pages\/4542\/revisions\/4911"}],"up":[{"embeddable":true,"href":"https:\/\/espaifamilia.adrirodrigom2.es\/es\/wp-json\/wp\/v2\/pages\/131"}],"wp:attachment":[{"href":"https:\/\/espaifamilia.adrirodrigom2.es\/es\/wp-json\/wp\/v2\/media?parent=4542"}],"curies":[{"name":"wp","href":"https:\/\/api.w.org\/{rel}","templated":true}]}}