{"id":4495,"date":"2025-12-08T12:40:06","date_gmt":"2025-12-08T12:40:06","guid":{"rendered":"https:\/\/espaifamilia.adrirodrigom2.es\/?page_id=4495"},"modified":"2026-02-02T07:20:01","modified_gmt":"2026-02-02T07:20:01","slug":"cursos-xerrades-i-tallers-per-a-afas","status":"publish","type":"page","link":"https:\/\/espaifamilia.adrirodrigom2.es\/es\/que-oferim\/acompanyament-familiar\/cursos-xerrades-i-tallers-per-a-afas","title":{"rendered":"Cursos, Charlas y Talleres para AFAs"},"content":{"rendered":"<div data-elementor-type=\"wp-page\" data-elementor-id=\"4495\" class=\"elementor elementor-4495\" data-elementor-post-type=\"page\">\n\t\t\t\t\t\t<section class=\"elementor-section elementor-top-section elementor-element elementor-element-64bb7bf elementor-section-height-min-height elementor-section-boxed elementor-section-height-default elementor-section-items-middle\" data-id=\"64bb7bf\" data-element_type=\"section\" data-e-type=\"section\" data-settings=\"{&quot;background_background&quot;:&quot;classic&quot;}\">\n\t\t\t\t\t\t\t<div class=\"elementor-background-overlay\"><\/div>\n\t\t\t\t\t\t\t<div class=\"elementor-container elementor-column-gap-default\">\n\t\t\t\t\t<div class=\"elementor-column elementor-col-100 elementor-top-column elementor-element elementor-element-985a3b8\" data-id=\"985a3b8\" data-element_type=\"column\" data-e-type=\"column\">\n\t\t\t<div class=\"elementor-widget-wrap elementor-element-populated\">\n\t\t\t\t\t\t\t<\/div>\n\t\t<\/div>\n\t\t\t\t\t<\/div>\n\t\t<\/section>\n\t\t<div class=\"elementor-element elementor-element-836cff6 e-flex e-con-boxed e-con e-parent\" data-id=\"836cff6\" data-element_type=\"container\" data-e-type=\"container\">\n\t\t\t\t\t<div class=\"e-con-inner\">\n\t\t<div class=\"elementor-element elementor-element-b7e8996 e-con-full e-flex e-con e-child\" data-id=\"b7e8996\" data-element_type=\"container\" data-e-type=\"container\">\n\t\t\t\t<div class=\"elementor-element elementor-element-1d96632 elementor-widget elementor-widget-image\" data-id=\"1d96632\" data-element_type=\"widget\" data-e-type=\"widget\" data-widget_type=\"image.default\">\n\t\t\t\t\t\t\t\t\t\t\t\t\t\t\t<img fetchpriority=\"high\" decoding=\"async\" width=\"2560\" height=\"1704\" src=\"https:\/\/espaifamilia.adrirodrigom2.es\/wp-content\/uploads\/2026\/01\/group-of-senior-people-attending-computer-and-tech-2026-01-05-06-07-32-utc-scaled.jpg\" class=\"attachment-full size-full wp-image-4722\" alt=\"\" srcset=\"https:\/\/espaifamilia.adrirodrigom2.es\/wp-content\/uploads\/2026\/01\/group-of-senior-people-attending-computer-and-tech-2026-01-05-06-07-32-utc-scaled.jpg 2560w, https:\/\/espaifamilia.adrirodrigom2.es\/wp-content\/uploads\/2026\/01\/group-of-senior-people-attending-computer-and-tech-2026-01-05-06-07-32-utc-scaled-600x399.jpg 600w, https:\/\/espaifamilia.adrirodrigom2.es\/wp-content\/uploads\/2026\/01\/group-of-senior-people-attending-computer-and-tech-2026-01-05-06-07-32-utc-300x200.jpg 300w, https:\/\/espaifamilia.adrirodrigom2.es\/wp-content\/uploads\/2026\/01\/group-of-senior-people-attending-computer-and-tech-2026-01-05-06-07-32-utc-1024x682.jpg 1024w, https:\/\/espaifamilia.adrirodrigom2.es\/wp-content\/uploads\/2026\/01\/group-of-senior-people-attending-computer-and-tech-2026-01-05-06-07-32-utc-768x511.jpg 768w, https:\/\/espaifamilia.adrirodrigom2.es\/wp-content\/uploads\/2026\/01\/group-of-senior-people-attending-computer-and-tech-2026-01-05-06-07-32-utc-1536x1022.jpg 1536w, https:\/\/espaifamilia.adrirodrigom2.es\/wp-content\/uploads\/2026\/01\/group-of-senior-people-attending-computer-and-tech-2026-01-05-06-07-32-utc-2048x1363.jpg 2048w, https:\/\/espaifamilia.adrirodrigom2.es\/wp-content\/uploads\/2026\/01\/group-of-senior-people-attending-computer-and-tech-2026-01-05-06-07-32-utc-18x12.jpg 18w\" sizes=\"(max-width: 2560px) 100vw, 2560px\" \/>\t\t\t\t\t\t\t\t\t\t\t\t\t\t\t<\/div>\n\t\t\t\t<\/div>\n\t\t<div class=\"elementor-element elementor-element-e5eae0c e-con-full e-flex e-con e-child\" data-id=\"e5eae0c\" data-element_type=\"container\" data-e-type=\"container\">\n\t\t\t\t<div class=\"elementor-element elementor-element-e4fcc56 elementor-widget elementor-widget-text-editor\" data-id=\"e4fcc56\" data-element_type=\"widget\" data-e-type=\"widget\" data-widget_type=\"text-editor.default\">\n\t\t\t\t\t\t\t\t\t<ul><li>Taller: RESILI\u00c8NCIA, AUTOESTIMA I CONFIAN\u00c7A: Eines per a pares<\/li><li>Curs de Parentalitat positiva (3 sessions 1:30h).<\/li><li>Taller: Estrategias para educar a hijos con autocontrol y autorregulaci\u00f3n de las emociones.<\/li><li>Xerrada: Tinc un\/a fill\/a amb ALTA SENSIBILITAT: Eines per a educar-lo\/a.<\/li><li>Xerrada: Com ajudar els fills i filles amb dificultats o TRASTORNS DE L\u2019APRENENTATGE.<\/li><li>Xerrada: PAS A LA SECUND\u00c0RIA: paper de la fam\u00edlia en l\u2019adolesc\u00e8ncia.<\/li><li>Xerrada: H\u00c0BITS, RUTINES I AUTONOMIA en Educaci\u00f3 Infantil, base per la seva autoestima.<\/li><li>Xerrada: T\u00e9 TEA, i ara qu\u00e8?<\/li><li>Xerrada: T\u00e9 TDAH, i ara qu\u00e8?<\/li><li>Curs EDUCACI\u00d3 EMOCIONAL: l\u2019eina per prevenir dificultats en el desenvolupament.<\/li><li>Taller del JOC I LA JOGUINA: els que triem definiran el devenir de les criatures. Quins criteris hem de tenir en compte?<\/li><li>Taller: CONTES PER A CR\u00c9IXER. Com triar-los i com llegir-los.<\/li><li>Xerrada: BULLYING: prevenci\u00f3, detecci\u00f3 i actuacions.\u00a0<\/li><li>Xerrada: REBEQUERIES i FRUSTRACI\u00d3 : com els acompanyem?<\/li><li>Xerrada: NO TE AMICS. Com l\u2019ajudo?<\/li><li>Curs: Bases de l\u2019educaci\u00f3 MONTESSORI a casa .<\/li><li>IOGA i RELAXACI\u00d3 EN FAMILIA: eines per mantenir i per tornar a la calma<\/li><\/ul>\t\t\t\t\t\t\t\t<\/div>\n\t\t<div class=\"elementor-element elementor-element-cb6dd40 e-con-full e-flex e-con e-child\" data-id=\"cb6dd40\" data-element_type=\"container\" data-e-type=\"container\">\n\t\t\t\t<div class=\"elementor-element elementor-element-79da1a4 elementor-widget elementor-widget-button\" data-id=\"79da1a4\" data-element_type=\"widget\" data-e-type=\"widget\" data-widget_type=\"button.default\">\n\t\t\t\t\t\t\t\t\t\t<a class=\"elementor-button elementor-button-link elementor-size-sm\" href=\"https:\/\/espaifamilia.adrirodrigom2.es\/es\/que-oferim\/acompanyament-familiar\/packs-familiars\/\">\n\t\t\t\t\t\t<span class=\"elementor-button-content-wrapper\">\n\t\t\t\t\t\t\t\t\t<span class=\"elementor-button-text\">Pack Familiars<\/span>\n\t\t\t\t\t<\/span>\n\t\t\t\t\t<\/a>\n\t\t\t\t\t\t\t\t<\/div>\n\t\t\t\t<div class=\"elementor-element elementor-element-6ab44fb elementor-widget elementor-widget-button\" data-id=\"6ab44fb\" data-element_type=\"widget\" data-e-type=\"widget\" data-widget_type=\"button.default\">\n\t\t\t\t\t\t\t\t\t\t<a class=\"elementor-button elementor-button-link elementor-size-sm\" href=\"https:\/\/espaifamilia.adrirodrigom2.es\/es\/contacta\/\">\n\t\t\t\t\t\t<span class=\"elementor-button-content-wrapper\">\n\t\t\t\t\t\t\t\t\t<span class=\"elementor-button-text\">Solicita informaci\u00f3n<\/span>\n\t\t\t\t\t<\/span>\n\t\t\t\t\t<\/a>\n\t\t\t\t\t\t\t\t<\/div>\n\t\t\t\t<div class=\"elementor-element elementor-element-b484c74 elementor-widget elementor-widget-button\" data-id=\"b484c74\" data-element_type=\"widget\" data-e-type=\"widget\" data-widget_type=\"button.default\">\n\t\t\t\t\t\t\t\t\t\t<a class=\"elementor-button elementor-button-link elementor-size-sm\" href=\"https:\/\/espaifamilia.adrirodrigom2.es\/es\/que-oferim\/acompanyament-familiar\/\">\n\t\t\t\t\t\t<span class=\"elementor-button-content-wrapper\">\n\t\t\t\t\t\t\t\t\t<span class=\"elementor-button-text\">Volver atr\u00e1s<\/span>\n\t\t\t\t\t<\/span>\n\t\t\t\t\t<\/a>\n\t\t\t\t\t\t\t\t<\/div>\n\t\t\t\t<\/div>\n\t\t\t\t<\/div>\n\t\t\t\t\t<\/div>\n\t\t\t\t<\/div>\n\t\t\t\t<\/div>","protected":false},"excerpt":{"rendered":"<p>Taller: RESILI\u00c8NCIA, AUTOESTIMA I CONFIAN\u00c7A: Eines per a pares Curs de Parentalitat positiva (3 sessions 1:30h). Taller: Estrat\u00e8gies per educar fills amb autocontrol i autoregulaci\u00f3 de les emocions. Xerrada: Tinc un\/a fill\/a amb ALTA SENSIBILITAT: Eines per a educar-lo\/a. Xerrada: Com ajudar els fills i filles amb dificultats o TRASTORNS DE L\u2019APRENENTATGE. Xerrada: PAS A [&hellip;]<\/p>\n","protected":false},"author":3,"featured_media":0,"parent":125,"menu_order":1,"comment_status":"closed","ping_status":"closed","template":"elementor_header_footer","meta":{"_joinchat":[],"footnotes":""},"class_list":["post-4495","page","type-page","status-publish","hentry"],"_links":{"self":[{"href":"https:\/\/espaifamilia.adrirodrigom2.es\/es\/wp-json\/wp\/v2\/pages\/4495","targetHints":{"allow":["GET"]}}],"collection":[{"href":"https:\/\/espaifamilia.adrirodrigom2.es\/es\/wp-json\/wp\/v2\/pages"}],"about":[{"href":"https:\/\/espaifamilia.adrirodrigom2.es\/es\/wp-json\/wp\/v2\/types\/page"}],"author":[{"embeddable":true,"href":"https:\/\/espaifamilia.adrirodrigom2.es\/es\/wp-json\/wp\/v2\/users\/3"}],"replies":[{"embeddable":true,"href":"https:\/\/espaifamilia.adrirodrigom2.es\/es\/wp-json\/wp\/v2\/comments?post=4495"}],"version-history":[{"count":19,"href":"https:\/\/espaifamilia.adrirodrigom2.es\/es\/wp-json\/wp\/v2\/pages\/4495\/revisions"}],"predecessor-version":[{"id":5003,"href":"https:\/\/espaifamilia.adrirodrigom2.es\/es\/wp-json\/wp\/v2\/pages\/4495\/revisions\/5003"}],"up":[{"embeddable":true,"href":"https:\/\/espaifamilia.adrirodrigom2.es\/es\/wp-json\/wp\/v2\/pages\/125"}],"wp:attachment":[{"href":"https:\/\/espaifamilia.adrirodrigom2.es\/es\/wp-json\/wp\/v2\/media?parent=4495"}],"curies":[{"name":"wp","href":"https:\/\/api.w.org\/{rel}","templated":true}]}}