{"id":4478,"date":"2025-12-08T12:35:09","date_gmt":"2025-12-08T12:35:09","guid":{"rendered":"https:\/\/espaifamilia.adrirodrigom2.es\/?page_id=4478"},"modified":"2026-02-02T07:17:51","modified_gmt":"2026-02-02T07:17:51","slug":"taller-deines-per-a-pares-dinfants-amb-tea-i-tdah","status":"publish","type":"page","link":"https:\/\/espaifamilia.adrirodrigom2.es\/es\/que-oferim\/acompanyament-familiar\/taller-deines-per-a-pares-dinfants-amb-tea-i-tdah","title":{"rendered":"Taller de herramientas para padres de ni\u00f1os con TEA y TDAH"},"content":{"rendered":"<div data-elementor-type=\"wp-page\" data-elementor-id=\"4478\" class=\"elementor elementor-4478\" data-elementor-post-type=\"page\">\n\t\t\t\t\t\t<section class=\"elementor-section elementor-top-section elementor-element elementor-element-64bb7bf elementor-section-height-min-height elementor-section-boxed elementor-section-height-default elementor-section-items-middle\" data-id=\"64bb7bf\" data-element_type=\"section\" data-e-type=\"section\" data-settings=\"{&quot;background_background&quot;:&quot;classic&quot;}\">\n\t\t\t\t\t\t\t<div class=\"elementor-background-overlay\"><\/div>\n\t\t\t\t\t\t\t<div class=\"elementor-container elementor-column-gap-default\">\n\t\t\t\t\t<div class=\"elementor-column elementor-col-100 elementor-top-column elementor-element elementor-element-985a3b8\" data-id=\"985a3b8\" data-element_type=\"column\" data-e-type=\"column\">\n\t\t\t<div class=\"elementor-widget-wrap elementor-element-populated\">\n\t\t\t\t\t\t\t<\/div>\n\t\t<\/div>\n\t\t\t\t\t<\/div>\n\t\t<\/section>\n\t\t<div class=\"elementor-element elementor-element-836cff6 e-flex e-con-boxed e-con e-parent\" data-id=\"836cff6\" data-element_type=\"container\" data-e-type=\"container\">\n\t\t\t\t\t<div class=\"e-con-inner\">\n\t\t<div class=\"elementor-element elementor-element-b7e8996 e-con-full e-flex e-con e-child\" data-id=\"b7e8996\" data-element_type=\"container\" data-e-type=\"container\">\n\t\t\t\t<div class=\"elementor-element elementor-element-1d96632 elementor-widget elementor-widget-image\" data-id=\"1d96632\" data-element_type=\"widget\" data-e-type=\"widget\" data-widget_type=\"image.default\">\n\t\t\t\t\t\t\t\t\t\t\t\t\t\t\t<img fetchpriority=\"high\" decoding=\"async\" width=\"1233\" height=\"1707\" src=\"https:\/\/espaifamilia.adrirodrigom2.es\/wp-content\/uploads\/2026\/01\/family-looking-at-photo-album-2026-01-05-01-01-33-utc-scaled-e1768981150926.jpg\" class=\"attachment-full size-full wp-image-4720\" alt=\"\" srcset=\"https:\/\/espaifamilia.adrirodrigom2.es\/wp-content\/uploads\/2026\/01\/family-looking-at-photo-album-2026-01-05-01-01-33-utc-scaled-e1768981150926.jpg 1233w, https:\/\/espaifamilia.adrirodrigom2.es\/wp-content\/uploads\/2026\/01\/family-looking-at-photo-album-2026-01-05-01-01-33-utc-scaled-e1768981150926-600x831.jpg 600w, https:\/\/espaifamilia.adrirodrigom2.es\/wp-content\/uploads\/2026\/01\/family-looking-at-photo-album-2026-01-05-01-01-33-utc-scaled-e1768981150926-217x300.jpg 217w, https:\/\/espaifamilia.adrirodrigom2.es\/wp-content\/uploads\/2026\/01\/family-looking-at-photo-album-2026-01-05-01-01-33-utc-scaled-e1768981150926-740x1024.jpg 740w, https:\/\/espaifamilia.adrirodrigom2.es\/wp-content\/uploads\/2026\/01\/family-looking-at-photo-album-2026-01-05-01-01-33-utc-scaled-e1768981150926-768x1063.jpg 768w, https:\/\/espaifamilia.adrirodrigom2.es\/wp-content\/uploads\/2026\/01\/family-looking-at-photo-album-2026-01-05-01-01-33-utc-scaled-e1768981150926-1109x1536.jpg 1109w, https:\/\/espaifamilia.adrirodrigom2.es\/wp-content\/uploads\/2026\/01\/family-looking-at-photo-album-2026-01-05-01-01-33-utc-scaled-e1768981150926-9x12.jpg 9w\" sizes=\"(max-width: 1233px) 100vw, 1233px\" \/>\t\t\t\t\t\t\t\t\t\t\t\t\t\t\t<\/div>\n\t\t\t\t<\/div>\n\t\t<div class=\"elementor-element elementor-element-e5eae0c e-con-full e-flex e-con e-child\" data-id=\"e5eae0c\" data-element_type=\"container\" data-e-type=\"container\">\n\t\t\t\t<div class=\"elementor-element elementor-element-e4fcc56 elementor-widget elementor-widget-text-editor\" data-id=\"e4fcc56\" data-element_type=\"widget\" data-e-type=\"widget\" data-widget_type=\"text-editor.default\">\n\t\t\t\t\t\t\t\t\t<p>Ja tenim el diagn\u00f2stic, i ara qu\u00e8? Aquest taller pret\u00e9n ser un punt de trobada de pares que estan passant o han passat per situacions semblants, on cada setmana parlarem i compartirem eines i estrat\u00e8gies per a donar resposta a les necessitats i situacions que la conviv\u00e8ncia amb aquests infants ens generen. Com podem ajudar-los a desenvolupar m\u00e9s l\u2019atenci\u00f3 \/ concentraci\u00f3 en les tasques que no els motiven? Com els acompanyem a desenvolupar unes habilitats socials m\u00ednimes que els ajudin a sentir-se part del seu grup d\u2019iguals? Com els expliquem el que els passa? Quines estrat\u00e8gies podem posar en marxa per a motivar-los cap al canvi de conducta, per tal que aquesta els faciliti el seu desenvolupament sa? No es tracta de canviar als nostres fills, sin\u00f3 d\u2019acompanyar-los en el seu desenvolupament, entrenant-los per la vida. S\u00f3n eines que ells assoliran i que podran utilitzar quan a ells els interessi, sempre respectant la seva manera de ser i d\u2019habitar el m\u00f3n.<\/p><p>Inici: Gener 2026<\/p><p>Quan? Els dimarts quinzenals a les 20h.<\/p><p>On? Pl. Anselm Clav\u00e9, 1 (Al costat del p\u00e0rquing p\u00fablic).<\/p>\t\t\t\t\t\t\t\t<\/div>\n\t\t<div class=\"elementor-element elementor-element-4d5df0f e-con-full e-flex e-con e-child\" data-id=\"4d5df0f\" data-element_type=\"container\" data-e-type=\"container\">\n\t\t\t\t<div class=\"elementor-element elementor-element-fc22e78 elementor-widget elementor-widget-button\" data-id=\"fc22e78\" data-element_type=\"widget\" data-e-type=\"widget\" data-widget_type=\"button.default\">\n\t\t\t\t\t\t\t\t\t\t<a class=\"elementor-button elementor-button-link elementor-size-sm\" href=\"https:\/\/espaifamilia.adrirodrigom2.es\/es\/que-oferim\/acompanyament-familiar\/packs-familiars\/\">\n\t\t\t\t\t\t<span class=\"elementor-button-content-wrapper\">\n\t\t\t\t\t\t\t\t\t<span class=\"elementor-button-text\">Pack Familiars<\/span>\n\t\t\t\t\t<\/span>\n\t\t\t\t\t<\/a>\n\t\t\t\t\t\t\t\t<\/div>\n\t\t\t\t<div class=\"elementor-element elementor-element-ef1290b elementor-widget elementor-widget-button\" data-id=\"ef1290b\" data-element_type=\"widget\" data-e-type=\"widget\" data-widget_type=\"button.default\">\n\t\t\t\t\t\t\t\t\t\t<a class=\"elementor-button elementor-button-link elementor-size-sm\" href=\"https:\/\/espaifamilia.adrirodrigom2.es\/es\/contacta\/\">\n\t\t\t\t\t\t<span class=\"elementor-button-content-wrapper\">\n\t\t\t\t\t\t\t\t\t<span class=\"elementor-button-text\">Solicita informaci\u00f3n<\/span>\n\t\t\t\t\t<\/span>\n\t\t\t\t\t<\/a>\n\t\t\t\t\t\t\t\t<\/div>\n\t\t\t\t<div class=\"elementor-element elementor-element-023d8e2 elementor-widget elementor-widget-button\" data-id=\"023d8e2\" data-element_type=\"widget\" data-e-type=\"widget\" data-widget_type=\"button.default\">\n\t\t\t\t\t\t\t\t\t\t<a class=\"elementor-button elementor-button-link elementor-size-sm\" href=\"https:\/\/espaifamilia.adrirodrigom2.es\/es\/que-oferim\/acompanyament-familiar\/\">\n\t\t\t\t\t\t<span class=\"elementor-button-content-wrapper\">\n\t\t\t\t\t\t\t\t\t<span class=\"elementor-button-text\">Volver atr\u00e1s<\/span>\n\t\t\t\t\t<\/span>\n\t\t\t\t\t<\/a>\n\t\t\t\t\t\t\t\t<\/div>\n\t\t\t\t<\/div>\n\t\t\t\t<\/div>\n\t\t\t\t\t<\/div>\n\t\t\t\t<\/div>\n\t\t\t\t<\/div>","protected":false},"excerpt":{"rendered":"<p>Ja tenim el diagn\u00f2stic, i ara qu\u00e8? Aquest taller pret\u00e9n ser un punt de trobada de pares que estan passant o han passat per situacions semblants, on cada setmana parlarem i compartirem eines i estrat\u00e8gies per a donar resposta a les necessitats i situacions que la conviv\u00e8ncia amb aquests infants ens generen. Com podem ajudar-los [&hellip;]<\/p>\n","protected":false},"author":3,"featured_media":0,"parent":125,"menu_order":1,"comment_status":"closed","ping_status":"closed","template":"elementor_header_footer","meta":{"_joinchat":[],"footnotes":""},"class_list":["post-4478","page","type-page","status-publish","hentry"],"_links":{"self":[{"href":"https:\/\/espaifamilia.adrirodrigom2.es\/es\/wp-json\/wp\/v2\/pages\/4478","targetHints":{"allow":["GET"]}}],"collection":[{"href":"https:\/\/espaifamilia.adrirodrigom2.es\/es\/wp-json\/wp\/v2\/pages"}],"about":[{"href":"https:\/\/espaifamilia.adrirodrigom2.es\/es\/wp-json\/wp\/v2\/types\/page"}],"author":[{"embeddable":true,"href":"https:\/\/espaifamilia.adrirodrigom2.es\/es\/wp-json\/wp\/v2\/users\/3"}],"replies":[{"embeddable":true,"href":"https:\/\/espaifamilia.adrirodrigom2.es\/es\/wp-json\/wp\/v2\/comments?post=4478"}],"version-history":[{"count":23,"href":"https:\/\/espaifamilia.adrirodrigom2.es\/es\/wp-json\/wp\/v2\/pages\/4478\/revisions"}],"predecessor-version":[{"id":4988,"href":"https:\/\/espaifamilia.adrirodrigom2.es\/es\/wp-json\/wp\/v2\/pages\/4478\/revisions\/4988"}],"up":[{"embeddable":true,"href":"https:\/\/espaifamilia.adrirodrigom2.es\/es\/wp-json\/wp\/v2\/pages\/125"}],"wp:attachment":[{"href":"https:\/\/espaifamilia.adrirodrigom2.es\/es\/wp-json\/wp\/v2\/media?parent=4478"}],"curies":[{"name":"wp","href":"https:\/\/api.w.org\/{rel}","templated":true}]}}