{"id":4449,"date":"2025-12-08T12:31:56","date_gmt":"2025-12-08T12:31:56","guid":{"rendered":"https:\/\/espaifamilia.adrirodrigom2.es\/?page_id=4449"},"modified":"2026-02-02T07:18:31","modified_gmt":"2026-02-02T07:18:31","slug":"comunitat-munay","status":"publish","type":"page","link":"https:\/\/espaifamilia.adrirodrigom2.es\/es\/que-oferim\/acompanyament-familiar\/comunitat-munay","title":{"rendered":"Comunitat MUNAY"},"content":{"rendered":"<div data-elementor-type=\"wp-page\" data-elementor-id=\"4449\" class=\"elementor elementor-4449\" data-elementor-post-type=\"page\">\n\t\t\t\t\t\t<section class=\"elementor-section elementor-top-section elementor-element elementor-element-64bb7bf elementor-section-height-min-height elementor-section-boxed elementor-section-height-default elementor-section-items-middle\" data-id=\"64bb7bf\" data-element_type=\"section\" data-e-type=\"section\" data-settings=\"{&quot;background_background&quot;:&quot;classic&quot;}\">\n\t\t\t\t\t\t\t<div class=\"elementor-background-overlay\"><\/div>\n\t\t\t\t\t\t\t<div class=\"elementor-container elementor-column-gap-default\">\n\t\t\t\t\t<div class=\"elementor-column elementor-col-100 elementor-top-column elementor-element elementor-element-985a3b8\" data-id=\"985a3b8\" data-element_type=\"column\" data-e-type=\"column\">\n\t\t\t<div class=\"elementor-widget-wrap elementor-element-populated\">\n\t\t\t\t\t\t\t<\/div>\n\t\t<\/div>\n\t\t\t\t\t<\/div>\n\t\t<\/section>\n\t\t<div class=\"elementor-element elementor-element-836cff6 e-flex e-con-boxed e-con e-parent\" data-id=\"836cff6\" data-element_type=\"container\" data-e-type=\"container\">\n\t\t\t\t\t<div class=\"e-con-inner\">\n\t\t<div class=\"elementor-element elementor-element-b7e8996 e-con-full e-flex e-con e-child\" data-id=\"b7e8996\" data-element_type=\"container\" data-e-type=\"container\">\n\t\t\t\t<div class=\"elementor-element elementor-element-1d96632 elementor-widget elementor-widget-image\" data-id=\"1d96632\" data-element_type=\"widget\" data-e-type=\"widget\" data-widget_type=\"image.default\">\n\t\t\t\t\t\t\t\t\t\t\t\t\t\t\t<img fetchpriority=\"high\" decoding=\"async\" width=\"1707\" height=\"2560\" src=\"https:\/\/espaifamilia.adrirodrigom2.es\/wp-content\/uploads\/2025\/12\/male-pupil-in-elementary-school-classroom-reading-2024-10-19-02-04-37-utc-scaled.jpg\" class=\"attachment-full size-full wp-image-4471\" alt=\"\" srcset=\"https:\/\/espaifamilia.adrirodrigom2.es\/wp-content\/uploads\/2025\/12\/male-pupil-in-elementary-school-classroom-reading-2024-10-19-02-04-37-utc-scaled.jpg 1707w, https:\/\/espaifamilia.adrirodrigom2.es\/wp-content\/uploads\/2025\/12\/male-pupil-in-elementary-school-classroom-reading-2024-10-19-02-04-37-utc-scaled-600x900.jpg 600w, https:\/\/espaifamilia.adrirodrigom2.es\/wp-content\/uploads\/2025\/12\/male-pupil-in-elementary-school-classroom-reading-2024-10-19-02-04-37-utc-200x300.jpg 200w, https:\/\/espaifamilia.adrirodrigom2.es\/wp-content\/uploads\/2025\/12\/male-pupil-in-elementary-school-classroom-reading-2024-10-19-02-04-37-utc-683x1024.jpg 683w, https:\/\/espaifamilia.adrirodrigom2.es\/wp-content\/uploads\/2025\/12\/male-pupil-in-elementary-school-classroom-reading-2024-10-19-02-04-37-utc-768x1152.jpg 768w, https:\/\/espaifamilia.adrirodrigom2.es\/wp-content\/uploads\/2025\/12\/male-pupil-in-elementary-school-classroom-reading-2024-10-19-02-04-37-utc-1024x1536.jpg 1024w, https:\/\/espaifamilia.adrirodrigom2.es\/wp-content\/uploads\/2025\/12\/male-pupil-in-elementary-school-classroom-reading-2024-10-19-02-04-37-utc-1365x2048.jpg 1365w, https:\/\/espaifamilia.adrirodrigom2.es\/wp-content\/uploads\/2025\/12\/male-pupil-in-elementary-school-classroom-reading-2024-10-19-02-04-37-utc-8x12.jpg 8w\" sizes=\"(max-width: 1707px) 100vw, 1707px\" \/>\t\t\t\t\t\t\t\t\t\t\t\t\t\t\t<\/div>\n\t\t\t\t<\/div>\n\t\t<div class=\"elementor-element elementor-element-e5eae0c e-con-full e-flex e-con e-child\" data-id=\"e5eae0c\" data-element_type=\"container\" data-e-type=\"container\">\n\t\t\t\t<div class=\"elementor-element elementor-element-e4fcc56 elementor-widget elementor-widget-text-editor\" data-id=\"e4fcc56\" data-element_type=\"widget\" data-e-type=\"widget\" data-widget_type=\"text-editor.default\">\n\t\t\t\t\t\t\t\t\t<p>Aquesta proposta neix amb la intenci\u00f3 d\u2019oferir un espai d\u2019autocura, reflexi\u00f3 i creixement per a mares i pares de la comunitat. No \u00e9s un secret que vivim en una societat on la crian\u00e7a i educaci\u00f3 dels nostres fills es viu en la majoria dels casos, des de la soledat, l\u2019exig\u00e8ncia i la desconnexi\u00f3. Una de les peces claus per al desenvolupament saludable dels nostres fills i filles \u00e9s la qualitat del vincle i les interaccions entre ells i nosaltres. Ser conscients del paper que juguem en el desenvolupament dels nostres fills i filles no te com a intenci\u00f3 culpabilitzar-nos de totes les dificultats que puguin experimentar en la seva vida. Ans el contrari, pret\u00e9n fer-nos connectar amb la responsabilitat que suposa la maternitat i la paternitat, i la necessitat imperant de CUIDAR-NOS per a poder CUIDAR. Necessitem conversar amb i escoltar a infants i pares, i en aquest proc\u00e9s necessitem \u00e9sser sostinguts per alg\u00fa extern que dins del vincle ens ofereixi seguretat i acceptaci\u00f3. Perqu\u00e8 \u00e9s des d\u2019aqu\u00ed que el nostre adult pot integrar les experi\u00e8ncies no elaborades de la seva vida i convertir-se en un referent segur per al seu fill i per al seu nen\/a interior. Munay esdev\u00e9 un espai \u00edntim i cuidat per a les mares i pares que participen en ell. La professional actua com a facilitadora i figura referent per als participants, sost\u00e9 emocionalment a cadascun d\u2019ells i al grup com a conjunt, validant les seves emocions, recollint les experi\u00e8ncies compartides i aportant algun comentari que permeti que cada persona se senti acompanyada en el seu compartir. Els ajuda a identificar els seus recursos, ofereix un espai per a que expressin les emocions i pensaments que habitualment censuren i finalment afegeix altres recursos, preguntes o reflexions per a que el grup pugui revisar creences i contemplar noves formes de fer.<\/p><p>Es realitzaran 2 sessions al mes de 2 hores.<\/p><p>Grups de m\u00ednim 10 persones<\/p><p>Inici: Febrer 2026<\/p><p>Horari: els dilluns a les 19h<\/p><p>Lloc: Pl. Anslem Clav\u00e9, 1. Sant Quirze del Vall\u00e8s (Davant del p\u00e0rquing p\u00fablic).<\/p>\t\t\t\t\t\t\t\t<\/div>\n\t\t<div class=\"elementor-element elementor-element-0242e92 e-con-full e-flex e-con e-child\" data-id=\"0242e92\" data-element_type=\"container\" data-e-type=\"container\">\n\t\t\t\t<div class=\"elementor-element elementor-element-48ebb38 elementor-widget elementor-widget-button\" data-id=\"48ebb38\" data-element_type=\"widget\" data-e-type=\"widget\" data-widget_type=\"button.default\">\n\t\t\t\t\t\t\t\t\t\t<a class=\"elementor-button elementor-button-link elementor-size-sm\" href=\"https:\/\/espaifamilia.adrirodrigom2.es\/es\/que-oferim\/acompanyament-familiar\/packs-familiars\/\">\n\t\t\t\t\t\t<span class=\"elementor-button-content-wrapper\">\n\t\t\t\t\t\t\t\t\t<span class=\"elementor-button-text\">Pack Familiars<\/span>\n\t\t\t\t\t<\/span>\n\t\t\t\t\t<\/a>\n\t\t\t\t\t\t\t\t<\/div>\n\t\t\t\t<div class=\"elementor-element elementor-element-40500c1 elementor-widget elementor-widget-button\" data-id=\"40500c1\" data-element_type=\"widget\" data-e-type=\"widget\" data-widget_type=\"button.default\">\n\t\t\t\t\t\t\t\t\t\t<a class=\"elementor-button elementor-button-link elementor-size-sm\" href=\"https:\/\/espaifamilia.adrirodrigom2.es\/es\/contacta\/\">\n\t\t\t\t\t\t<span class=\"elementor-button-content-wrapper\">\n\t\t\t\t\t\t\t\t\t<span class=\"elementor-button-text\">Solicita informaci\u00f3n<\/span>\n\t\t\t\t\t<\/span>\n\t\t\t\t\t<\/a>\n\t\t\t\t\t\t\t\t<\/div>\n\t\t\t\t<div class=\"elementor-element elementor-element-2640145 elementor-widget elementor-widget-button\" data-id=\"2640145\" data-element_type=\"widget\" data-e-type=\"widget\" data-widget_type=\"button.default\">\n\t\t\t\t\t\t\t\t\t\t<a class=\"elementor-button elementor-button-link elementor-size-sm\" href=\"https:\/\/espaifamilia.adrirodrigom2.es\/es\/que-oferim\/acompanyament-familiar\/\">\n\t\t\t\t\t\t<span class=\"elementor-button-content-wrapper\">\n\t\t\t\t\t\t\t\t\t<span class=\"elementor-button-text\">Volver atr\u00e1s<\/span>\n\t\t\t\t\t<\/span>\n\t\t\t\t\t<\/a>\n\t\t\t\t\t\t\t\t<\/div>\n\t\t\t\t<\/div>\n\t\t\t\t<\/div>\n\t\t\t\t\t<\/div>\n\t\t\t\t<\/div>\n\t\t\t\t<\/div>","protected":false},"excerpt":{"rendered":"<p>Aquesta proposta neix amb la intenci\u00f3 d\u2019oferir un espai d\u2019autocura, reflexi\u00f3 i creixement per a mares i pares de la comunitat. No \u00e9s un secret que vivim en una societat on la crian\u00e7a i educaci\u00f3 dels nostres fills es viu en la majoria dels casos, des de la soledat, l\u2019exig\u00e8ncia i la desconnexi\u00f3. Una de [&hellip;]<\/p>\n","protected":false},"author":3,"featured_media":0,"parent":125,"menu_order":1,"comment_status":"closed","ping_status":"closed","template":"elementor_header_footer","meta":{"_joinchat":[],"footnotes":""},"class_list":["post-4449","page","type-page","status-publish","hentry"],"_links":{"self":[{"href":"https:\/\/espaifamilia.adrirodrigom2.es\/es\/wp-json\/wp\/v2\/pages\/4449","targetHints":{"allow":["GET"]}}],"collection":[{"href":"https:\/\/espaifamilia.adrirodrigom2.es\/es\/wp-json\/wp\/v2\/pages"}],"about":[{"href":"https:\/\/espaifamilia.adrirodrigom2.es\/es\/wp-json\/wp\/v2\/types\/page"}],"author":[{"embeddable":true,"href":"https:\/\/espaifamilia.adrirodrigom2.es\/es\/wp-json\/wp\/v2\/users\/3"}],"replies":[{"embeddable":true,"href":"https:\/\/espaifamilia.adrirodrigom2.es\/es\/wp-json\/wp\/v2\/comments?post=4449"}],"version-history":[{"count":31,"href":"https:\/\/espaifamilia.adrirodrigom2.es\/es\/wp-json\/wp\/v2\/pages\/4449\/revisions"}],"predecessor-version":[{"id":4994,"href":"https:\/\/espaifamilia.adrirodrigom2.es\/es\/wp-json\/wp\/v2\/pages\/4449\/revisions\/4994"}],"up":[{"embeddable":true,"href":"https:\/\/espaifamilia.adrirodrigom2.es\/es\/wp-json\/wp\/v2\/pages\/125"}],"wp:attachment":[{"href":"https:\/\/espaifamilia.adrirodrigom2.es\/es\/wp-json\/wp\/v2\/media?parent=4449"}],"curies":[{"name":"wp","href":"https:\/\/api.w.org\/{rel}","templated":true}]}}