{"id":4442,"date":"2025-11-28T10:33:28","date_gmt":"2025-11-28T10:33:28","guid":{"rendered":"https:\/\/espaifamilia.adrirodrigom2.es\/?page_id=4442"},"modified":"2026-02-02T07:17:14","modified_gmt":"2026-02-02T07:17:14","slug":"assessorament-familiar","status":"publish","type":"page","link":"https:\/\/espaifamilia.adrirodrigom2.es\/es\/que-oferim\/acompanyament-familiar\/assessorament-familiar","title":{"rendered":"Asesoramiento familiar"},"content":{"rendered":"<div data-elementor-type=\"wp-page\" data-elementor-id=\"4442\" class=\"elementor elementor-4442\" data-elementor-post-type=\"page\">\n\t\t\t\t\t\t<section class=\"elementor-section elementor-top-section elementor-element elementor-element-64bb7bf elementor-section-height-min-height elementor-section-boxed elementor-section-height-default elementor-section-items-middle\" data-id=\"64bb7bf\" data-element_type=\"section\" data-e-type=\"section\" data-settings=\"{&quot;background_background&quot;:&quot;classic&quot;}\">\n\t\t\t\t\t\t\t<div class=\"elementor-background-overlay\"><\/div>\n\t\t\t\t\t\t\t<div class=\"elementor-container elementor-column-gap-default\">\n\t\t\t\t\t<div class=\"elementor-column elementor-col-100 elementor-top-column elementor-element elementor-element-985a3b8\" data-id=\"985a3b8\" data-element_type=\"column\" data-e-type=\"column\">\n\t\t\t<div class=\"elementor-widget-wrap elementor-element-populated\">\n\t\t\t\t\t\t\t<\/div>\n\t\t<\/div>\n\t\t\t\t\t<\/div>\n\t\t<\/section>\n\t\t<div class=\"elementor-element elementor-element-836cff6 e-flex e-con-boxed e-con e-parent\" data-id=\"836cff6\" data-element_type=\"container\" data-e-type=\"container\">\n\t\t\t\t\t<div class=\"e-con-inner\">\n\t\t<div class=\"elementor-element elementor-element-b7e8996 e-con-full e-flex e-con e-child\" data-id=\"b7e8996\" data-element_type=\"container\" data-e-type=\"container\">\n\t\t\t\t<div class=\"elementor-element elementor-element-1d96632 elementor-widget elementor-widget-image\" data-id=\"1d96632\" data-element_type=\"widget\" data-e-type=\"widget\" data-widget_type=\"image.default\">\n\t\t\t\t\t\t\t\t\t\t\t\t\t\t\t<img fetchpriority=\"high\" decoding=\"async\" width=\"2560\" height=\"1708\" src=\"https:\/\/espaifamilia.adrirodrigom2.es\/wp-content\/uploads\/2026\/01\/playing-with-family-at-the-garden-2026-01-06-09-18-56-utc-scaled.jpg\" class=\"attachment-full size-full wp-image-4712\" alt=\"\" srcset=\"https:\/\/espaifamilia.adrirodrigom2.es\/wp-content\/uploads\/2026\/01\/playing-with-family-at-the-garden-2026-01-06-09-18-56-utc-scaled.jpg 2560w, https:\/\/espaifamilia.adrirodrigom2.es\/wp-content\/uploads\/2026\/01\/playing-with-family-at-the-garden-2026-01-06-09-18-56-utc-scaled-600x400.jpg 600w, https:\/\/espaifamilia.adrirodrigom2.es\/wp-content\/uploads\/2026\/01\/playing-with-family-at-the-garden-2026-01-06-09-18-56-utc-300x200.jpg 300w, https:\/\/espaifamilia.adrirodrigom2.es\/wp-content\/uploads\/2026\/01\/playing-with-family-at-the-garden-2026-01-06-09-18-56-utc-1024x683.jpg 1024w, https:\/\/espaifamilia.adrirodrigom2.es\/wp-content\/uploads\/2026\/01\/playing-with-family-at-the-garden-2026-01-06-09-18-56-utc-768x513.jpg 768w, https:\/\/espaifamilia.adrirodrigom2.es\/wp-content\/uploads\/2026\/01\/playing-with-family-at-the-garden-2026-01-06-09-18-56-utc-1536x1025.jpg 1536w, https:\/\/espaifamilia.adrirodrigom2.es\/wp-content\/uploads\/2026\/01\/playing-with-family-at-the-garden-2026-01-06-09-18-56-utc-2048x1367.jpg 2048w, https:\/\/espaifamilia.adrirodrigom2.es\/wp-content\/uploads\/2026\/01\/playing-with-family-at-the-garden-2026-01-06-09-18-56-utc-18x12.jpg 18w\" sizes=\"(max-width: 2560px) 100vw, 2560px\" \/>\t\t\t\t\t\t\t\t\t\t\t\t\t\t\t<\/div>\n\t\t\t\t<\/div>\n\t\t<div class=\"elementor-element elementor-element-e5eae0c e-con-full e-flex e-con e-child\" data-id=\"e5eae0c\" data-element_type=\"container\" data-e-type=\"container\">\n\t\t\t\t<div class=\"elementor-element elementor-element-e4fcc56 elementor-widget elementor-widget-text-editor\" data-id=\"e4fcc56\" data-element_type=\"widget\" data-e-type=\"widget\" data-widget_type=\"text-editor.default\">\n\t\t\t\t\t\t\t\t\t<ul><li>Es tracta de sessions d\u2019acompanyament a les fam\u00edlies en aquells moments puntuals d\u2019angoixa en els que no sabem cap on tirar. Des de dificultats per al control d\u2019esf\u00ednters fins a situacions de malestar adolescent. Poden ser sessions puntuals o un acompanyament de 8 a 12 sessions quinzenals, en el que anem posant en pr\u00e0ctica les noves estrat\u00e8gies pactades i valorem les dificultats conjuntament. Partirem sempre dels recursos i habilitats de les fam\u00edlies per a anar oferint estrat\u00e8gies noves que puguin anar assumint.<\/li><\/ul><p>Es recomana que en aquestes sessions participin els 2 tutors dels menors.<\/p><p>En els Packs, s\u2019ofereixen, a m\u00e9s d\u2019aquestes sessions, materials f\u00edsics o digitals que els ajudaran a posar en pr\u00e0ctica les estrat\u00e8gies.<\/p>\t\t\t\t\t\t\t\t<\/div>\n\t\t<div class=\"elementor-element elementor-element-bfec876 e-con-full e-flex e-con e-child\" data-id=\"bfec876\" data-element_type=\"container\" data-e-type=\"container\">\n\t\t\t\t<div class=\"elementor-element elementor-element-3f76ced elementor-widget elementor-widget-button\" data-id=\"3f76ced\" data-element_type=\"widget\" data-e-type=\"widget\" data-widget_type=\"button.default\">\n\t\t\t\t\t\t\t\t\t\t<a class=\"elementor-button elementor-button-link elementor-size-sm\" href=\"https:\/\/espaifamilia.adrirodrigom2.es\/es\/que-oferim\/acompanyament-familiar\/packs-familiars\/\">\n\t\t\t\t\t\t<span class=\"elementor-button-content-wrapper\">\n\t\t\t\t\t\t\t\t\t<span class=\"elementor-button-text\">Pack Familiars<\/span>\n\t\t\t\t\t<\/span>\n\t\t\t\t\t<\/a>\n\t\t\t\t\t\t\t\t<\/div>\n\t\t\t\t<div class=\"elementor-element elementor-element-06a2535 elementor-widget elementor-widget-button\" data-id=\"06a2535\" data-element_type=\"widget\" data-e-type=\"widget\" data-widget_type=\"button.default\">\n\t\t\t\t\t\t\t\t\t\t<a class=\"elementor-button elementor-button-link elementor-size-sm\" href=\"https:\/\/espaifamilia.adrirodrigom2.es\/es\/contacta\/\">\n\t\t\t\t\t\t<span class=\"elementor-button-content-wrapper\">\n\t\t\t\t\t\t\t\t\t<span class=\"elementor-button-text\">Solicita informaci\u00f3n<\/span>\n\t\t\t\t\t<\/span>\n\t\t\t\t\t<\/a>\n\t\t\t\t\t\t\t\t<\/div>\n\t\t\t\t<div class=\"elementor-element elementor-element-f2a1996 elementor-widget elementor-widget-button\" data-id=\"f2a1996\" data-element_type=\"widget\" data-e-type=\"widget\" data-widget_type=\"button.default\">\n\t\t\t\t\t\t\t\t\t\t<a class=\"elementor-button elementor-button-link elementor-size-sm\" href=\"https:\/\/espaifamilia.adrirodrigom2.es\/es\/que-oferim\/acompanyament-familiar\/\">\n\t\t\t\t\t\t<span class=\"elementor-button-content-wrapper\">\n\t\t\t\t\t\t\t\t\t<span class=\"elementor-button-text\">Volver atr\u00e1s<\/span>\n\t\t\t\t\t<\/span>\n\t\t\t\t\t<\/a>\n\t\t\t\t\t\t\t\t<\/div>\n\t\t\t\t<\/div>\n\t\t\t\t<\/div>\n\t\t\t\t\t<\/div>\n\t\t\t\t<\/div>\n\t\t\t\t<\/div>","protected":false},"excerpt":{"rendered":"<p>Es tracta de sessions d\u2019acompanyament a les fam\u00edlies en aquells moments puntuals d\u2019angoixa en els que no sabem cap on tirar. Des de dificultats per al control d\u2019esf\u00ednters fins a situacions de malestar adolescent. Poden ser sessions puntuals o un acompanyament de 8 a 12 sessions quinzenals, en el que anem posant en pr\u00e0ctica les [&hellip;]<\/p>\n","protected":false},"author":3,"featured_media":0,"parent":125,"menu_order":1,"comment_status":"closed","ping_status":"closed","template":"elementor_header_footer","meta":{"_joinchat":[],"footnotes":""},"class_list":["post-4442","page","type-page","status-publish","hentry"],"_links":{"self":[{"href":"https:\/\/espaifamilia.adrirodrigom2.es\/es\/wp-json\/wp\/v2\/pages\/4442","targetHints":{"allow":["GET"]}}],"collection":[{"href":"https:\/\/espaifamilia.adrirodrigom2.es\/es\/wp-json\/wp\/v2\/pages"}],"about":[{"href":"https:\/\/espaifamilia.adrirodrigom2.es\/es\/wp-json\/wp\/v2\/types\/page"}],"author":[{"embeddable":true,"href":"https:\/\/espaifamilia.adrirodrigom2.es\/es\/wp-json\/wp\/v2\/users\/3"}],"replies":[{"embeddable":true,"href":"https:\/\/espaifamilia.adrirodrigom2.es\/es\/wp-json\/wp\/v2\/comments?post=4442"}],"version-history":[{"count":25,"href":"https:\/\/espaifamilia.adrirodrigom2.es\/es\/wp-json\/wp\/v2\/pages\/4442\/revisions"}],"predecessor-version":[{"id":4985,"href":"https:\/\/espaifamilia.adrirodrigom2.es\/es\/wp-json\/wp\/v2\/pages\/4442\/revisions\/4985"}],"up":[{"embeddable":true,"href":"https:\/\/espaifamilia.adrirodrigom2.es\/es\/wp-json\/wp\/v2\/pages\/125"}],"wp:attachment":[{"href":"https:\/\/espaifamilia.adrirodrigom2.es\/es\/wp-json\/wp\/v2\/media?parent=4442"}],"curies":[{"name":"wp","href":"https:\/\/api.w.org\/{rel}","templated":true}]}}