{"id":35,"date":"2020-07-07T10:29:00","date_gmt":"2020-07-07T10:29:00","guid":{"rendered":"https:\/\/espaifamilia.com\/?page_id=35"},"modified":"2026-03-01T13:12:11","modified_gmt":"2026-03-01T13:12:11","slug":"demana-cita","status":"publish","type":"page","link":"https:\/\/espaifamilia.adrirodrigom2.es\/es\/demana-cita","title":{"rendered":"Pide cita"},"content":{"rendered":"\t\t<div data-elementor-type=\"wp-page\" data-elementor-id=\"35\" class=\"elementor elementor-35\" data-elementor-post-type=\"page\">\n\t\t\t\t\t\t<section class=\"elementor-section elementor-top-section elementor-element elementor-element-2ee34a0 elementor-section-height-min-height elementor-section-boxed elementor-section-height-default elementor-section-items-middle\" data-id=\"2ee34a0\" data-element_type=\"section\" data-e-type=\"section\" data-settings=\"{&quot;background_background&quot;:&quot;classic&quot;}\">\n\t\t\t\t\t\t\t<div class=\"elementor-background-overlay\"><\/div>\n\t\t\t\t\t\t\t<div class=\"elementor-container elementor-column-gap-default\">\n\t\t\t\t\t<div class=\"elementor-column elementor-col-100 elementor-top-column elementor-element elementor-element-77c9ca8\" data-id=\"77c9ca8\" data-element_type=\"column\" data-e-type=\"column\">\n\t\t\t<div class=\"elementor-widget-wrap elementor-element-populated\">\n\t\t\t\t\t\t\t<\/div>\n\t\t<\/div>\n\t\t\t\t\t<\/div>\n\t\t<\/section>\n\t\t<div class=\"elementor-element elementor-element-c69d994 e-flex e-con-boxed e-con e-parent\" data-id=\"c69d994\" data-element_type=\"container\" data-e-type=\"container\" id=\"primera-cita\">\n\t\t\t\t\t<div class=\"e-con-inner\">\n\t\t<div class=\"elementor-element elementor-element-10ee197 e-con-full e-flex e-con e-child\" data-id=\"10ee197\" data-element_type=\"container\" data-e-type=\"container\">\n\t\t\t\t<div class=\"elementor-element elementor-element-acc2555 elementor-widget elementor-widget-heading\" data-id=\"acc2555\" data-element_type=\"widget\" data-e-type=\"widget\" data-widget_type=\"heading.default\">\n\t\t\t\t\t<h2 class=\"elementor-heading-title elementor-size-default\">Per qu\u00e8 \u00e9s necess\u00e0ria la primera visita?<\/h2>\t\t\t\t<\/div>\n\t\t\t\t<div class=\"elementor-element elementor-element-0a38403 elementor-widget elementor-widget-text-editor\" data-id=\"0a38403\" data-element_type=\"widget\" data-e-type=\"widget\" data-widget_type=\"text-editor.default\">\n\t\t\t\t\t\t\t\t\t<p>La primera visita \u00e9s un espai d\u2019acollida i d\u2019escolta que ens permet:<br \/>\u25cf Con\u00e8ixer la vostra situaci\u00f3, preocupacions i context personal o familiar<br \/>\u25cf Fer una<strong> recollida d\u2019informaci\u00f3<\/strong> acurada i significativa<br \/>\u25cf Crear un <strong>vincle de confian\u00e7a<\/strong> en un espai segur i sense judicis<br \/>\u25cf Definir conjuntament els <strong>objectius del proc\u00e9s terap\u00e8utic<\/strong><br \/>\u25cf Valorar i proposar un <strong>pla d\u2019intervenci\u00f3 personalitzat<\/strong>, adaptat a les vostres necessitats i al vostre ritme<br \/>\u00c9s el primer pas per iniciar un acompanyament respectu\u00f3s i ajustat a cada realitat.<\/p>\t\t\t\t\t\t\t\t<\/div>\n\t\t<div class=\"elementor-element elementor-element-4d1f577 e-con-full e-flex e-con e-child\" data-id=\"4d1f577\" data-element_type=\"container\" data-e-type=\"container\">\n\t\t<div class=\"elementor-element elementor-element-b7de821 e-flex e-con-boxed e-con e-child\" data-id=\"b7de821\" data-element_type=\"container\" data-e-type=\"container\" data-settings=\"{&quot;background_background&quot;:&quot;classic&quot;}\">\n\t\t\t\t\t<div class=\"e-con-inner\">\n\t\t\t\t<div class=\"elementor-element elementor-element-f235cc9 elementor-widget elementor-widget-heading\" data-id=\"f235cc9\" data-element_type=\"widget\" data-e-type=\"widget\" data-widget_type=\"heading.default\">\n\t\t\t\t\t<h2 class=\"elementor-heading-title elementor-size-default\">Primera visita \u2013 Inf\u00e0ncia i adolesc\u00e8ncia\n<\/h2>\t\t\t\t<\/div>\n\t\t\t\t<div class=\"elementor-element elementor-element-74a0858 elementor-widget elementor-widget-text-editor\" data-id=\"74a0858\" data-element_type=\"widget\" data-e-type=\"widget\" data-widget_type=\"text-editor.default\">\n\t\t\t\t\t\t\t\t\t<p><span style=\"font-weight: 400;\">A la primera visita es realitza una sessi\u00f3 d\u2019acollida i anamnesi, que permet con\u00e8ixer el desenvolupament de l\u2019infant i <\/span><b>establir un pla d\u2019intervenci\u00f3 personalitzat<\/b><span style=\"font-weight: 400;\">. Es recullen dades sobre la seva hist\u00f2ria evolutiva, els punts forts, les dificultats i el context familiar, escolar i social.<\/span><\/p><p><span style=\"font-weight: 400;\">Tamb\u00e9 es demana, sempre que sigui possible, que la fam\u00edlia aporti informes previs o documentaci\u00f3 rellevant (informes escolars, diagn\u00f2stics, valoracions externes, etc.), ja que aquesta informaci\u00f3 ens ajuda a tenir una visi\u00f3 m\u00e9s global de l\u2019infant i de com \u00e9s percebut en altres entorns.<\/span><\/p><p><span style=\"font-weight: 400;\">Amb tota la informaci\u00f3 recollida, es dissenya un pla d\u2019intervenci\u00f3 personalitzat, on es defineixen els objectius terap\u00e8utics, els subobjectius, les estrat\u00e8gies de treball i la manera com s\u2019acompanyar\u00e0 l\u2019infant al llarg del proc\u00e9s terap\u00e8utic. En cas de no disposar d\u2019informes previs, el treball es construeix a partir de l\u2019observaci\u00f3 cl\u00ednica i de les necessitats detectades durant les primeres sessions.<\/span><\/p>\t\t\t\t\t\t\t\t<\/div>\n\t\t\t\t\t<\/div>\n\t\t\t\t<\/div>\n\t\t<div class=\"elementor-element elementor-element-8179283 e-flex e-con-boxed e-con e-child\" data-id=\"8179283\" data-element_type=\"container\" data-e-type=\"container\" data-settings=\"{&quot;background_background&quot;:&quot;classic&quot;}\">\n\t\t\t\t\t<div class=\"e-con-inner\">\n\t\t\t\t<div class=\"elementor-element elementor-element-c4c5868 elementor-widget elementor-widget-heading\" data-id=\"c4c5868\" data-element_type=\"widget\" data-e-type=\"widget\" data-widget_type=\"heading.default\">\n\t\t\t\t\t<h2 class=\"elementor-heading-title elementor-size-default\">Primera visita \u2013 Psicologia d\u2019adults<\/h2>\t\t\t\t<\/div>\n\t\t\t\t<div class=\"elementor-element elementor-element-93c7d45 elementor-widget elementor-widget-text-editor\" data-id=\"93c7d45\" data-element_type=\"widget\" data-e-type=\"widget\" data-widget_type=\"text-editor.default\">\n\t\t\t\t\t\t\t\t\t<p><span style=\"font-weight: 400;\">A la primera visita amb l\u2019adult es construeix conjuntament la informaci\u00f3 inicial. Durant aquesta sessi\u00f3 es fa l\u2019enquadrament\u00a0 terap\u00e8utic, es pacten els dies de visita i s\u2019aclareix qu\u00e8 \u00e9s el que la persona vol treballar.<\/span><\/p><p><span style=\"font-weight: 400;\">Es recull el motiu de consulta i el malestar actual, posant el focus en l\u2019aqu\u00ed i ara.<\/span><\/p><p><span style=\"font-weight: 400;\">A partir d\u2019aquesta primera trobada, s\u2019elabora conjuntament un pla terap\u00e8utic individualitzat, en el qual es defineixen els objectius de treball, les estrat\u00e8gies terap\u00e8utiques i el ritme del proc\u00e9s, sempre adaptat a les necessitats, els valors i el moment de la persona.<\/span><\/p>\t\t\t\t\t\t\t\t<\/div>\n\t\t\t\t\t<\/div>\n\t\t\t\t<\/div>\n\t\t\t\t<\/div>\n\t\t\t\t<div class=\"elementor-element elementor-element-e45bcec elementor-widget__width-inherit elementor-widget elementor-widget-stepbooking\" data-id=\"e45bcec\" data-element_type=\"widget\" data-e-type=\"widget\" data-widget_type=\"stepbooking.default\">\n\t\t\t\t<div class=\"elementor-widget-container\">\n\t\t\t\t\t\n<script>\n  if (typeof hasAmeliaEntitiesApiCall === 'undefined' && ('' === '' && '' !== '1')) {\n    var hasAmeliaEntitiesApiCall = true;\n  }\n  var ameliaShortcodeData = (typeof ameliaShortcodeData === 'undefined') ? [] : ameliaShortcodeData;\n  ameliaShortcodeData.push(\n    {\n      'hasApiCall': (typeof hasAmeliaEntitiesApiCall !== 'undefined') && hasAmeliaEntitiesApiCall,\n      'trigger': '',\n      'trigger_type': '',\n      'triggered_form': 'sbsNew',\n      'in_dialog': '',\n      'show': '',\n      'counter': '1000',\n      'category': '',\n      'service': '',\n      'employee': '',\n      'location': '',\n      'package': '',\n      'layout': '2',\n    }\n  );\n\n  var ameliaShortcodeDataTriggered = (typeof ameliaShortcodeDataTriggered === 'undefined') ? [] : ameliaShortcodeDataTriggered;\n  if (ameliaShortcodeData[ameliaShortcodeData.length - 1].trigger !== '') {\n    if (ameliaShortcodeDataTriggered.filter(a => a.counter === ameliaShortcodeData[ameliaShortcodeData.length - 1].counter).length === 0) {\n      ameliaShortcodeDataTriggered.push(ameliaShortcodeData.pop());\n    } else {\n      ameliaShortcodeData.pop()\n    }\n  }\n  if (typeof hasAmeliaEntitiesApiCall !== 'undefined' && hasAmeliaEntitiesApiCall) {\n    hasAmeliaEntitiesApiCall = false;\n  }\n<\/script>\n\n<div\n  id=\"amelia-v2-booking-1000\"\n  class=\"amelia-v2-booking\"\n >\n    <step-form-wrapper><\/step-form-wrapper><\/div>\n\t\t\t\t<\/div>\n\t\t\t\t<\/div>\n\t\t\t\t<div class=\"elementor-element elementor-element-b73ebe4 elementor-widget elementor-widget-text-editor\" data-id=\"b73ebe4\" data-element_type=\"widget\" data-e-type=\"widget\" data-widget_type=\"text-editor.default\">\n\t\t\t\t\t\t\t\t\t<p>En la primera visita, la coordinadora fa una recollida d&#8217;informaci\u00f3 de la situaci\u00f3, es decidiran les dates de la intervenci\u00f3 i s&#8217;aconsellar\u00e0 els millors serveis en funci\u00f3 del que s&#8217;expliqui. En cas de ser per un infant, es recomana portar qualsevol informe que sigui rellevant per a poder fer el Pla d&#8217;Intervenci\u00f3, i si teniu una llibreta on us heu apuntat les fites evolutives, tamb\u00e9.<\/p>\t\t\t\t\t\t\t\t<\/div>\n\t\t\t\t<\/div>\n\t\t\t\t\t<\/div>\n\t\t\t\t<\/div>\n\t\t\t\t<\/div>\n\t\t","protected":false},"excerpt":{"rendered":"<p>Per qu\u00e8 \u00e9s necess\u00e0ria la primera visita? La primera visita \u00e9s un espai d\u2019acollida i d\u2019escolta que ens permet:\u25cf Con\u00e8ixer la vostra situaci\u00f3, preocupacions i context personal o familiar\u25cf Fer una recollida d\u2019informaci\u00f3 acurada i significativa\u25cf Crear un vincle de confian\u00e7a en un espai segur i sense judicis\u25cf Definir conjuntament els objectius del proc\u00e9s terap\u00e8utic\u25cf [&hellip;]<\/p>\n","protected":false},"author":1,"featured_media":0,"parent":0,"menu_order":0,"comment_status":"closed","ping_status":"closed","template":"elementor_header_footer","meta":{"_joinchat":[],"footnotes":""},"class_list":["post-35","page","type-page","status-publish","hentry"],"_links":{"self":[{"href":"https:\/\/espaifamilia.adrirodrigom2.es\/es\/wp-json\/wp\/v2\/pages\/35","targetHints":{"allow":["GET"]}}],"collection":[{"href":"https:\/\/espaifamilia.adrirodrigom2.es\/es\/wp-json\/wp\/v2\/pages"}],"about":[{"href":"https:\/\/espaifamilia.adrirodrigom2.es\/es\/wp-json\/wp\/v2\/types\/page"}],"author":[{"embeddable":true,"href":"https:\/\/espaifamilia.adrirodrigom2.es\/es\/wp-json\/wp\/v2\/users\/1"}],"replies":[{"embeddable":true,"href":"https:\/\/espaifamilia.adrirodrigom2.es\/es\/wp-json\/wp\/v2\/comments?post=35"}],"version-history":[{"count":189,"href":"https:\/\/espaifamilia.adrirodrigom2.es\/es\/wp-json\/wp\/v2\/pages\/35\/revisions"}],"predecessor-version":[{"id":5254,"href":"https:\/\/espaifamilia.adrirodrigom2.es\/es\/wp-json\/wp\/v2\/pages\/35\/revisions\/5254"}],"wp:attachment":[{"href":"https:\/\/espaifamilia.adrirodrigom2.es\/es\/wp-json\/wp\/v2\/media?parent=35"}],"curies":[{"name":"wp","href":"https:\/\/api.w.org\/{rel}","templated":true}]}}