{"id":3,"date":"2020-07-06T15:42:36","date_gmt":"2020-07-06T15:42:36","guid":{"rendered":"https:\/\/espaifamilia.com\/?page_id=3"},"modified":"2025-08-13T11:07:28","modified_gmt":"2025-08-13T11:07:28","slug":"privacy-policy","status":"publish","type":"page","link":"https:\/\/espaifamilia.adrirodrigom2.es\/es\/privacy-policy","title":{"rendered":"Pol\u00edtica de privacidad y Aviso legal"},"content":{"rendered":"\t\t<div data-elementor-type=\"wp-page\" data-elementor-id=\"3\" class=\"elementor elementor-3\" data-elementor-post-type=\"page\">\n\t\t\t\t\t\t<section class=\"elementor-section elementor-top-section elementor-element elementor-element-bacb4e1 elementor-section-height-min-height elementor-section-boxed elementor-section-height-default elementor-section-items-middle\" data-id=\"bacb4e1\" data-element_type=\"section\" data-e-type=\"section\">\n\t\t\t\t\t\t\t<div class=\"elementor-background-overlay\"><\/div>\n\t\t\t\t\t\t\t<div class=\"elementor-container elementor-column-gap-default\">\n\t\t\t\t\t<div class=\"elementor-column elementor-col-100 elementor-top-column elementor-element elementor-element-2c94acd\" data-id=\"2c94acd\" data-element_type=\"column\" data-e-type=\"column\">\n\t\t\t<div class=\"elementor-widget-wrap\">\n\t\t\t\t\t\t\t<\/div>\n\t\t<\/div>\n\t\t\t\t\t<\/div>\n\t\t<\/section>\n\t\t\t\t<section class=\"elementor-section elementor-top-section elementor-element elementor-element-897911b elementor-section-boxed elementor-section-height-default elementor-section-height-default\" data-id=\"897911b\" data-element_type=\"section\" data-e-type=\"section\">\n\t\t\t\t\t\t<div class=\"elementor-container elementor-column-gap-default\">\n\t\t\t\t\t<div class=\"elementor-column elementor-col-33 elementor-top-column elementor-element elementor-element-cbd996d\" data-id=\"cbd996d\" data-element_type=\"column\" data-e-type=\"column\">\n\t\t\t<div class=\"elementor-widget-wrap\">\n\t\t\t\t\t\t\t<\/div>\n\t\t<\/div>\n\t\t\t\t<div class=\"elementor-column elementor-col-33 elementor-top-column elementor-element elementor-element-5ecde9e\" data-id=\"5ecde9e\" data-element_type=\"column\" data-e-type=\"column\">\n\t\t\t<div class=\"elementor-widget-wrap elementor-element-populated\">\n\t\t\t\t\t\t<div class=\"elementor-element elementor-element-28c4e78 elementor-widget__width-inherit elementor-widget elementor-widget-heading\" data-id=\"28c4e78\" data-element_type=\"widget\" data-e-type=\"widget\" data-widget_type=\"heading.default\">\n\t\t\t\t\t<h3 class=\"elementor-heading-title elementor-size-default\">Pol\u00edtica de privadesa i Av\u00eds legal<\/h3>\t\t\t\t<\/div>\n\t\t\t\t<div class=\"elementor-element elementor-element-c4fa6e7 elementor-widget elementor-widget-heading\" data-id=\"c4fa6e7\" data-element_type=\"widget\" data-e-type=\"widget\" data-widget_type=\"heading.default\">\n\t\t\t\t\t<h3 class=\"elementor-heading-title elementor-size-default\">Pol\u00edtica de privadesa<\/h3>\t\t\t\t<\/div>\n\t\t\t\t<div class=\"elementor-element elementor-element-5f04905 elementor-widget elementor-widget-heading\" data-id=\"5f04905\" data-element_type=\"widget\" data-e-type=\"widget\" data-widget_type=\"heading.default\">\n\t\t\t\t\t<h5 class=\"elementor-heading-title elementor-size-default\">Responsable del tractament<\/h5>\t\t\t\t<\/div>\n\t\t\t\t<div class=\"elementor-element elementor-element-5e67ebb elementor-widget elementor-widget-text-editor\" data-id=\"5e67ebb\" data-element_type=\"widget\" data-e-type=\"widget\" exclude_from_search=\"\" data-widget_type=\"text-editor.default\">\n\t\t\t\t\t\t\t\t\t<p><!-- [if gte mso 9]><xml><br \/> <w:WordDocument><br \/>  <w:View>Normal<\/w:View><br \/>  <w:Zoom>0<\/w:Zoom><br \/>  <w:HyphenationZone>21<\/w:HyphenationZone><br \/>  <w:Compatibility><br \/>   <w:BreakWrappedTables\/><br \/>   <w:SnapToGridInCell\/><br \/>   <w:WrapTextWithPunct\/><br \/>   <w:UseAsianBreakRules\/><br \/>  <\/w:Compatibility><br \/>  <w:BrowserLevel>MicrosoftInternetExplorer4<\/w:BrowserLevel><br \/> <\/w:WordDocument><br \/><\/xml><![endif]--><!-- [if gte mso 10]><\/p>\n<style>\n \/* Style Definitions *\/<br \/> table.MsoNormalTable<br \/>\t{mso-style-name:\"Tabla normal\";<br \/>\tmso-tstyle-rowband-size:0;<br \/>\tmso-tstyle-colband-size:0;<br \/>\tmso-style-noshow:yes;<br \/>\tmso-style-parent:\"\";<br \/>\tmso-padding-alt:0cm 5.4pt 0cm 5.4pt;<br \/>\tmso-para-margin:0cm;<br \/>\tmso-para-margin-bottom:.0001pt;<br \/>\tmso-pagination:widow-orphan;<br \/>\tfont-size:10.0pt;<br \/>\tfont-family:\"Times New Roman\";}<br \/><\/style>\n<p><![endif]--><\/p><p>En compliment d&#8217;all\u00f2 establert en l&#8217;article 10 de la Llei 34\/2002, d&#8217;11 de juliol, de Serveis de la societat de la informaci\u00f3 i de Comer\u00e7 electr\u00f2nic (d&#8217;ara endavant, LSSI-CE), s&#8217;informa de manera expressa, precisa i inequ\u00edvoca, tant als destinataris del servei com als \u00f2rgans competents dels seg\u00fcents aspectes relatius al prestador de serveis de la societat de la informaci\u00f3:\u00a0<\/p><p>\u00a0 \u00a0 \u00a0 \u00a0 \u00a0Ra\u00f3 social: Espai Cr\u00e9ixer Junts S.L.<\/p><p>\u00a0 \u00a0 \u00a0 \u00a0 \u00a0Adre\u00e7a: Carrer Vallcorba, 71. 08192. Sant Quirze del Vall\u00e8s (Barcelona).\u00a0<\/p><p>\u00a0 \u00a0 \u00a0 \u00a0 \u00a0Tel\u00e8fon: 930378917<\/p><p>\u00a0 \u00a0 \u00a0 \u00a0 \u00a0E-mail: hola@espaifamilia.com<\/p><p>\u00a0 \u00a0 \u00a0 \u00a0 \u00a0NIF: B67592907<\/p>\t\t\t\t\t\t\t\t<\/div>\n\t\t\t\t<div class=\"elementor-element elementor-element-081ebff elementor-widget elementor-widget-heading\" data-id=\"081ebff\" data-element_type=\"widget\" data-e-type=\"widget\" data-widget_type=\"heading.default\">\n\t\t\t\t\t<h2 class=\"elementor-heading-title elementor-size-default\"><h5 data-elementor-setting-key=\"title\" data-pen-placeholder=\"Escriviu aqu\u00ed...\" style=\"font-size: 25px;text-align: left;font-weight: 300;letter-spacing: 0px;, sans-serif\">Finalitat, duraci\u00f3 i legitimaci\u00f3 del tractament.<\/h5><\/h2>\t\t\t\t<\/div>\n\t\t\t\t<div class=\"elementor-element elementor-element-fae54dc elementor-widget elementor-widget-text-editor\" data-id=\"fae54dc\" data-element_type=\"widget\" data-e-type=\"widget\" data-widget_type=\"text-editor.default\">\n\t\t\t\t\t\t\t\t\t<p class=\"MsoNormal\" style=\"text-align: justify;\">Les dades que l\u2019usuari proporciona es tractaran amb les seg\u00fcents finalitats:<\/p>\n<p class=\"MsoNormal\" style=\"text-align: justify;\">&#8211; Atendre la sol\u00b7licitud o petici\u00f3 realitzada per l\u2019usuari a trav\u00e9s del&nbsp;formulari de contacte&nbsp;situat a la web. Es recullen i tracten les dades personals de l\u2019usuari per poder tramitar i gestionar la seva sol\u00b7licitud, una consulta o qualsevol petici\u00f3 que realitza a trav\u00e9s del formulari. Aquestes dades es conserven durant el temps necessari per complir la seva petici\u00f3 i durant el temps establert per la llei amb una duraci\u00f3 m\u00ednima de 3 anys.<\/p>\n<p class=\"MsoNormal\" style=\"text-align: justify;\">La base de legitimaci\u00f3 del tractament de les dades ser\u00e0 el consentiment que atorga l\u2019usuari en seleccionar la casella d\u2019acceptaci\u00f3 de la pol\u00edtica de privacitat abans d\u2019enviar la petici\u00f3. L\u2019usuari t\u00e9 dret a revocar el seu consentiment en qualsevol moment sense que aix\u00f2 afecti la licitud del tractament basat en el consentiment previ a la seva retirada.<\/p>\n<p class=\"MsoNormal\" style=\"text-align: justify;\">&#8211; Millorar la seva experi\u00e8ncia en navegar per la web. Aquestes dades es conserven mentre l\u2019usuari no revoqui el seu consentiment al tractament d\u2019aquestes eliminant les cookies i durant el temps establert per la llei amb una durada m\u00ednima de 3 anys.<\/p>\n<p class=\"MsoNormal\" style=\"text-align: justify;\">La base de legitimaci\u00f3 per a millorar la seva experi\u00e8ncia en navegar per la web \u00e9s el consentiment que atorga l\u2019usuari en acceptar les cookies. L\u2019usuari t\u00e9 dret a revocar el seu consentiment en qualsevol moment sense que aix\u00f2 afecti la licitud del tractament basat en el consentiment previ a la seva retirada.<\/p>\n<p class=\"MsoNormal\" style=\"text-align: justify;\">&#8211; Gestionar les&nbsp;xarxes socials&nbsp;i enviar-li informaci\u00f3 sobre les nostres activitats i productes. Aquestes dades es conserven mentre l\u2019usuari no revoqui el seu consentiment al tractament d\u2019aquestes i durant el temps establert per la llei amb una durada m\u00ednima de 3 anys.<\/p>\n<p class=\"MsoNormal\" style=\"text-align: justify;\">La base de legitimaci\u00f3 per a gestionar les nostres xarxes socials i enviar-li les nostres activitats i novetats, \u00e9s el consentiment que atorga per a aix\u00f2. L\u2019usuari t\u00e9 dret a revocar el seu consentiment en qualsevol moment sense que aix\u00f2 afecti la licitud del tractament basat en el consentiment previ a la seva retirada.<\/p>\n<p class=\"MsoNormal\" style=\"text-align: justify;\">&#8211; Gestionar el&nbsp;servei de xat&nbsp;ofert en la web per a qualsevol dubte sobre els serveis. Amb la finalitat de millorar constantment la qualitat del servei al client, es registra l\u2019historial del xat per a finalitats d\u2019an\u00e0lisis i millora. Aquests registres s\u2019eliminen una vegada avaluats i havent complert el temps establert per la llei amb una durada m\u00ednima de 3 anys.<\/p>\n<p class=\"MsoNormal\" style=\"text-align: justify;\">La base de legitimaci\u00f3 \u00e9s el consentiment de l\u2019interessat que atorga per a \u00fas del servei de xat. L\u2019usuari t\u00e9 dret a revocar el seu consentiment en qualsevol moment sense que aix\u00f2 afecti la licitud del tractament basat en el consentiment previ a la seva retirada.<\/p>\t\t\t\t\t\t\t\t<\/div>\n\t\t\t\t<div class=\"elementor-element elementor-element-c1b67ed elementor-widget elementor-widget-heading\" data-id=\"c1b67ed\" data-element_type=\"widget\" data-e-type=\"widget\" data-widget_type=\"heading.default\">\n\t\t\t\t\t<h2 class=\"elementor-heading-title elementor-size-default\">Cessi\u00f3 o comunicaci\u00f3 de dades<\/h2>\t\t\t\t<\/div>\n\t\t\t\t<div class=\"elementor-element elementor-element-c4ea3cb elementor-widget elementor-widget-text-editor\" data-id=\"c4ea3cb\" data-element_type=\"widget\" data-e-type=\"widget\" data-widget_type=\"text-editor.default\">\n\t\t\t\t\t\t\t\t\t<p><span style=\"text-align: justify; color: var( --e-global-color-text ); font-family: var( --e-global-typography-text-font-family ), Sans-serif; font-weight: var( --e-global-typography-text-font-weight ); letter-spacing: var( --e-global-typography-text-letter-spacing ); font-size: 1.8rem;\">Les seves dades no es comunicaran ni seran cedides a tercers tret que existeixi alguna obligaci\u00f3 legal o a aquells prestadors vinculats al Responsable que actuen com a encarregats del tractament.<\/span><\/p><p><span style=\"text-align: justify; color: var( --e-global-color-text ); font-family: var( --e-global-typography-text-font-family ), Sans-serif; font-weight: var( --e-global-typography-text-font-weight ); letter-spacing: var( --e-global-typography-text-letter-spacing ); font-size: 1.8rem;\">No es realitzen transfer\u00e8ncies internacionals, en cas que en algun moment poguessin realitzar-se, se li comunicaria a fi d&#8217;obtenir el seu consentiment.\u00a0<\/span><\/p>\t\t\t\t\t\t\t\t<\/div>\n\t\t\t\t<div class=\"elementor-element elementor-element-e103580 elementor-widget elementor-widget-heading\" data-id=\"e103580\" data-element_type=\"widget\" data-e-type=\"widget\" data-widget_type=\"heading.default\">\n\t\t\t\t\t<h2 class=\"elementor-heading-title elementor-size-default\">Actualitzaci\u00f3 de dades<\/h2>\t\t\t\t<\/div>\n\t\t\t\t<div class=\"elementor-element elementor-element-732b82f elementor-widget elementor-widget-text-editor\" data-id=\"732b82f\" data-element_type=\"widget\" data-e-type=\"widget\" data-widget_type=\"text-editor.default\">\n\t\t\t\t\t\t\t\t\t<p>\u00c9s important que perqu\u00e8 puguem mantenir les dades personals actualitzades, l&#8217;usuari informi sempre que hi hagi hagut alguna modificaci\u00f3 en aquestes, en cas contrari, no podem respondre de la veracitat d&#8217;aquestes.\u00a0<\/p><p>L&#8217;usuari garanteix que les dades personals facilitades s\u00f3n veraces garantint que tota la informaci\u00f3 facilitada correspon a la situaci\u00f3 real, que est\u00e0 posada al dia i \u00e9s exacta, quedant obligat a comunicar qualsevol modificaci\u00f3.<\/p>\t\t\t\t\t\t\t\t<\/div>\n\t\t\t\t<div class=\"elementor-element elementor-element-5190dbe elementor-widget elementor-widget-heading\" data-id=\"5190dbe\" data-element_type=\"widget\" data-e-type=\"widget\" data-widget_type=\"heading.default\">\n\t\t\t\t\t<h2 class=\"elementor-heading-title elementor-size-default\">Dades de tercers<\/h2>\t\t\t\t<\/div>\n\t\t\t\t<div class=\"elementor-element elementor-element-e23b6c5 elementor-widget elementor-widget-text-editor\" data-id=\"e23b6c5\" data-element_type=\"widget\" data-e-type=\"widget\" data-widget_type=\"text-editor.default\">\n\t\t\t\t\t\t\t\t\t<p><span style=\"text-align: left;\">Si l&#8217;usuari facilita dades de terceres persones per a qualsevol finalitat a Espai Fam\u00edlia, garanteix que ha obtingut aquestes dades de forma l\u00edcita, que ha informat pr\u00e8viament els afectats, obtenint el seu consentiment per a comunicar-les i que la informaci\u00f3 facilitada \u00e9s exacta i vera\u00e7.\u00a0<\/span><\/p>\t\t\t\t\t\t\t\t<\/div>\n\t\t\t\t<div class=\"elementor-element elementor-element-8cbc147 elementor-widget elementor-widget-heading\" data-id=\"8cbc147\" data-element_type=\"widget\" data-e-type=\"widget\" data-widget_type=\"heading.default\">\n\t\t\t\t\t<h2 class=\"elementor-heading-title elementor-size-default\">Car\u00e0cter obligatori de la informaci\u00f3 sol\u00b7licitada<\/h2>\t\t\t\t<\/div>\n\t\t\t\t<div class=\"elementor-element elementor-element-408e285 elementor-widget elementor-widget-text-editor\" data-id=\"408e285\" data-element_type=\"widget\" data-e-type=\"widget\" data-widget_type=\"text-editor.default\">\n\t\t\t\t\t\t\t\t\t<p><span style=\"font-size: 11.0pt; line-height: 115%; font-family: 'Calibri','sans-serif'; mso-ascii-theme-font: minor-latin; mso-fareast-font-family: Calibri; mso-fareast-theme-font: minor-latin; mso-hansi-theme-font: minor-latin; mso-bidi-font-family: 'Times New Roman'; mso-bidi-theme-font: minor-bidi; mso-ansi-language: CA; mso-fareast-language: EN-US; mso-bidi-language: AR-SA;\"><span style=\"font-family: 'Open Sans', sans-serif; font-size: 18px;\">Tots els formularis compten amb un asterisc (*) en les dades obligat\u00f2ries. Si l&#8217;usuari no omple aquests camps, o no marca la casella d&#8217;acceptaci\u00f3 de la pol\u00edtica de privacitat, no es permetr\u00e0 l&#8217;enviament de la informaci\u00f3.\u00a0<\/span><\/span><\/p>\t\t\t\t\t\t\t\t<\/div>\n\t\t\t\t<div class=\"elementor-element elementor-element-bc4c036 elementor-widget elementor-widget-heading\" data-id=\"bc4c036\" data-element_type=\"widget\" data-e-type=\"widget\" data-widget_type=\"heading.default\">\n\t\t\t\t\t<h2 class=\"elementor-heading-title elementor-size-default\">Drets dels interessats<\/h2>\t\t\t\t<\/div>\n\t\t\t\t<div class=\"elementor-element elementor-element-a96ad04 elementor-widget elementor-widget-text-editor\" data-id=\"a96ad04\" data-element_type=\"widget\" data-e-type=\"widget\" data-widget_type=\"text-editor.default\">\n\t\t\t\t\t\t\t\t\t<p><span style=\"font-size: inherit; text-align: justify; color: var( --e-global-color-text ); font-family: var( --e-global-typography-text-font-family ), Sans-serif; font-weight: var( --e-global-typography-text-font-weight ); letter-spacing: var( --e-global-typography-text-letter-spacing );\">T\u00e9 dret a accedir a les seves dades i a obtenir confirmaci\u00f3 sobre el seu tractament, aix\u00ed com una c\u00f2pia de les dades personals objecte de tractament. T\u00e9 dret a actualitzar-les i a sol\u00b7licitar la rectificaci\u00f3 de les dades que siguin inexactes o sol\u00b7licitar la supressi\u00f3 quan les dades no siguin necess\u00e0ries per a les finalitats per les quals van ser recaptades. Pot sol\u00b7licitar la limitaci\u00f3 en el tractament de les seves dades i oposar-se al tractament d\u2019aquestes revocant el seu consentiment, aix\u00ed com exercir el dret a la portabilitat de les dades. De la mateixa manera, t\u00e9 dret a no ser objecte de decisions basades \u00fanicament en el tractament automatitzat de les seves dades personals. Pot exercir els seus drets dirigint-se al C\/ Vallcorba, 71 \u2013 08192 Sant Quirze del Vall\u00e8s (Barcelona) o a l\u2019email: hola@espaifamilia.com.\u00a0<\/span><span style=\"font-size: inherit; text-align: justify; color: var( --e-global-color-text ); font-family: var( --e-global-typography-text-font-family ), Sans-serif; font-weight: var( --e-global-typography-text-font-weight ); letter-spacing: var( --e-global-typography-text-letter-spacing );\">Si considera que els seus drets no s\u2019han at\u00e8s degudament, t\u00e9 dret a presentar una reclamaci\u00f3 davant l\u2019autoritat de control a www.aepd.es.<\/span><\/p>\t\t\t\t\t\t\t\t<\/div>\n\t\t\t\t<div class=\"elementor-element elementor-element-f4f233c elementor-widget elementor-widget-heading\" data-id=\"f4f233c\" data-element_type=\"widget\" data-e-type=\"widget\" data-widget_type=\"heading.default\">\n\t\t\t\t\t<h2 class=\"elementor-heading-title elementor-size-default\">Tractament de dades de menors d'edat<\/h2>\t\t\t\t<\/div>\n\t\t\t\t<div class=\"elementor-element elementor-element-f16fcf5 elementor-widget elementor-widget-text-editor\" data-id=\"f16fcf5\" data-element_type=\"widget\" data-e-type=\"widget\" data-widget_type=\"text-editor.default\">\n\t\t\t\t\t\t\t\t\t<p><span style=\"font-size: inherit; text-align: inherit; color: var( --e-global-color-text ); font-family: var( --e-global-typography-text-font-family ), Sans-serif; font-weight: var( --e-global-typography-text-font-weight ); letter-spacing: var( --e-global-typography-text-letter-spacing );\">Qui facilita les dades a trav\u00e9s dels formularis d&#8217;aquesta web i empresa, i accepta el seu tractament, declara ser major de 14 anys, quedant prohibit l&#8217;acc\u00e9s i \u00fas del portal a menors d&#8217;aquesta edat. Si en algun moment el responsable detecta que un menor de 14 anys ha proporcionat dades de car\u00e0cter personal, es procedir\u00e0 a la cancel\u00b7laci\u00f3 d&#8217;aquestes. Aix\u00ed mateix, els pares o tutors podran en qualsevol cas dirigir-se a Espai Fam\u00edlia per a bloquejar el compte d&#8217;acc\u00e9s dels menors al seu c\u00e0rrec que s&#8217;haguessin registrat en la web per a bloquejar el compte.\u00a0\u00a0<\/span><\/p>\t\t\t\t\t\t\t\t<\/div>\n\t\t\t\t<div class=\"elementor-element elementor-element-e7d475c elementor-widget elementor-widget-heading\" data-id=\"e7d475c\" data-element_type=\"widget\" data-e-type=\"widget\" data-widget_type=\"heading.default\">\n\t\t\t\t\t<h2 class=\"elementor-heading-title elementor-size-default\">Xarxes Socials<\/h2>\t\t\t\t<\/div>\n\t\t\t\t<div class=\"elementor-element elementor-element-c059bec elementor-widget elementor-widget-text-editor\" data-id=\"c059bec\" data-element_type=\"widget\" data-e-type=\"widget\" data-widget_type=\"text-editor.default\">\n\t\t\t\t\t\t\t\t\t<p><span style=\"font-size: inherit; text-align: justify; color: var( --e-global-color-text ); font-family: var( --e-global-typography-text-font-family ), Sans-serif; font-weight: var( --e-global-typography-text-font-weight ); letter-spacing: var( --e-global-typography-text-letter-spacing );\">L\u2019objecte de les eines com Facebook, Twitter, Instagram, etc. o altres xarxes socials \u00e9s donar visibilitat i difusi\u00f3 a les activitats que desenvolupa l\u2019organitzaci\u00f3. Aquestes eines emmagatzenen dades personals en els servidors dels serveis respectius i es regeixen per la seva pr\u00f2pia pol\u00edtica de privacitat. Es recomana la revisi\u00f3 i la lectura de les condicions d\u2019\u00fas i pol\u00edtica de privacitat de la xarxa social en el moment de registrar-se, tenint en compte les diferents possibilitats de configuraci\u00f3 en relaci\u00f3 al grau de privacitat del perfil d\u2019usuari a la xarxa social.\u00a0<\/span><\/p><p><span style=\"font-size: inherit; color: var( --e-global-color-text ); font-family: var( --e-global-typography-text-font-family ), Sans-serif; font-weight: var( --e-global-typography-text-font-weight ); letter-spacing: var( --e-global-typography-text-letter-spacing ); text-align: justify;\">Aix\u00ed mateix, el Responsable es reserva el dret d\u2019eliminar de les seves xarxes socials qualsevol informaci\u00f3 publicada per tercers que vulneri la legalitat, inciti a fer-ho o contingui missatges que atemptin contra la dignitat de persones o institucions. Com tamb\u00e9 el dret a bloquejar o denunciar el perfil autor d\u2019aquests missatges.<\/span><span style=\"font-size: inherit; text-align: inherit; color: var( --e-global-color-text ); font-family: var( --e-global-typography-text-font-family ), Sans-serif; font-weight: var( --e-global-typography-text-font-weight ); letter-spacing: var( --e-global-typography-text-letter-spacing );\">\u00a0<\/span><\/p>\t\t\t\t\t\t\t\t<\/div>\n\t\t\t\t<div class=\"elementor-element elementor-element-ae7f2e0 elementor-widget elementor-widget-heading\" data-id=\"ae7f2e0\" data-element_type=\"widget\" data-e-type=\"widget\" data-widget_type=\"heading.default\">\n\t\t\t\t\t<h2 class=\"elementor-heading-title elementor-size-default\">Tractament de cookies<\/h2>\t\t\t\t<\/div>\n\t\t\t\t<div class=\"elementor-element elementor-element-a49d18d elementor-widget elementor-widget-text-editor\" data-id=\"a49d18d\" data-element_type=\"widget\" data-e-type=\"widget\" data-widget_type=\"text-editor.default\">\n\t\t\t\t\t\t\t\t\t<p><span style=\"color: var( --e-global-color-text ); font-weight: var( --e-global-typography-text-font-weight ); letter-spacing: var( --e-global-typography-text-letter-spacing );\">Una cookie \u00e9s un petit arxiu que es descarrega i emmagatzema en l&#8217;odinador de l&#8217;usuari quan aquest accedeix a una p\u00e0gina web. Les cookies permeten a la web, entre altres cose, emmagatzemar i recuperar informaci\u00f3 sobre h\u00e0bits de navegaci\u00f3 de l&#8217;usuari o del seu equip i, depenent de la informaci\u00f3 que continguin i de la forma en qu\u00e8 utilitzi el seu equip, poden utilitzar-se per a recon\u00e8ixer l&#8217;usuari.\u00a0<\/span><\/p><p><span style=\"color: var( --e-global-color-text ); font-weight: var( --e-global-typography-text-font-weight ); letter-spacing: var( --e-global-typography-text-letter-spacing );\">L&#8217;usuari t\u00e9 l&#8217;opci\u00f3 d&#8217;impedir la generaci\u00f3 de cookies, mitjan\u00e7ant la selecci\u00f3 de la corresponent opci\u00f3 en el seu programa de navegador. Pot obtenir m\u00e9s informaci\u00f3 llegint la Pol\u00edtica de cookies.\u00a0<\/span><\/p>\t\t\t\t\t\t\t\t<\/div>\n\t\t\t\t\t<\/div>\n\t\t<\/div>\n\t\t\t\t<div class=\"elementor-column elementor-col-33 elementor-top-column elementor-element elementor-element-070b3b6\" data-id=\"070b3b6\" data-element_type=\"column\" data-e-type=\"column\">\n\t\t\t<div class=\"elementor-widget-wrap\">\n\t\t\t\t\t\t\t<\/div>\n\t\t<\/div>\n\t\t\t\t\t<\/div>\n\t\t<\/section>\n\t\t\t\t<\/div>\n\t\t","protected":false},"excerpt":{"rendered":"<p>Pol\u00edtica de privadesa i Av\u00eds legal Pol\u00edtica de privadesa Responsable del tractament En compliment d&#8217;all\u00f2 establert en l&#8217;article 10 de la Llei 34\/2002, d&#8217;11 de juliol, de Serveis de la societat de la informaci\u00f3 i de Comer\u00e7 electr\u00f2nic (d&#8217;ara endavant, LSSI-CE), s&#8217;informa de manera expressa, precisa i inequ\u00edvoca, tant als destinataris del servei com als [&hellip;]<\/p>\n","protected":false},"author":1,"featured_media":0,"parent":0,"menu_order":0,"comment_status":"closed","ping_status":"closed","template":"elementor_header_footer","meta":{"_joinchat":[],"footnotes":""},"class_list":["post-3","page","type-page","status-publish","hentry"],"_links":{"self":[{"href":"https:\/\/espaifamilia.adrirodrigom2.es\/es\/wp-json\/wp\/v2\/pages\/3","targetHints":{"allow":["GET"]}}],"collection":[{"href":"https:\/\/espaifamilia.adrirodrigom2.es\/es\/wp-json\/wp\/v2\/pages"}],"about":[{"href":"https:\/\/espaifamilia.adrirodrigom2.es\/es\/wp-json\/wp\/v2\/types\/page"}],"author":[{"embeddable":true,"href":"https:\/\/espaifamilia.adrirodrigom2.es\/es\/wp-json\/wp\/v2\/users\/1"}],"replies":[{"embeddable":true,"href":"https:\/\/espaifamilia.adrirodrigom2.es\/es\/wp-json\/wp\/v2\/comments?post=3"}],"version-history":[{"count":44,"href":"https:\/\/espaifamilia.adrirodrigom2.es\/es\/wp-json\/wp\/v2\/pages\/3\/revisions"}],"predecessor-version":[{"id":2529,"href":"https:\/\/espaifamilia.adrirodrigom2.es\/es\/wp-json\/wp\/v2\/pages\/3\/revisions\/2529"}],"wp:attachment":[{"href":"https:\/\/espaifamilia.adrirodrigom2.es\/es\/wp-json\/wp\/v2\/media?parent=3"}],"curies":[{"name":"wp","href":"https:\/\/api.w.org\/{rel}","templated":true}]}}