{"id":2703,"date":"2025-10-14T06:37:29","date_gmt":"2025-10-14T06:37:29","guid":{"rendered":"https:\/\/espaifamilia.adrirodrigom2.es\/?page_id=2703"},"modified":"2026-02-02T06:47:27","modified_gmt":"2026-02-02T06:47:27","slug":"avaluacio-i-diagnostic","status":"publish","type":"page","link":"https:\/\/espaifamilia.adrirodrigom2.es\/es\/que-oferim\/avaluacio-i-diagnostic","title":{"rendered":"Evaluaci\u00f3n y diagn\u00f3stico"},"content":{"rendered":"<div data-elementor-type=\"wp-page\" data-elementor-id=\"2703\" class=\"elementor elementor-2703\" data-elementor-post-type=\"page\">\n\t\t\t\t\t\t<section class=\"elementor-section elementor-top-section elementor-element elementor-element-4acff7e elementor-section-height-min-height elementor-section-boxed elementor-section-height-default elementor-section-items-middle\" data-id=\"4acff7e\" data-element_type=\"section\" data-e-type=\"section\" data-settings=\"{&quot;background_background&quot;:&quot;classic&quot;}\">\n\t\t\t\t\t\t\t<div class=\"elementor-background-overlay\"><\/div>\n\t\t\t\t\t\t\t<div class=\"elementor-container elementor-column-gap-default\">\n\t\t\t\t\t<div class=\"elementor-column elementor-col-100 elementor-top-column elementor-element elementor-element-bd7d8a6\" data-id=\"bd7d8a6\" data-element_type=\"column\" data-e-type=\"column\">\n\t\t\t<div class=\"elementor-widget-wrap elementor-element-populated\">\n\t\t\t\t\t\t\t<\/div>\n\t\t<\/div>\n\t\t\t\t\t<\/div>\n\t\t<\/section>\n\t\t\t\t<section class=\"elementor-section elementor-top-section elementor-element elementor-element-d3db002 elementor-section-boxed elementor-section-height-default elementor-section-height-default\" data-id=\"d3db002\" data-element_type=\"section\" data-e-type=\"section\">\n\t\t\t\t\t\t<div class=\"elementor-container elementor-column-gap-default\">\n\t\t\t\t\t<div class=\"elementor-column elementor-col-33 elementor-top-column elementor-element elementor-element-21a6d79 elementor-hidden-phone\" data-id=\"21a6d79\" data-element_type=\"column\" data-e-type=\"column\">\n\t\t\t<div class=\"elementor-widget-wrap\">\n\t\t\t\t\t\t\t<\/div>\n\t\t<\/div>\n\t\t\t\t<div class=\"elementor-column elementor-col-33 elementor-top-column elementor-element elementor-element-e2a61a2\" data-id=\"e2a61a2\" data-element_type=\"column\" data-e-type=\"column\">\n\t\t\t<div class=\"elementor-widget-wrap elementor-element-populated\">\n\t\t\t\t\t\t<div class=\"elementor-element elementor-element-2f38662 elementor-widget__width-initial elementor-widget elementor-widget-text-editor\" data-id=\"2f38662\" data-element_type=\"widget\" data-e-type=\"widget\" data-widget_type=\"text-editor.default\">\n\t\t\t\t\t\t\t\t\t<p>Hace tiempo que sospechas que tu hijo o hija podr\u00eda tener alg\u00fan diagn\u00f3stico, ya sea un retraso, o una dificultad en los aprendizajes, en las relaciones sociales, o que podr\u00eda tener altas capacidades.<\/p><p>A otras personas, la detecci\u00f3n les llega por parte de la escuela, que han detectado que algo no funciona como el resto de los ni\u00f1os de su edad.<\/p><p>Esta noticia puede asustarnos, y podemos tener la tentaci\u00f3n de normalizar estos signos que vemos o que nos est\u00e1n diciendo: \u201cyo de peque\u00f1o era igual\u201d, \u201cmi hermana tambi\u00e9n y ahora est\u00e1 muy bien\u201d, \u201ctodos los ni\u00f1os se desarrollan a ritmos diferentes\u201d\u2026 Es normal, se llama etapa de negaci\u00f3n. Todos los padres quieren que sus hijos sean felices, y creemos que formar parte de \u201cla normalidad\u201d ser\u00e1 el camino m\u00e1s f\u00e1cil para alcanzar esta felicidad. Pero debemos ser conscientes de que cuanto m\u00e1s tiempo alarguemos esta etapa de negaci\u00f3n, m\u00e1s tarde estaremos dando respuesta a sus necesidades y peor pron\u00f3stico a largo plazo puede tener.<\/p><p>En Espai Fam\u00edlia no somos partidarios de poner etiquetas porque s\u00ed. Las etiquetas tienen una vertiente muy negativa: los adultos que acompa\u00f1an a estos ni\u00f1os pueden abocar toda la responsabilidad del devenir del ni\u00f1o o ni\u00f1a, libr\u00e1ndose de su parte de responsabilidad sobre su desarrollo. El ni\u00f1o puede \u201cculpar\u201d su diagn\u00f3stico de lo que le ocurre, sin implicarse en su mejora \u201cno es culpa m\u00eda, es que tengo TDAH\u201d. Aunque cada vez ocurre menos, los iguales pueden sentir cierto rechazo por lo que tiene una etiqueta determinada\u2026.<\/p><p>Como en todo en la vida, en el equilibrio est\u00e1 la respuesta: entre ponerle nombre a las dificultades del ni\u00f1o (y aliviarle el peso de sentirse \"tonto\", a la vez que acompa\u00f1arle de forma m\u00e1s precisa y cuidadosa) y no abusar de la etiqueta. Con un buen acompa\u00f1amiento por parte de los adultos, todo ni\u00f1o con un diagn\u00f3stico puede mejorar sus dificultades.<\/p><p>Como en todo en la vida, en el equilibrio est\u00e1 la respuesta: entre ponerle n\u00famero a las dificultades del ni\u00f1o (y aliviarle el peso de sentirse \"tonto\", a la vez que acompa\u00f1arle de forma m\u00e1s precisa y cuidadosa) y no abusar de la etiqueta. Con un buen acompa\u00f1amiento por parte de los adultos, todo ni\u00f1o con un diagn\u00f3stico puede mejorar sus dificultades.<\/p><p>Un proc\u00e9s d\u2019avaluaci\u00f3 infantil compta amb la informaci\u00f3 dels pares, informaci\u00f3 de l\u2019escola i 4-6 sessions de passaci\u00f3 de proves a l\u2019infant. Les proves diagn\u00f2stiques infantils no s\u00f3n aversives i es plantegen a l\u2019infant com si fossin reptes o activitats per a treure la pressi\u00f3 de sentir-se jutjats.<\/p><p>Un diagn\u00f2stic a temps estalvia intervencions poc acurades, fomenta una exig\u00e8ncia adequada a la realitat, millora l\u2019autoestima de l\u2019infant i millora l\u2019evoluci\u00f3 del trastorn. A m\u00e9s, permet a la fam\u00edlia accedir a recursos econ\u00f2mics, beques o suports familiars que sense el diagn\u00f2stic no tindrien.<\/p>\t\t\t\t\t\t\t\t<\/div>\n\t\t<div class=\"elementor-element elementor-element-509cc0c e-con-full e-flex e-con e-child\" data-id=\"509cc0c\" data-element_type=\"container\" data-e-type=\"container\">\n\t\t\t\t<div class=\"elementor-element elementor-element-442d64a elementor-widget elementor-widget-button\" data-id=\"442d64a\" data-element_type=\"widget\" data-e-type=\"widget\" data-widget_type=\"button.default\">\n\t\t\t\t\t\t\t\t\t\t<a class=\"elementor-button elementor-button-link elementor-size-sm\" href=\"https:\/\/espaifamilia.adrirodrigom2.es\/es\/contacta\/\">\n\t\t\t\t\t\t<span class=\"elementor-button-content-wrapper\">\n\t\t\t\t\t\t\t\t\t<span class=\"elementor-button-text\">Solicita informaci\u00f3n<\/span>\n\t\t\t\t\t<\/span>\n\t\t\t\t\t<\/a>\n\t\t\t\t\t\t\t\t<\/div>\n\t\t\t\t<\/div>\n\t\t\t\t\t<\/div>\n\t\t<\/div>\n\t\t\t\t<div class=\"elementor-column elementor-col-33 elementor-top-column elementor-element elementor-element-1b8029e\" data-id=\"1b8029e\" data-element_type=\"column\" data-e-type=\"column\">\n\t\t\t<div class=\"elementor-widget-wrap\">\n\t\t\t\t\t\t\t<\/div>\n\t\t<\/div>\n\t\t\t\t\t<\/div>\n\t\t<\/section>\n\t\t<div class=\"elementor-element elementor-element-b9609fd e-flex e-con-boxed e-con e-parent\" data-id=\"b9609fd\" data-element_type=\"container\" data-e-type=\"container\">\n\t\t\t\t\t<div class=\"e-con-inner\">\n\t\t\t\t<div class=\"elementor-element elementor-element-91de4d9 elementor-widget elementor-widget-heading\" data-id=\"91de4d9\" data-element_type=\"widget\" data-e-type=\"widget\" data-widget_type=\"heading.default\">\n\t\t\t\t\t<span class=\"elementor-heading-title elementor-size-default\">\u00bfC\u00f3mo se realizan las evaluaciones?<\/span>\t\t\t\t<\/div>\n\t\t\t\t<div class=\"elementor-element elementor-element-0095980 elementor-widget__width-initial elementor-widget elementor-widget-text-editor\" data-id=\"0095980\" data-element_type=\"widget\" data-e-type=\"widget\" data-widget_type=\"text-editor.default\">\n\t\t\t\t\t\t\t\t\t<p>Las evaluaciones se realizan en 3 fases:<\/p>\t\t\t\t\t\t\t\t<\/div>\n\t\t<div class=\"elementor-element elementor-element-774bcea e-con-full e-flex e-con e-child\" data-id=\"774bcea\" data-element_type=\"container\" data-e-type=\"container\">\n\t\t<div class=\"elementor-element elementor-element-aaf0ae1 e-con-full e-flex e-con e-child\" data-id=\"aaf0ae1\" data-element_type=\"container\" data-e-type=\"container\">\n\t\t\t\t<div class=\"elementor-element elementor-element-25f3d41 elementor-position-top elementor-widget elementor-widget-image-box\" data-id=\"25f3d41\" data-element_type=\"widget\" data-e-type=\"widget\" data-widget_type=\"image-box.default\">\n\t\t\t\t\t<div class=\"elementor-image-box-wrapper\"><figure class=\"elementor-image-box-img\"><img fetchpriority=\"high\" decoding=\"async\" width=\"2560\" height=\"1707\" src=\"https:\/\/espaifamilia.adrirodrigom2.es\/wp-content\/uploads\/2025\/10\/people-with-good-attitude-working-2025-04-04-08-26-42-utc-scaled.jpg\" class=\"attachment-full size-full wp-image-2716\" alt=\"\" srcset=\"https:\/\/espaifamilia.adrirodrigom2.es\/wp-content\/uploads\/2025\/10\/people-with-good-attitude-working-2025-04-04-08-26-42-utc-scaled.jpg 2560w, https:\/\/espaifamilia.adrirodrigom2.es\/wp-content\/uploads\/2025\/10\/people-with-good-attitude-working-2025-04-04-08-26-42-utc-scaled-600x400.jpg 600w, https:\/\/espaifamilia.adrirodrigom2.es\/wp-content\/uploads\/2025\/10\/people-with-good-attitude-working-2025-04-04-08-26-42-utc-300x200.jpg 300w, https:\/\/espaifamilia.adrirodrigom2.es\/wp-content\/uploads\/2025\/10\/people-with-good-attitude-working-2025-04-04-08-26-42-utc-1024x683.jpg 1024w, https:\/\/espaifamilia.adrirodrigom2.es\/wp-content\/uploads\/2025\/10\/people-with-good-attitude-working-2025-04-04-08-26-42-utc-768x512.jpg 768w, https:\/\/espaifamilia.adrirodrigom2.es\/wp-content\/uploads\/2025\/10\/people-with-good-attitude-working-2025-04-04-08-26-42-utc-1536x1024.jpg 1536w, https:\/\/espaifamilia.adrirodrigom2.es\/wp-content\/uploads\/2025\/10\/people-with-good-attitude-working-2025-04-04-08-26-42-utc-2048x1365.jpg 2048w, https:\/\/espaifamilia.adrirodrigom2.es\/wp-content\/uploads\/2025\/10\/people-with-good-attitude-working-2025-04-04-08-26-42-utc-18x12.jpg 18w\" sizes=\"(max-width: 2560px) 100vw, 2560px\" \/><\/figure><div class=\"elementor-image-box-content\"><h2 class=\"elementor-image-box-title\">1 - Anamnesis<\/h2><p class=\"elementor-image-box-description\">Recogida de informaci\u00f3n con sus padres. Una reuni\u00f3n sin el ni\u00f1o delante. <\/p><\/div><\/div>\t\t\t\t<\/div>\n\t\t\t\t<\/div>\n\t\t<div class=\"elementor-element elementor-element-c0738fa e-con-full e-flex e-con e-child\" data-id=\"c0738fa\" data-element_type=\"container\" data-e-type=\"container\">\n\t\t\t\t<div class=\"elementor-element elementor-element-78575e3 elementor-position-top elementor-widget elementor-widget-image-box\" data-id=\"78575e3\" data-element_type=\"widget\" data-e-type=\"widget\" data-widget_type=\"image-box.default\">\n\t\t\t\t\t<div class=\"elementor-image-box-wrapper\"><figure class=\"elementor-image-box-img\"><img decoding=\"async\" width=\"2560\" height=\"1707\" src=\"https:\/\/espaifamilia.adrirodrigom2.es\/wp-content\/uploads\/2025\/10\/smart-happy-girl-sitting-at-the-table-and-studying-2025-01-08-03-39-27-utc-scaled.jpg\" class=\"attachment-full size-full wp-image-2717\" alt=\"\" srcset=\"https:\/\/espaifamilia.adrirodrigom2.es\/wp-content\/uploads\/2025\/10\/smart-happy-girl-sitting-at-the-table-and-studying-2025-01-08-03-39-27-utc-scaled.jpg 2560w, https:\/\/espaifamilia.adrirodrigom2.es\/wp-content\/uploads\/2025\/10\/smart-happy-girl-sitting-at-the-table-and-studying-2025-01-08-03-39-27-utc-scaled-600x400.jpg 600w, https:\/\/espaifamilia.adrirodrigom2.es\/wp-content\/uploads\/2025\/10\/smart-happy-girl-sitting-at-the-table-and-studying-2025-01-08-03-39-27-utc-300x200.jpg 300w, https:\/\/espaifamilia.adrirodrigom2.es\/wp-content\/uploads\/2025\/10\/smart-happy-girl-sitting-at-the-table-and-studying-2025-01-08-03-39-27-utc-1024x683.jpg 1024w, https:\/\/espaifamilia.adrirodrigom2.es\/wp-content\/uploads\/2025\/10\/smart-happy-girl-sitting-at-the-table-and-studying-2025-01-08-03-39-27-utc-768x512.jpg 768w, https:\/\/espaifamilia.adrirodrigom2.es\/wp-content\/uploads\/2025\/10\/smart-happy-girl-sitting-at-the-table-and-studying-2025-01-08-03-39-27-utc-1536x1024.jpg 1536w, https:\/\/espaifamilia.adrirodrigom2.es\/wp-content\/uploads\/2025\/10\/smart-happy-girl-sitting-at-the-table-and-studying-2025-01-08-03-39-27-utc-2048x1365.jpg 2048w, https:\/\/espaifamilia.adrirodrigom2.es\/wp-content\/uploads\/2025\/10\/smart-happy-girl-sitting-at-the-table-and-studying-2025-01-08-03-39-27-utc-18x12.jpg 18w\" sizes=\"(max-width: 2560px) 100vw, 2560px\" \/><\/figure><div class=\"elementor-image-box-content\"><h2 class=\"elementor-image-box-title\">2 - Tests<\/h2><p class=\"elementor-image-box-description\">Alrededor de 4 sesiones de una horita con el ni\u00f1o, a primera hora de la ma\u00f1ana, cuando las personas podemos mostrar nuestro mejor potencial. El n\u00famero de sesiones ser\u00e1 determinado por la hip\u00f3tesis diagn\u00f3stica que debamos comprobar o descartar. <\/p><\/div><\/div>\t\t\t\t<\/div>\n\t\t\t\t<\/div>\n\t\t<div class=\"elementor-element elementor-element-da2b1b4 e-con-full e-flex e-con e-child\" data-id=\"da2b1b4\" data-element_type=\"container\" data-e-type=\"container\">\n\t\t\t\t<div class=\"elementor-element elementor-element-3de3f7d elementor-position-top elementor-widget elementor-widget-image-box\" data-id=\"3de3f7d\" data-element_type=\"widget\" data-e-type=\"widget\" data-widget_type=\"image-box.default\">\n\t\t\t\t\t<div class=\"elementor-image-box-wrapper\"><figure class=\"elementor-image-box-img\"><img decoding=\"async\" width=\"2560\" height=\"1707\" src=\"https:\/\/espaifamilia.adrirodrigom2.es\/wp-content\/uploads\/2025\/10\/answering-questions-2025-04-02-11-45-49-utc-scaled.jpg\" class=\"attachment-full size-full wp-image-2718\" alt=\"\" srcset=\"https:\/\/espaifamilia.adrirodrigom2.es\/wp-content\/uploads\/2025\/10\/answering-questions-2025-04-02-11-45-49-utc-scaled.jpg 2560w, https:\/\/espaifamilia.adrirodrigom2.es\/wp-content\/uploads\/2025\/10\/answering-questions-2025-04-02-11-45-49-utc-scaled-600x400.jpg 600w, https:\/\/espaifamilia.adrirodrigom2.es\/wp-content\/uploads\/2025\/10\/answering-questions-2025-04-02-11-45-49-utc-300x200.jpg 300w, https:\/\/espaifamilia.adrirodrigom2.es\/wp-content\/uploads\/2025\/10\/answering-questions-2025-04-02-11-45-49-utc-1024x683.jpg 1024w, https:\/\/espaifamilia.adrirodrigom2.es\/wp-content\/uploads\/2025\/10\/answering-questions-2025-04-02-11-45-49-utc-768x512.jpg 768w, https:\/\/espaifamilia.adrirodrigom2.es\/wp-content\/uploads\/2025\/10\/answering-questions-2025-04-02-11-45-49-utc-1536x1024.jpg 1536w, https:\/\/espaifamilia.adrirodrigom2.es\/wp-content\/uploads\/2025\/10\/answering-questions-2025-04-02-11-45-49-utc-2048x1365.jpg 2048w, https:\/\/espaifamilia.adrirodrigom2.es\/wp-content\/uploads\/2025\/10\/answering-questions-2025-04-02-11-45-49-utc-18x12.jpg 18w\" sizes=\"(max-width: 2560px) 100vw, 2560px\" \/><\/figure><div class=\"elementor-image-box-content\"><h2 class=\"elementor-image-box-title\">3 - Devoluci\u00f3n<\/h2><p class=\"elementor-image-box-description\">Reuni\u00f3n con los padres, donde se le explica y se da el informe con la detecci\u00f3n o diagn\u00f3stico. <\/p><\/div><\/div>\t\t\t\t<\/div>\n\t\t\t\t<\/div>\n\t\t\t\t<\/div>\n\t\t\t\t<div class=\"elementor-element elementor-element-7e12d82 elementor-widget__width-initial elementor-widget elementor-widget-text-editor\" data-id=\"7e12d82\" data-element_type=\"widget\" data-e-type=\"widget\" data-widget_type=\"text-editor.default\">\n\t\t\t\t\t\t\t\t\t<p>\u00bfQuieres iniciar un proceso de evaluaci\u00f3n?<\/p>\t\t\t\t\t\t\t\t<\/div>\n\t\t\t\t<div class=\"elementor-element elementor-element-b5e860d elementor-align-center elementor-widget elementor-widget-button\" data-id=\"b5e860d\" data-element_type=\"widget\" data-e-type=\"widget\" data-widget_type=\"button.default\">\n\t\t\t\t\t\t\t\t\t\t<a class=\"elementor-button elementor-button-link elementor-size-sm\" href=\"#elementor-action%3Aaction%3Dpopup%3Aopen%26settings%3DeyJpZCI6IjI3MjIiLCJ0b2dnbGUiOmZhbHNlfQ%3D%3D\">\n\t\t\t\t\t\t<span class=\"elementor-button-content-wrapper\">\n\t\t\t\t\t\t\t\t\t<span class=\"elementor-button-text\">PIDE EVALUACI\u00d3N <\/span>\n\t\t\t\t\t<\/span>\n\t\t\t\t\t<\/a>\n\t\t\t\t\t\t\t\t<\/div>\n\t\t\t\t\t<\/div>\n\t\t\t\t<\/div>\n\t\t\t\t<\/div>","protected":false},"excerpt":{"rendered":"<p>Fa temps que sospites que el teu fill o filla podria tenir algun diagn\u00f2stic, ja sigui un retard, o b\u00e9 una dificultat en els aprenentatges, en les relacions socials, o que podria tenir altes capacitats. A d\u2019altres persones, la detecci\u00f3 els arriba per part de l\u2019escola, que han detectat que alguna cosa no funciona com [&hellip;]<\/p>\n","protected":false},"author":4,"featured_media":0,"parent":30,"menu_order":0,"comment_status":"closed","ping_status":"closed","template":"","meta":{"_joinchat":[],"footnotes":""},"class_list":["post-2703","page","type-page","status-publish","hentry"],"_links":{"self":[{"href":"https:\/\/espaifamilia.adrirodrigom2.es\/es\/wp-json\/wp\/v2\/pages\/2703","targetHints":{"allow":["GET"]}}],"collection":[{"href":"https:\/\/espaifamilia.adrirodrigom2.es\/es\/wp-json\/wp\/v2\/pages"}],"about":[{"href":"https:\/\/espaifamilia.adrirodrigom2.es\/es\/wp-json\/wp\/v2\/types\/page"}],"author":[{"embeddable":true,"href":"https:\/\/espaifamilia.adrirodrigom2.es\/es\/wp-json\/wp\/v2\/users\/4"}],"replies":[{"embeddable":true,"href":"https:\/\/espaifamilia.adrirodrigom2.es\/es\/wp-json\/wp\/v2\/comments?post=2703"}],"version-history":[{"count":25,"href":"https:\/\/espaifamilia.adrirodrigom2.es\/es\/wp-json\/wp\/v2\/pages\/2703\/revisions"}],"predecessor-version":[{"id":4947,"href":"https:\/\/espaifamilia.adrirodrigom2.es\/es\/wp-json\/wp\/v2\/pages\/2703\/revisions\/4947"}],"up":[{"embeddable":true,"href":"https:\/\/espaifamilia.adrirodrigom2.es\/es\/wp-json\/wp\/v2\/pages\/30"}],"wp:attachment":[{"href":"https:\/\/espaifamilia.adrirodrigom2.es\/es\/wp-json\/wp\/v2\/media?parent=2703"}],"curies":[{"name":"wp","href":"https:\/\/api.w.org\/{rel}","templated":true}]}}