{"id":1870,"date":"2021-04-10T14:18:26","date_gmt":"2021-04-10T14:18:26","guid":{"rendered":"https:\/\/espaifamilia.com\/?page_id=1870"},"modified":"2026-02-02T06:50:28","modified_gmt":"2026-02-02T06:50:28","slug":"botiga-2","status":"publish","type":"page","link":"https:\/\/espaifamilia.adrirodrigom2.es\/es\/botiga-2","title":{"rendered":"Tienda"},"content":{"rendered":"<div data-elementor-type=\"wp-page\" data-elementor-id=\"1870\" class=\"elementor elementor-1870\" data-elementor-post-type=\"page\">\n\t\t\t\t\t\t<section class=\"elementor-section elementor-top-section elementor-element elementor-element-4f043bb elementor-section-height-min-height elementor-section-boxed elementor-section-height-default elementor-section-items-middle\" data-id=\"4f043bb\" data-element_type=\"section\" data-e-type=\"section\" data-settings=\"{&quot;background_background&quot;:&quot;classic&quot;}\">\n\t\t\t\t\t\t\t<div class=\"elementor-background-overlay\"><\/div>\n\t\t\t\t\t\t\t<div class=\"elementor-container elementor-column-gap-default\">\n\t\t\t\t\t<div class=\"elementor-column elementor-col-100 elementor-top-column elementor-element elementor-element-6fc59c6\" data-id=\"6fc59c6\" data-element_type=\"column\" data-e-type=\"column\">\n\t\t\t<div class=\"elementor-widget-wrap elementor-element-populated\">\n\t\t\t\t\t\t\t<\/div>\n\t\t<\/div>\n\t\t\t\t\t<\/div>\n\t\t<\/section>\n\t\t\t\t<section class=\"elementor-section elementor-top-section elementor-element elementor-element-3f17e26 elementor-section-boxed elementor-section-height-default elementor-section-height-default\" data-id=\"3f17e26\" data-element_type=\"section\" data-e-type=\"section\">\n\t\t\t\t\t\t<div class=\"elementor-container elementor-column-gap-default\">\n\t\t\t\t\t<div class=\"elementor-column elementor-col-33 elementor-top-column elementor-element elementor-element-c478b63\" data-id=\"c478b63\" data-element_type=\"column\" data-e-type=\"column\">\n\t\t\t<div class=\"elementor-widget-wrap\">\n\t\t\t\t\t\t\t<\/div>\n\t\t<\/div>\n\t\t\t\t<div class=\"elementor-column elementor-col-33 elementor-top-column elementor-element elementor-element-0a4ed5e\" data-id=\"0a4ed5e\" data-element_type=\"column\" data-e-type=\"column\">\n\t\t\t<div class=\"elementor-widget-wrap elementor-element-populated\">\n\t\t\t\t\t\t<div class=\"elementor-element elementor-element-dca7b49 elementor-widget elementor-widget-text-editor\" data-id=\"dca7b49\" data-element_type=\"widget\" data-e-type=\"widget\" data-widget_type=\"text-editor.default\">\n\t\t\t\t\t\t\t\t\t<strong><span style=\"color: #CB0775;\">Espacio Familia<\/span><\/strong>, como punto de encuentro y espacio de acompa\u00f1amiento a las familias, quiere promover y facilitar la educaci\u00f3n y el bienestar emocional y familiar. En este sentido, hemos dedicado nuestro esfuerzo y tiempo a seleccionar <a href=\"https:\/\/espaifamilia.adrirodrigom2.es\/es\/botiga\/\"><span style=\"text-decoration: underline;\"><strong><span style=\"color: #CB0775; text-decoration: underline;\">juguetes, cuentos y libros<\/span><\/strong><\/span><\/a>, as\u00ed como los diferentes <span style=\"color: #CB0775;\">materiales terap\u00e9uticos<\/span>, para dar respuesta a las distintas necesidades familiares e infantiles. Con esta tiendecita<strong> no<\/strong> pretendemos vender juguetes, libros o materiales \u201cmainstream\u201d, hechos de pl\u00e1sticos con muchos colores, muchas lucecitas y muchos ruidos, sino una cuidada selecci\u00f3n de productos que ayuden al desarrollo infantil sano ya la labor de educaci\u00f3n familiar. Los<b><u><i> <\/i>PRINCIPIOS<i> <\/i><\/u><\/b>seg\u00fan los que hemos hecho la elecci\u00f3n responden a:\n<ul>\n \t<li><strong>Juegos, juguetes y libros <span style=\"color: #CB0775;\">educativos<\/span>:\u00a0<\/strong>que aporten valor, fomenten el aprendizaje y la creatividad, la comunicaci\u00f3n, la simbolizaci\u00f3n, el razonamiento\u2026 \u00a1El juego es el medio de desarrollo del ni\u00f1o, y los juguetes deben potenciarlo!<\/li>\n \t<li><b>Materiales <span style=\"color: #CB0775;\">sostenibles<\/span>:<\/b> siempre que sea posible, procuramos que los materiales sean reciclables, o que los pl\u00e1sticos que utilicen no sean PVC ni ftalatos, y que minimicen al m\u00e1ximo la huella medioambiental. Pinturas y materiales que no sean t\u00f3xicos y aptos para cualquier ni\u00f1o.<\/li>\n \t<li><b>De <span style=\"color: #CB0775;\">proximidad<\/span>,<\/b> siempre que sea posible, confiando en los productos locales, o lo m\u00e1s cercanos posible.<\/li>\n \t<li><b>Que promuevan <span style=\"color: #CB0775;\">valores<\/span>:<\/b> cooperaci\u00f3n, coeducaci\u00f3n, creatividad, curiosidad, autoestima, respeto, diversidad, responsabilidad, ecolog\u00eda, sostenibilidad y cuidado del medio ambiente, etc.<\/li>\n \t<li><b>Que incentiven el desarrollo <span style=\"color: #CB0775;\">de habilidades<\/span><\/b> <span style=\"color: #CB0775;\"><strong>cognitivosociales<\/strong><\/span>: gesti\u00f3n emocional, habilidades sociales, autocontrol, autonom\u00eda, asertividad, escucha activa, inteligencia emocional, inteligencias m\u00faltiples, creatividad, funciones ejecutivas, lenguaje, asertividad, espera, turnos, gesti\u00f3n de conflictos\u2026<\/li>\n \t<li><b><span style=\"color: #CB0775;\">Terap\u00e9uticos<\/span>:<\/b> que respondan a las necesidades de los ni\u00f1os con TEA, TDAH, Dislexia, Discalculia, Disgraf\u00eda, TANV, TDL, Epilepsia\u2026 En este caso, encontraremos materiales, juguetes y libros que trabajan:<\/li>\n<\/ul>\n<ol>\n \t<li>Lenguaje y Comunicaci\u00f3n<\/li>\n \t<li>STEM<\/li>\n \t<li>Razonamiento Matem\u00e1tico<\/li>\n \t<li>Inteligencia Musical<\/li>\n \t<li>Inteligencia Naturalista<\/li>\n \t<li>Inteligencia Emocional<\/li>\n \t<li>Relajaci\u00f3n, Meditaci\u00f3n y Mindfulness<\/li>\n \t<li>Motricidad Fina<\/li>\n \t<li>Juego Simb\u00f3lico<\/li>\n \t<li>\u00a0Funciones Ejecutivas<\/li>\n<\/ol>\n<ul>\n \t<li><span style=\"color: #CB0775;\"><b>Material Sensorial<\/b><\/span> (Vista, O\u00efde, Tacto, Olfato, Propiocepci\u00f3n): algunos ni\u00f1os se sienten mejor cuando llevan un chaleco de presi\u00f3n, duermen con mantas de peso, tienen peque\u00f1os \u00edtems para canalizar la necesidad de movimiento o llevan cascos que eliminan el ruido \u201cnoise cancelling\u201d en lugares ruidosos, estimulan el estimulante. la aromaterapia, o necesitan estimular el tacto con distintos materiales. Si tu hijo es hipo- (no reacciona a los est\u00edmulos sensoriales) o hiper- (sobrereacciona a los est\u00edmulos sensoriales normales: le molestan las costuras, los ruidos o luces fuertes, se estresa cuando hay mucha gente\u2026) sensorial, estos materiales pueden ayudarle.<\/li>\n<\/ul>\t\t\t\t\t\t\t\t<\/div>\n\t\t\t\t<div class=\"elementor-element elementor-element-932738a elementor-align-justify elementor-widget elementor-widget-button\" data-id=\"932738a\" data-element_type=\"widget\" data-e-type=\"widget\" data-widget_type=\"button.default\">\n\t\t\t\t\t\t\t\t\t\t<a class=\"elementor-button elementor-button-link elementor-size-sm\" href=\"https:\/\/espaifamilia.adrirodrigom2.es\/es\/botiga\">\n\t\t\t\t\t\t<span class=\"elementor-button-content-wrapper\">\n\t\t\t\t\t\t\t\t\t<span class=\"elementor-button-text\">Accede a la TIENDA<\/span>\n\t\t\t\t\t<\/span>\n\t\t\t\t\t<\/a>\n\t\t\t\t\t\t\t\t<\/div>\n\t\t\t\t<div class=\"elementor-element elementor-element-3be223c elementor-widget elementor-widget-text-editor\" data-id=\"3be223c\" data-element_type=\"widget\" data-e-type=\"widget\" data-widget_type=\"text-editor.default\">\n\t\t\t\t\t\t\t\t\t<p><br \/>Nuestra tiendecita est\u00e1 en <b>calle Vallcorba, 71 de Sant Quirze<\/b>. No es un espacio muy grande, pero mediante este link podr\u00e1 reservar aquellos productos que desea pedir y no est\u00e1n disponibles. Nos pondremos en contacto con usted y los podr\u00e1 pasar a recoger por la tienda en cuanto nos lleguen. No hacemos env\u00edos.<\/p>\t\t\t\t\t\t\t\t<\/div>\n\t\t\t\t\t<\/div>\n\t\t<\/div>\n\t\t\t\t<div class=\"elementor-column elementor-col-33 elementor-top-column elementor-element elementor-element-58b680a\" data-id=\"58b680a\" data-element_type=\"column\" data-e-type=\"column\">\n\t\t\t<div class=\"elementor-widget-wrap\">\n\t\t\t\t\t\t\t<\/div>\n\t\t<\/div>\n\t\t\t\t\t<\/div>\n\t\t<\/section>\n\t\t\t\t<\/div>","protected":false},"excerpt":{"rendered":"<p>Espai Fam\u00edlia, com a punt d&#8217;encontre i espai d&#8217;acompanyament a les fam\u00edlies, vol promoure i facilitar l&#8217;educaci\u00f3 i el benestar emocional i familiar. En aquest sentit, hem dedicat el nostre esfor\u00e7 i temps a seleccionar joguines, contes i llibres, aix\u00ed com els diferents materials terap\u00e8utics, per a donar resposta a les diferents necessitats familiars i [&hellip;]<\/p>\n","protected":false},"author":2,"featured_media":0,"parent":0,"menu_order":0,"comment_status":"closed","ping_status":"closed","template":"elementor_header_footer","meta":{"_joinchat":[],"footnotes":""},"class_list":["post-1870","page","type-page","status-publish","hentry"],"_links":{"self":[{"href":"https:\/\/espaifamilia.adrirodrigom2.es\/es\/wp-json\/wp\/v2\/pages\/1870","targetHints":{"allow":["GET"]}}],"collection":[{"href":"https:\/\/espaifamilia.adrirodrigom2.es\/es\/wp-json\/wp\/v2\/pages"}],"about":[{"href":"https:\/\/espaifamilia.adrirodrigom2.es\/es\/wp-json\/wp\/v2\/types\/page"}],"author":[{"embeddable":true,"href":"https:\/\/espaifamilia.adrirodrigom2.es\/es\/wp-json\/wp\/v2\/users\/2"}],"replies":[{"embeddable":true,"href":"https:\/\/espaifamilia.adrirodrigom2.es\/es\/wp-json\/wp\/v2\/comments?post=1870"}],"version-history":[{"count":92,"href":"https:\/\/espaifamilia.adrirodrigom2.es\/es\/wp-json\/wp\/v2\/pages\/1870\/revisions"}],"predecessor-version":[{"id":5123,"href":"https:\/\/espaifamilia.adrirodrigom2.es\/es\/wp-json\/wp\/v2\/pages\/1870\/revisions\/5123"}],"wp:attachment":[{"href":"https:\/\/espaifamilia.adrirodrigom2.es\/es\/wp-json\/wp\/v2\/media?parent=1870"}],"curies":[{"name":"wp","href":"https:\/\/api.w.org\/{rel}","templated":true}]}}