{"id":127,"date":"2020-09-06T18:18:53","date_gmt":"2020-09-06T18:18:53","guid":{"rendered":"https:\/\/espaifamilia.com\/?page_id=127"},"modified":"2026-02-02T06:46:33","modified_gmt":"2026-02-02T06:46:33","slug":"acompanyament-a-professionals","status":"publish","type":"page","link":"https:\/\/espaifamilia.adrirodrigom2.es\/es\/que-oferim\/acompanyament-a-professionals","title":{"rendered":"Acompa\u00f1amiento a profesionales"},"content":{"rendered":"<div data-elementor-type=\"wp-page\" data-elementor-id=\"127\" class=\"elementor elementor-127\" data-elementor-post-type=\"page\">\n\t\t\t\t\t\t<section class=\"elementor-section elementor-top-section elementor-element elementor-element-c81e08c elementor-section-height-min-height elementor-section-boxed elementor-section-height-default elementor-section-items-middle\" data-id=\"c81e08c\" data-element_type=\"section\" data-e-type=\"section\" data-settings=\"{&quot;background_background&quot;:&quot;classic&quot;}\">\n\t\t\t\t\t\t\t<div class=\"elementor-background-overlay\"><\/div>\n\t\t\t\t\t\t\t<div class=\"elementor-container elementor-column-gap-default\">\n\t\t\t\t\t<div class=\"elementor-column elementor-col-100 elementor-top-column elementor-element elementor-element-922f12b\" data-id=\"922f12b\" data-element_type=\"column\" data-e-type=\"column\">\n\t\t\t<div class=\"elementor-widget-wrap elementor-element-populated\">\n\t\t\t\t\t\t\t<\/div>\n\t\t<\/div>\n\t\t\t\t\t<\/div>\n\t\t<\/section>\n\t\t\t\t<section class=\"elementor-section elementor-top-section elementor-element elementor-element-0895aeb elementor-section-boxed elementor-section-height-default elementor-section-height-default\" data-id=\"0895aeb\" data-element_type=\"section\" data-e-type=\"section\">\n\t\t\t\t\t\t<div class=\"elementor-container elementor-column-gap-default\">\n\t\t\t\t\t<div class=\"elementor-column elementor-col-33 elementor-top-column elementor-element elementor-element-cd93855 elementor-hidden-phone\" data-id=\"cd93855\" data-element_type=\"column\" data-e-type=\"column\">\n\t\t\t<div class=\"elementor-widget-wrap\">\n\t\t\t\t\t\t\t<\/div>\n\t\t<\/div>\n\t\t\t\t<div class=\"elementor-column elementor-col-33 elementor-top-column elementor-element elementor-element-29ee2c7\" data-id=\"29ee2c7\" data-element_type=\"column\" data-e-type=\"column\">\n\t\t\t<div class=\"elementor-widget-wrap elementor-element-populated\">\n\t\t\t\t\t\t<div class=\"elementor-element elementor-element-eb5d4b4 elementor-widget elementor-widget-heading\" data-id=\"eb5d4b4\" data-element_type=\"widget\" data-e-type=\"widget\" data-widget_type=\"heading.default\">\n\t\t\t\t\t<h2 class=\"elementor-heading-title elementor-size-default\">Curso de formaci\u00f3n para canguros (15 h)<\/h2>\t\t\t\t<\/div>\n\t\t\t\t<div class=\"elementor-element elementor-element-5412bd6 elementor-widget elementor-widget-text-editor\" data-id=\"5412bd6\" data-element_type=\"widget\" data-e-type=\"widget\" data-widget_type=\"text-editor.default\">\n\t\t\t\t\t\t\t\t\t<p><span style=\"color: #333333;\">Para personas (a partir de 14 a\u00f1os) con vocaci\u00f3n de cuidado y educaci\u00f3n de ni\u00f1os, y con disponibilidad horaria y transporte. \u00bfTienes una canguro que quisieras que estuviera m\u00e1s formada? \u00bfQuieres regalar este curso a tu hija? Est\u00e1s formado en educaci\u00f3n infantil pero \u00bfquieres especializarte?. No s\u00f3lo aprender\u00e1s sobre el desarrollo psicol\u00f3gico infantil, sobre gesti\u00f3n emocional, sobre habilidades sociales, sobre educaci\u00f3n y modelado en positivo, o sobre los valores familiares, sino tambi\u00e9n sobre presentaci\u00f3n personal y sobre la relaci\u00f3n familia-canguro. Competencias vitales que te llevar\u00e1s en tu mochila por el resto de tu vida.<\/span><\/p>\t\t\t\t\t\t\t\t<\/div>\n\t\t\t\t<div class=\"elementor-element elementor-element-c0f86fe elementor-widget elementor-widget-heading\" data-id=\"c0f86fe\" data-element_type=\"widget\" data-e-type=\"widget\" data-widget_type=\"heading.default\">\n\t\t\t\t\t<h2 class=\"elementor-heading-title elementor-size-default\">Curso de Experto en reeducaciones (60 horas)<\/h2>\t\t\t\t<\/div>\n\t\t\t\t<div class=\"elementor-element elementor-element-08760ea elementor-widget elementor-widget-text-editor\" data-id=\"08760ea\" data-element_type=\"widget\" data-e-type=\"widget\" data-widget_type=\"text-editor.default\">\n\t\t\t\t\t\t\t\t\t<p><span style=\"color: #333333;\">Para psic\u00f3logos o psicopedagogos, con disponibilidad horaria por las tardes. \u00bfLa carrera se te ha quedado corta o poco pr\u00e1ctica? \u00bfQuieres empezar a trabajar y necesitas herramientas pr\u00e1cticas para el d\u00eda a d\u00eda? \u00bfNecesitas profundizar sobre los trastornos del neurodesarrollo y del aprendizaje? \u00c9ste es tu curso. De la mano de profesionales con m\u00e1s de 15 a\u00f1os de experiencia formando a reeducadores y psic\u00f3logos.\u00a0<\/span><\/p>\t\t\t\t\t\t\t\t<\/div>\n\t\t\t\t<div class=\"elementor-element elementor-element-a519c54 elementor-widget elementor-widget-heading\" data-id=\"a519c54\" data-element_type=\"widget\" data-e-type=\"widget\" data-widget_type=\"heading.default\">\n\t\t\t\t\t<h2 class=\"elementor-heading-title elementor-size-default\">Curso de profesionalizaci\u00f3n de los profesores de refuerzo (40h)<\/h2>\t\t\t\t<\/div>\n\t\t\t\t<div class=\"elementor-element elementor-element-093453f elementor-widget elementor-widget-text-editor\" data-id=\"093453f\" data-element_type=\"widget\" data-e-type=\"widget\" data-widget_type=\"text-editor.default\">\n\t\t\t\t\t\t\t\t\t<span style=\"color: #333333;\">Para aquellos educadores que, aunque tengan herramientas y conocimiento did\u00e1ctico, quieran aprender nuevas herramientas, din\u00e1micas y tener conocimiento de c\u00f3mo dar respuesta a las necesidades educativas de ni\u00f1os con trastornos de aprendizaje o del neurodesarrollo. Se abordan tem\u00e1ticas como: puntos fuertes y d\u00e9biles de los ni\u00f1os con TDAH, TANV, TEA, TA (Trastornos de aprendizaje como la dislexia, discalcul\u00eda, disgraf\u00eda\u2026), DI, TC, S. Tourette, epilepsia o Altas Capacidades; metodolog\u00eda y din\u00e1micas que van bien a cada uno, herramientas del profesor a domicilio, y material pr\u00e1ctico. Se otorga un diploma de aprovechamiento. <\/span>\t\t\t\t\t\t\t\t<\/div>\n\t\t\t\t<div class=\"elementor-element elementor-element-e054a42 elementor-widget elementor-widget-heading\" data-id=\"e054a42\" data-element_type=\"widget\" data-e-type=\"widget\" data-widget_type=\"heading.default\">\n\t\t\t\t\t<h2 class=\"elementor-heading-title elementor-size-default\">Taller de adaptaci\u00f3n del contexto y din\u00e1micas escolares a ni\u00f1os con TEA<\/h2>\t\t\t\t<\/div>\n\t\t\t\t<div class=\"elementor-element elementor-element-cbfec54 elementor-widget elementor-widget-text-editor\" data-id=\"cbfec54\" data-element_type=\"widget\" data-e-type=\"widget\" data-widget_type=\"text-editor.default\">\n\t\t\t\t\t\t\t\t\t<span style=\"color: #333333;\">Analizamos cada centro educativo y asesoramos sobre las mejoras que se podr\u00edan realizar para dar respuesta a las necesidades educativas de este colectivo: aula multisensorial, rotulaci\u00f3n, aula de la calma, espacio de acogida, espacio de trabajo aut\u00f3nomo (TEACCH) en las aulas, historias y guiones sociales, SuperFlex, soportes visuales y anticipaciones, claras, paneles de comunicaci\u00f3n, tutor\u00eda entre iguales, Apoyo Conducutal Positivo. Ayudamos a implementar nuevas SIEIs, o analizar los puntos fuertes y d\u00e9biles de las SIEIs que ya est\u00e1n en marcha. <\/span>\t\t\t\t\t\t\t\t<\/div>\n\t\t\t\t<div class=\"elementor-element elementor-element-631ef9f elementor-widget elementor-widget-heading\" data-id=\"631ef9f\" data-element_type=\"widget\" data-e-type=\"widget\" data-widget_type=\"heading.default\">\n\t\t\t\t\t<h2 class=\"elementor-heading-title elementor-size-default\">Cursos y charlas de formaci\u00f3n para docentes<\/h2>\t\t\t\t<\/div>\n\t\t\t\t<div class=\"elementor-element elementor-element-b388267 elementor-widget elementor-widget-text-editor\" data-id=\"b388267\" data-element_type=\"widget\" data-e-type=\"widget\" data-widget_type=\"text-editor.default\">\n\t\t\t\t\t\t\t\t\t<p style=\"color: #000000; font-family: 'YACkoD1yZN0 0', _fb_, auto; --font-size: 26.6666px; --line-height: 1.4; line-height: 37px;\">Educaci\u00f3n Primaria (6-12 a\u00f1os)<\/p><ul><li><span style=\"color: #000000;\">Ni\u00f1os Altamente Sensibles en el aula<\/span><\/li><li><span style=\"color: #000000;\">Trastornos del Aprendizaje (Dislexia, Disortograf\u00eda, Discalculia, TANV): detecci\u00f3n e intervenci\u00f3n<\/span><\/li><li><span style=\"color: #000000;\">Dificultades invisibles: los trastornos del desarrollo del lenguaje<\/span><\/li><li><span style=\"color: #000000;\">Mirada posibilitadora hacia la atenci\u00f3n a la diversidad<\/span><\/li><li><span style=\"color: #000000;\">Gesti\u00f3n emocional en el aula: herramientas y recursos<\/span><\/li><li><span style=\"color: #000000;\">Prevenimos conflictos y mejoramos convivencia<\/span><\/li><li><span style=\"color: #000000;\">\u00a1El apasionante mundo de los TEA! \u00bfPor qu\u00e9 hacen lo que hacen? \u00bfC\u00f3mo les ayudamos?\u00a0<\/span><\/li><li><span style=\"color: #000000;\">Apoyo Conductual Positivo en la escuela<\/span><\/li><li><span style=\"color: #000000;\">Taller pr\u00e1ctico para atender las necesidades educativas de ni\u00f1os y ni\u00f1as con Altas Capacidades. Si se sienten vistos y entendidos, tendremos l\u00edderes positivos en el aula. Plante\u00e9monos: si son un 10% de la poblaci\u00f3n, \u00bflos tenemos identificados en las escuelas?<\/span><\/li><li><span style=\"color: #000000;\">Relaci\u00f3n familia-escuela: \u00a1si vamos a la una avanzamos m\u00e1s r\u00e1pido!<\/span><\/li><\/ul><div><span style=\"color: #000000;\">\u00a0<\/span><\/div><p style=\"color: #000000; font-family: 'YACkoD1yZN0 0', _fb_, auto; --font-size: 26.6667px; --line-height: 1.4; line-height: 37px;\">Educaci\u00f3n Secundaria (12-16 a\u00f1os)<\/p><ul><li><span style=\"color: #000000;\">Adolescencia y Neuroeducaci\u00f3n: comprender el cerebro para dar respuesta a las necesidades del adolescente<\/span><\/li><li><span style=\"color: #000000;\">Adolescentes Altamente Sensibles en el aula<\/span><\/li><li><span style=\"color: #000000;\">Trastornos del Aprendizaje: intervenci\u00f3n y detecci\u00f3n tard\u00eda<\/span><\/li><li><span style=\"color: #000000;\">Mirada posibilitadora hacia la atenci\u00f3n a la diversidad<\/span><\/li><li><span style=\"color: #000000;\">Gesti\u00f3n emocional en el aula<\/span><\/li><li><span style=\"color: #000000;\">Prevenimos conflictos y mejoramos convivencia<\/span><\/li><li><span style=\"color: #000000;\">El apasionante mundo de los TEA: \u00bfPor qu\u00e9 hacen lo que hacen? \u00bfC\u00f3mo les ayudamos?<\/span><\/li><li><span style=\"color: #000000;\">Apoyo Conductual Positivo en la escuela<\/span><\/li><li><span style=\"color: #000000;\">Taller pr\u00e1ctico para atender a las necesidades educativas de adolescentes con Altas Capacidades. Si se sienten vistos y entendidos, tendremos l\u00edderes positivos en el aula. Plante\u00e9monos: si son un 10% de la poblaci\u00f3n, \u00bflos tenemos identificados en los institutos?<\/span><\/li><li><span style=\"color: #000000;\">Relaci\u00f3n familia-escuela: \u00a1si vamos a la una avanzamos m\u00e1s r\u00e1pido!<\/span><\/li><\/ul>\t\t\t\t\t\t\t\t<\/div>\n\t\t<div class=\"elementor-element elementor-element-904cf6f e-con-full e-flex e-con e-child\" data-id=\"904cf6f\" data-element_type=\"container\" data-e-type=\"container\">\n\t\t\t\t<div class=\"elementor-element elementor-element-9b859e9 elementor-widget elementor-widget-button\" data-id=\"9b859e9\" data-element_type=\"widget\" data-e-type=\"widget\" data-widget_type=\"button.default\">\n\t\t\t\t\t\t\t\t\t\t<a class=\"elementor-button elementor-button-link elementor-size-sm\" href=\"https:\/\/espaifamilia.adrirodrigom2.es\/es\/contacta\/\">\n\t\t\t\t\t\t<span class=\"elementor-button-content-wrapper\">\n\t\t\t\t\t\t\t\t\t<span class=\"elementor-button-text\">Solicita informaci\u00f3n<\/span>\n\t\t\t\t\t<\/span>\n\t\t\t\t\t<\/a>\n\t\t\t\t\t\t\t\t<\/div>\n\t\t\t\t<\/div>\n\t\t\t\t\t<\/div>\n\t\t<\/div>\n\t\t\t\t<div class=\"elementor-column elementor-col-33 elementor-top-column elementor-element elementor-element-341c0b0\" data-id=\"341c0b0\" data-element_type=\"column\" data-e-type=\"column\">\n\t\t\t<div class=\"elementor-widget-wrap\">\n\t\t\t\t\t\t\t<\/div>\n\t\t<\/div>\n\t\t\t\t\t<\/div>\n\t\t<\/section>\n\t\t\t\t<\/div>","protected":false},"excerpt":{"rendered":"<p>Curs de formaci\u00f3 per a cangurs (15 h) Per a persones (a partir de 14 anys) amb vocaci\u00f3 de cura i educaci\u00f3 d\u2019infants, i amb disponibilitat hor\u00e0ria i de transport. Tens una cangur que voldries que estigu\u00e9s m\u00e9s formada? Vols regalar aquest curs a la teva filla? Est\u00e0s format en educaci\u00f3 infantil per\u00f2 vols especialitzar-te?. [&hellip;]<\/p>\n","protected":false},"author":1,"featured_media":0,"parent":30,"menu_order":2,"comment_status":"closed","ping_status":"closed","template":"elementor_header_footer","meta":{"_joinchat":[],"footnotes":""},"class_list":["post-127","page","type-page","status-publish","hentry"],"_links":{"self":[{"href":"https:\/\/espaifamilia.adrirodrigom2.es\/es\/wp-json\/wp\/v2\/pages\/127","targetHints":{"allow":["GET"]}}],"collection":[{"href":"https:\/\/espaifamilia.adrirodrigom2.es\/es\/wp-json\/wp\/v2\/pages"}],"about":[{"href":"https:\/\/espaifamilia.adrirodrigom2.es\/es\/wp-json\/wp\/v2\/types\/page"}],"author":[{"embeddable":true,"href":"https:\/\/espaifamilia.adrirodrigom2.es\/es\/wp-json\/wp\/v2\/users\/1"}],"replies":[{"embeddable":true,"href":"https:\/\/espaifamilia.adrirodrigom2.es\/es\/wp-json\/wp\/v2\/comments?post=127"}],"version-history":[{"count":88,"href":"https:\/\/espaifamilia.adrirodrigom2.es\/es\/wp-json\/wp\/v2\/pages\/127\/revisions"}],"predecessor-version":[{"id":4944,"href":"https:\/\/espaifamilia.adrirodrigom2.es\/es\/wp-json\/wp\/v2\/pages\/127\/revisions\/4944"}],"up":[{"embeddable":true,"href":"https:\/\/espaifamilia.adrirodrigom2.es\/es\/wp-json\/wp\/v2\/pages\/30"}],"wp:attachment":[{"href":"https:\/\/espaifamilia.adrirodrigom2.es\/es\/wp-json\/wp\/v2\/media?parent=127"}],"curies":[{"name":"wp","href":"https:\/\/api.w.org\/{rel}","templated":true}]}}