{"id":1260,"date":"2021-02-12T10:31:04","date_gmt":"2021-02-12T10:31:04","guid":{"rendered":"https:\/\/espaifamilia.com\/?page_id=1260"},"modified":"2026-02-02T06:48:21","modified_gmt":"2026-02-02T06:48:21","slug":"altes-capacitats","status":"publish","type":"page","link":"https:\/\/espaifamilia.adrirodrigom2.es\/es\/que-oferim\/altes-capacitats","title":{"rendered":"Altas capacidades"},"content":{"rendered":"<div data-elementor-type=\"wp-page\" data-elementor-id=\"1260\" class=\"elementor elementor-1260\" data-elementor-post-type=\"page\">\n\t\t\t\t\t\t<section class=\"elementor-section elementor-top-section elementor-element elementor-element-cf30f07 elementor-section-height-min-height elementor-section-boxed elementor-section-height-default elementor-section-items-middle\" data-id=\"cf30f07\" data-element_type=\"section\" data-e-type=\"section\">\n\t\t\t\t\t\t\t<div class=\"elementor-background-overlay\"><\/div>\n\t\t\t\t\t\t\t<div class=\"elementor-container elementor-column-gap-default\">\n\t\t\t\t\t<div class=\"elementor-column elementor-col-100 elementor-top-column elementor-element elementor-element-fd3fa3a\" data-id=\"fd3fa3a\" data-element_type=\"column\" data-e-type=\"column\">\n\t\t\t<div class=\"elementor-widget-wrap elementor-element-populated\">\n\t\t\t\t\t\t\t<\/div>\n\t\t<\/div>\n\t\t\t\t\t<\/div>\n\t\t<\/section>\n\t\t\t\t<section class=\"elementor-section elementor-top-section elementor-element elementor-element-37053f9 elementor-section-boxed elementor-section-height-default elementor-section-height-default\" data-id=\"37053f9\" data-element_type=\"section\" data-e-type=\"section\">\n\t\t\t\t\t\t<div class=\"elementor-container elementor-column-gap-default\">\n\t\t\t\t\t<div class=\"elementor-column elementor-col-33 elementor-top-column elementor-element elementor-element-bdd04ea elementor-hidden-phone\" data-id=\"bdd04ea\" data-element_type=\"column\" data-e-type=\"column\">\n\t\t\t<div class=\"elementor-widget-wrap\">\n\t\t\t\t\t\t\t<\/div>\n\t\t<\/div>\n\t\t\t\t<div class=\"elementor-column elementor-col-33 elementor-top-column elementor-element elementor-element-36642e6\" data-id=\"36642e6\" data-element_type=\"column\" data-e-type=\"column\">\n\t\t\t<div class=\"elementor-widget-wrap elementor-element-populated\">\n\t\t\t\t\t\t<div class=\"elementor-element elementor-element-179deee elementor-widget elementor-widget-heading\" data-id=\"179deee\" data-element_type=\"widget\" data-e-type=\"widget\" data-widget_type=\"heading.default\">\n\t\t\t\t\t<h5 class=\"elementor-heading-title elementor-size-default\">Altas capacidades<\/h5>\t\t\t\t<\/div>\n\t\t\t\t<div class=\"elementor-element elementor-element-771bb96 elementor-widget elementor-widget-text-editor\" data-id=\"771bb96\" data-element_type=\"widget\" data-e-type=\"widget\" data-widget_type=\"text-editor.default\">\n\t\t\t\t\t\t\t\t\t<p><span style=\"color: #333333;\">Unidad de acompa\u00f1amiento a ni\u00f1os con <\/span><span style=\"color: #808080;\"><span style=\"color: #333333;\"><span style=\"color: #cb0775;\">Altas Capacidades<\/span><\/span><\/span><span style=\"color: #333333;\"> y sus familias. Desde trabajos individuales con el ni\u00f1o individualmente (metacognici\u00f3n, gesti\u00f3n emocional y psicoeducaci\u00f3n, herramientas para tener \u00e9xito en la escuela, h\u00e1bitos y t\u00e9cnicas de estudio, autocontrol y reeducaci\u00f3n de actitudes y h\u00e1bitos t\u00f3xicos, orientaci\u00f3n acad\u00e9mica y personal\u2026) como en grupo (habilidades sociales, trabajo sobre intereses comunes, creatividad, t\u00e9cnicas de estudio\u2026). En todos los casos, se realizar\u00e1 un seguimiento con la escuela.<\/span><\/p>\t\t\t\t\t\t\t\t<\/div>\n\t\t\t\t<div class=\"elementor-element elementor-element-8ca14ce elementor-widget elementor-widget-heading\" data-id=\"8ca14ce\" data-element_type=\"widget\" data-e-type=\"widget\" data-widget_type=\"heading.default\">\n\t\t\t\t\t<h5 class=\"elementor-heading-title elementor-size-default\">Programa de autoconocimiento y enriquecimiento por ni\u00f1os con Altas Capacidades diagnosticadas o ni\u00f1os altamente motivados por el aprendizaje<\/h5>\t\t\t\t<\/div>\n\t\t\t\t<div class=\"elementor-element elementor-element-0cb2d57 elementor-widget elementor-widget-text-editor\" data-id=\"0cb2d57\" data-element_type=\"widget\" data-e-type=\"widget\" data-widget_type=\"text-editor.default\">\n\t\t\t\t\t\t\t\t\t<span style=\"color: #333333;\">Se ofrecen 3 grupos: de 6\u00ba de primaria, 1\u00ba de la ESO y 2\u00ba de la ESO. En estas edades es cuando todos los ni\u00f1os y ni\u00f1as realizan un cambio importante, y en el caso de los ni\u00f1os con AC este cambio puede ser la base hacia una desorganizaci\u00f3n y malestar personales que puede hacer sentir muy perdidos a ellos ya sus familias. La gran cantidad de opciones de aprendizajes, la necesidad de aprender con profundidad aprendizajes que no est\u00e1n en el curr\u00edculum escolar, o que est\u00e1n ah\u00ed pero de manera demasiado te\u00f3rica, el no saber gestionar las emociones, el tiempo o la impulsividad, la necesidad de pertenencia al grupo de iguales a la vez que se sienten diferentes, la necesidad de ser vistos y valorados. expertos en Altas Capacidades, con materiales y tecnolog\u00eda de ultima generaci\u00f3n, no escatimamos en recursos para dar una respuesta real y duradera, que les permita encarar las pr\u00f3ximas etapas de su vida con seguridad y confianza. <\/span>\t\t\t\t\t\t\t\t<\/div>\n\t\t<div class=\"elementor-element elementor-element-8c744ef e-con-full e-flex e-con e-child\" data-id=\"8c744ef\" data-element_type=\"container\" data-e-type=\"container\">\n\t\t\t\t<div class=\"elementor-element elementor-element-8d84dbc elementor-widget elementor-widget-button\" data-id=\"8d84dbc\" data-element_type=\"widget\" data-e-type=\"widget\" data-widget_type=\"button.default\">\n\t\t\t\t\t\t\t\t\t\t<a class=\"elementor-button elementor-button-link elementor-size-sm\" href=\"https:\/\/espaifamilia.adrirodrigom2.es\/es\/contacta\/\">\n\t\t\t\t\t\t<span class=\"elementor-button-content-wrapper\">\n\t\t\t\t\t\t\t\t\t<span class=\"elementor-button-text\">Solicita informaci\u00f3n<\/span>\n\t\t\t\t\t<\/span>\n\t\t\t\t\t<\/a>\n\t\t\t\t\t\t\t\t<\/div>\n\t\t\t\t<\/div>\n\t\t\t\t\t<\/div>\n\t\t<\/div>\n\t\t\t\t<div class=\"elementor-column elementor-col-33 elementor-top-column elementor-element elementor-element-d78cce9\" data-id=\"d78cce9\" data-element_type=\"column\" data-e-type=\"column\">\n\t\t\t<div class=\"elementor-widget-wrap\">\n\t\t\t\t\t\t\t<\/div>\n\t\t<\/div>\n\t\t\t\t\t<\/div>\n\t\t<\/section>\n\t\t\t\t<\/div>","protected":false},"excerpt":{"rendered":"<p>Altes capacitats Unitat d\u2019acompanyament a nens amb Altes Capacitats i les seves fam\u00edlies. Des de treballs individuals amb el nen individualment (metacognici\u00f3, gesti\u00f3 emocional i psicoeducaci\u00f3, eines per a tenir \u00e8xit a l\u2019escola, h\u00e0bits i t\u00e8cniques d\u2019estudi, autocontrol i reeducaci\u00f3 d\u2019actituds i h\u00e0bits t\u00f2xics, orientaci\u00f3 acad\u00e8mica i personal&#8230;) com en grup (habilitats socials, treball sobre [&hellip;]<\/p>\n","protected":false},"author":2,"featured_media":0,"parent":30,"menu_order":0,"comment_status":"closed","ping_status":"closed","template":"elementor_header_footer","meta":{"_joinchat":[],"footnotes":""},"class_list":["post-1260","page","type-page","status-publish","hentry"],"_links":{"self":[{"href":"https:\/\/espaifamilia.adrirodrigom2.es\/es\/wp-json\/wp\/v2\/pages\/1260","targetHints":{"allow":["GET"]}}],"collection":[{"href":"https:\/\/espaifamilia.adrirodrigom2.es\/es\/wp-json\/wp\/v2\/pages"}],"about":[{"href":"https:\/\/espaifamilia.adrirodrigom2.es\/es\/wp-json\/wp\/v2\/types\/page"}],"author":[{"embeddable":true,"href":"https:\/\/espaifamilia.adrirodrigom2.es\/es\/wp-json\/wp\/v2\/users\/2"}],"replies":[{"embeddable":true,"href":"https:\/\/espaifamilia.adrirodrigom2.es\/es\/wp-json\/wp\/v2\/comments?post=1260"}],"version-history":[{"count":61,"href":"https:\/\/espaifamilia.adrirodrigom2.es\/es\/wp-json\/wp\/v2\/pages\/1260\/revisions"}],"predecessor-version":[{"id":4950,"href":"https:\/\/espaifamilia.adrirodrigom2.es\/es\/wp-json\/wp\/v2\/pages\/1260\/revisions\/4950"}],"up":[{"embeddable":true,"href":"https:\/\/espaifamilia.adrirodrigom2.es\/es\/wp-json\/wp\/v2\/pages\/30"}],"wp:attachment":[{"href":"https:\/\/espaifamilia.adrirodrigom2.es\/es\/wp-json\/wp\/v2\/media?parent=1260"}],"curies":[{"name":"wp","href":"https:\/\/api.w.org\/{rel}","templated":true}]}}